{"id":4251,"date":"2024-08-12T03:02:38","date_gmt":"2024-08-12T06:02:38","guid":{"rendered":"https:\/\/araisa.ca\/apprendre\/webinaires\/serie-de-webinaires-analyse-comparative-entre-les-sexes-plus\/"},"modified":"2024-10-16T19:53:57","modified_gmt":"2024-10-16T22:53:57","slug":"serie-de-webinaires-analyse-comparative-entre-les-sexes-plus","status":"publish","type":"page","link":"https:\/\/araisa.ca\/fr\/formations\/webinaires\/serie-de-webinaires-analyse-comparative-entre-les-sexes-plus\/","title":{"rendered":"S\u00e9rie de webinaires \u00ab\u00a0Analyse comparative entre les sexes Plus"},"content":{"rendered":"\n<div class=\"wp-block-group has-global-padding is-layout-constrained wp-block-group-is-layout-constrained\">\n<div style=\"height:30px\" aria-hidden=\"true\" class=\"wp-block-spacer\"><\/div>\n\n\n\n<figure class=\"wp-block-image alignwide size-large\"><img loading=\"lazy\" decoding=\"async\" width=\"1024\" height=\"540\" src=\"https:\/\/araisa.ca\/wp-content\/uploads\/2024\/08\/gba_webinar_144-1024x540.png\" alt=\"\" class=\"wp-image-2496\" srcset=\"https:\/\/araisa.ca\/wp-content\/uploads\/2024\/08\/gba_webinar_144-1024x540.png 1024w, https:\/\/araisa.ca\/wp-content\/uploads\/2024\/08\/gba_webinar_144-300x158.png 300w, https:\/\/araisa.ca\/wp-content\/uploads\/2024\/08\/gba_webinar_144-768x405.png 768w, https:\/\/araisa.ca\/wp-content\/uploads\/2024\/08\/gba_webinar_144-1536x810.png 1536w, https:\/\/araisa.ca\/wp-content\/uploads\/2024\/08\/gba_webinar_144-2048x1079.png 2048w\" sizes=\"auto, (max-width: 1024px) 100vw, 1024px\" \/><\/figure>\n\n\n\n<div class=\"wp-block-columns alignwide is-layout-flex wp-container-core-columns-is-layout-28f84493 wp-block-columns-is-layout-flex\">\n<div class=\"wp-block-column is-layout-flow wp-block-column-is-layout-flow\" style=\"flex-basis:66.66%\">\n<h4 class=\"wp-block-heading has-medium-font-size\"><strong>29 novembre 2023<\/strong><\/h4>\n\n\n\n<h3 class=\"wp-block-heading\" style=\"margin-top:9px\">Int\u00e9grer l&rsquo;analyse comparative entre les sexes (ACS) Plus dans votre organisation<\/h3>\n\n\n\n<p>Ce webinaire pr\u00e9sente une vue d&rsquo;ensemble de l&rsquo;ACS Plus et discute bri\u00e8vement du projet de renforcement des capacit\u00e9s de l&rsquo;ACS Plus du secteur de l&rsquo;\u00e9tablissement national. La session montre comment l&rsquo;ACS Plus peut \u00eatre int\u00e9gr\u00e9e de mani\u00e8re significative dans les politiques et les pratiques des organisations afin de s&rsquo;assurer que les services et les programmes qu&rsquo;elles fournissent aux nouveaux arrivants sont \u00e9quitables et inclusifs. En plus de fournir des connaissances de base sur l&rsquo;ACS Plus, ce webinaire fournit des conseils sur l&rsquo;\u00e9laboration d&rsquo;une politique d&rsquo;IDE organisationnelle.  <\/p>\n\n\n\n<iframe loading=\"lazy\" width=\"560\" height=\"315\" src=\"https:\/\/www.youtube.com\/embed\/f0TFsuZK14M?si=AFU7uFH2aOAKar-U\" title=\"Lecteur vid\u00e9o YouTube\" frameborder=\"0\" allow=\"accelerometer; autoplay; clipboard-write; encrypted-media; gyroscope; picture-in-picture; web-share\" allowfullscreen=\"\"><\/iframe>\n\n\n\n<h4 class=\"wp-block-heading has-medium-font-size\"><strong>12 d\u00e9cembre 2023<\/strong><\/h4>\n\n\n\n<h3 class=\"wp-block-heading\" style=\"margin-top:9px\">Int\u00e9grer l&rsquo;analyse comparative entre les sexes Plus dans vos demandes de financement<\/h3>\n\n\n\n<p>S&rsquo;appuyant sur le premier webinaire, cette session explore l&rsquo;importance d&rsquo;utiliser une lentille ACS Plus au cours du processus de soumission des propositions de financement. Elle vous permet de r\u00e9fl\u00e9chir \u00e0 la mani\u00e8re dont vous pourriez int\u00e9grer une optique intersectionnelle dans vos propositions pour l&rsquo;appel \u00e0 propositions 2024 d&rsquo;Immigration, R\u00e9fugi\u00e9s et Citoyennet\u00e9 Canada afin de vous assurer que les divers besoins des clients sont pleinement pris en compte. <\/p>\n\n\n\n<iframe loading=\"lazy\" width=\"560\" height=\"315\" src=\"https:\/\/www.youtube.com\/embed\/AQBzzlXuq4s?si=Fiezdet4pu1iwuvD\" title=\"Lecteur vid\u00e9o YouTube\" frameborder=\"0\" allow=\"accelerometer; autoplay; clipboard-write; encrypted-media; gyroscope; picture-in-picture; web-share\" allowfullscreen=\"\"><\/iframe>\n\n\n\n<div style=\"height:30px\" aria-hidden=\"true\" class=\"wp-block-spacer\"><\/div>\n\n\n\n<div style=\"height:15px\" aria-hidden=\"true\" class=\"wp-block-spacer\"><\/div>\n\n\n\n<hr class=\"wp-block-separator has-alpha-channel-opacity\"\/>\n\n\n\n<div class=\"wp-block-media-text is-stacked-on-mobile\" style=\"grid-template-columns:15% auto\"><figure class=\"wp-block-media-text__media\"><img loading=\"lazy\" decoding=\"async\" width=\"600\" height=\"600\" src=\"https:\/\/araisa.ca\/wp-content\/uploads\/2024\/09\/redden_temp.jpg\" alt=\"\" class=\"wp-image-3816 size-full\" srcset=\"https:\/\/araisa.ca\/wp-content\/uploads\/2024\/09\/redden_temp.jpg 600w, https:\/\/araisa.ca\/wp-content\/uploads\/2024\/09\/redden_temp-300x300.jpg 300w, https:\/\/araisa.ca\/wp-content\/uploads\/2024\/09\/redden_temp-150x150.jpg 150w\" sizes=\"auto, (max-width: 600px) 100vw, 600px\" \/><\/figure><div class=\"wp-block-media-text__content\">\n<h3 class=\"wp-block-heading\">\u00c0 propos du pr\u00e9sentateur<\/h3>\n\n\n\n<h2 class=\"wp-block-heading has-tc-red-color has-text-color has-link-color has-large-font-size wp-elements-a5c8f1fadc1f1663a4ff91bac01981a6\" style=\"margin-top:27px;margin-bottom:4px\">Stephanie Redden<\/h2>\n\n\n\n<p class=\"has-tc-blue-color has-text-color has-link-color wp-elements-7ba93532123f246b4cac792b23857398\" style=\"margin-top:0px;font-size:18px\">Stephanie Redden a obtenu un doctorat en sciences politiques, avec une sp\u00e9cialisation en \u00e9conomie politique, \u00e0 l&rsquo;universit\u00e9 de Carleton. Elle a ensuite travaill\u00e9 pour le gouvernement f\u00e9d\u00e9ral canadien, se sp\u00e9cialisant dans l&rsquo;ACS Plus. Stephanie a b\u00e9n\u00e9fici\u00e9 d&rsquo;une bourse postdoctorale 2019 &#8211; 2020 sur la traite des \u00eatres humains et l&rsquo;esclavage moderne au Gilder Lehrman Center for the Study of Slavery, Resistance, and Abolition de l&rsquo;universit\u00e9 de Yale. Ses travaux ont \u00e9t\u00e9 publi\u00e9s dans plusieurs ouvrages et dans l&rsquo;International Feminist Journal of Politics and Globalizations. Stephanie est actuellement chef de projet \u00e0 l&rsquo;Atlantic Region Association of Immigrant Serving Agencies (ARAISA) pour le projet Enhancing National GBA Plus Capacity.    <\/p>\n<\/div><\/div>\n\n\n\n<div style=\"height:60px\" aria-hidden=\"true\" class=\"wp-block-spacer\"><\/div>\n<\/div>\n\n\n\n<div class=\"wp-block-column is-layout-flow wp-block-column-is-layout-flow\" style=\"flex-basis:33.33%\"><\/div>\n<\/div>\n<\/div>\n","protected":false},"excerpt":{"rendered":"Une vue d'ensemble de l'ACS Plus et du secteur national de l'\u00e9tablissement Projet d'am\u00e9lioration des capacit\u00e9s de l'ACS Plus.","protected":false},"author":3,"featured_media":2495,"parent":610,"menu_order":0,"comment_status":"closed","ping_status":"closed","template":"","meta":{"_acf_changed":false,"_EventAllDay":false,"_EventTimezone":"","_EventStartDate":"","_EventEndDate":"","_EventStartDateUTC":"","_EventEndDateUTC":"","_EventShowMap":false,"_EventShowMapLink":false,"_EventURL":"","_EventCost":"","_EventCostDescription":"","_EventCurrencySymbol":"","_EventCurrencyCode":"","_EventCurrencyPosition":"","_EventDateTimeSeparator":"","_EventTimeRangeSeparator":"","_EventOrganizerID":[],"_EventVenueID":[],"_OrganizerEmail":"","_OrganizerPhone":"","_OrganizerWebsite":"","_VenueAddress":"","_VenueCity":"","_VenueCountry":"","_VenueProvince":"","_VenueState":"","_VenueZip":"","_VenuePhone":"","_VenueURL":"","_VenueStateProvince":"","_VenueLat":"","_VenueLng":"","_VenueShowMap":false,"_VenueShowMapLink":false,"footnotes":""},"class_list":["post-4251","page","type-page","status-publish","has-post-thumbnail","hentry"],"acf":[],"_links":{"self":[{"href":"https:\/\/araisa.ca\/fr\/wp-json\/wp\/v2\/pages\/4251","targetHints":{"allow":["GET"]}}],"collection":[{"href":"https:\/\/araisa.ca\/fr\/wp-json\/wp\/v2\/pages"}],"about":[{"href":"https:\/\/araisa.ca\/fr\/wp-json\/wp\/v2\/types\/page"}],"author":[{"embeddable":true,"href":"https:\/\/araisa.ca\/fr\/wp-json\/wp\/v2\/users\/3"}],"replies":[{"embeddable":true,"href":"https:\/\/araisa.ca\/fr\/wp-json\/wp\/v2\/comments?post=4251"}],"version-history":[{"count":0,"href":"https:\/\/araisa.ca\/fr\/wp-json\/wp\/v2\/pages\/4251\/revisions"}],"up":[{"embeddable":true,"href":"https:\/\/araisa.ca\/fr\/wp-json\/wp\/v2\/pages\/610"}],"wp:featuredmedia":[{"embeddable":true,"href":"https:\/\/araisa.ca\/fr\/wp-json\/wp\/v2\/media\/2495"}],"wp:attachment":[{"href":"https:\/\/araisa.ca\/fr\/wp-json\/wp\/v2\/media?parent=4251"}],"curies":[{"name":"wp","href":"https:\/\/api.w.org\/{rel}","templated":true}]}}