{"id":4253,"date":"2024-04-17T03:50:40","date_gmt":"2024-04-17T06:50:40","guid":{"rendered":"https:\/\/araisa.ca\/apprendre\/webinaires\/la-sante-mentale-sur-le-lieu-de-travail\/"},"modified":"2024-10-16T19:54:24","modified_gmt":"2024-10-16T22:54:24","slug":"la-sante-mentale-sur-le-lieu-de-travail","status":"publish","type":"page","link":"https:\/\/araisa.ca\/fr\/formations\/webinaires\/la-sante-mentale-sur-le-lieu-de-travail\/","title":{"rendered":"La sant\u00e9 mentale sur le lieu de travail"},"content":{"rendered":"\n<div class=\"wp-block-group has-global-padding is-layout-constrained wp-block-group-is-layout-constrained\">\n<div style=\"height:29px\" aria-hidden=\"true\" class=\"wp-block-spacer\"><\/div>\n\n\n\n<figure class=\"wp-block-image alignwide size-large\"><img loading=\"lazy\" decoding=\"async\" width=\"1024\" height=\"540\" src=\"https:\/\/araisa.ca\/wp-content\/uploads\/2024\/05\/araisa_mental_health_144-1024x540.png\" alt=\"\" class=\"wp-image-2299\" srcset=\"https:\/\/araisa.ca\/wp-content\/uploads\/2024\/05\/araisa_mental_health_144-1024x540.png 1024w, https:\/\/araisa.ca\/wp-content\/uploads\/2024\/05\/araisa_mental_health_144-300x158.png 300w, https:\/\/araisa.ca\/wp-content\/uploads\/2024\/05\/araisa_mental_health_144-768x405.png 768w, https:\/\/araisa.ca\/wp-content\/uploads\/2024\/05\/araisa_mental_health_144-1536x810.png 1536w, https:\/\/araisa.ca\/wp-content\/uploads\/2024\/05\/araisa_mental_health_144-2048x1079.png 2048w\" sizes=\"auto, (max-width: 1024px) 100vw, 1024px\" \/><\/figure>\n\n\n\n<div class=\"wp-block-columns alignwide is-layout-flex wp-container-core-columns-is-layout-28f84493 wp-block-columns-is-layout-flex\">\n<div class=\"wp-block-column is-layout-flow wp-block-column-is-layout-flow\" style=\"flex-basis:66.66%\">\n<h4 class=\"wp-block-heading alignwide has-medium-font-size\"><strong>18 f\u00e9vrier 2020<\/strong><\/h4>\n\n\n\n<h3 class=\"wp-block-heading alignwide\" style=\"margin-top:9px\">1. Le traumatisme vicariant et son impact<\/h3>\n\n\n\n<p>Cette session aide les participants \u00e0 reconna\u00eetre les indicateurs de stress li\u00e9s au travail avec les survivants de traumatismes tout en soulignant la diff\u00e9rence entre le burnout, l&rsquo;usure de la compassion et le traumatisme vicariant.<\/p>\n\n\n\n<figure class=\"wp-block-embed is-type-video is-provider-youtube wp-block-embed-youtube wp-embed-aspect-4-3 wp-has-aspect-ratio\"><div class=\"wp-block-embed__wrapper\">\n<iframe loading=\"lazy\" title=\"Vicarious Trauma and its Impact | Mental Health Webinar | Part 1\" width=\"500\" height=\"375\" src=\"https:\/\/www.youtube.com\/embed\/gsmYB8I9XI8?feature=oembed\" frameborder=\"0\" allow=\"accelerometer; autoplay; clipboard-write; encrypted-media; gyroscope; picture-in-picture; web-share\" referrerpolicy=\"strict-origin-when-cross-origin\" allowfullscreen><\/iframe>\n<\/div><\/figure>\n\n\n\n<h4 class=\"wp-block-heading alignwide has-medium-font-size\"><strong>25 f\u00e9vrier 2020<\/strong><\/h4>\n\n\n\n<h3 class=\"wp-block-heading wp-embed-aspect-4-3 wp-has-aspect-ratio\" style=\"margin-top:9px\">2. Politiques de soins du personnel<\/h3>\n\n\n\n<p class=\"wp-embed-aspect-4-3 wp-has-aspect-ratio\">Dans ce webinaire, le pr\u00e9sentateur propose des strat\u00e9gies efficaces sur le lieu de travail et encourage les pratiques d&rsquo;auto-soins pour r\u00e9duire les facteurs de stress li\u00e9s au travail avec les survivants de traumatismes tout en renfor\u00e7ant la r\u00e9silience du personnel et de l&rsquo;organisation.<\/p>\n\n\n\n<figure class=\"wp-block-embed is-type-video is-provider-youtube wp-block-embed-youtube wp-embed-aspect-4-3 wp-has-aspect-ratio\"><div class=\"wp-block-embed__wrapper\">\n<iframe loading=\"lazy\" title=\"Staff Care Policies | Mental Health Webinar | PART 2\" width=\"500\" height=\"375\" src=\"https:\/\/www.youtube.com\/embed\/m4vRhr6QiEE?feature=oembed\" frameborder=\"0\" allow=\"accelerometer; autoplay; clipboard-write; encrypted-media; gyroscope; picture-in-picture; web-share\" referrerpolicy=\"strict-origin-when-cross-origin\" allowfullscreen><\/iframe>\n<\/div><\/figure>\n\n\n\n<div style=\"height:30px\" aria-hidden=\"true\" class=\"wp-block-spacer\"><\/div>\n\n\n\n<div style=\"height:15px\" aria-hidden=\"true\" class=\"wp-block-spacer\"><\/div>\n\n\n\n<hr class=\"wp-block-separator has-alpha-channel-opacity\"\/>\n\n\n\n<div class=\"wp-block-media-text is-stacked-on-mobile\" style=\"grid-template-columns:15% auto\"><figure class=\"wp-block-media-text__media\"><img loading=\"lazy\" decoding=\"async\" width=\"600\" height=\"600\" src=\"https:\/\/araisa.ca\/wp-content\/uploads\/2024\/09\/vince.jpg\" alt=\"\" class=\"wp-image-3824 size-full\" srcset=\"https:\/\/araisa.ca\/wp-content\/uploads\/2024\/09\/vince.jpg 600w, https:\/\/araisa.ca\/wp-content\/uploads\/2024\/09\/vince-300x300.jpg 300w, https:\/\/araisa.ca\/wp-content\/uploads\/2024\/09\/vince-150x150.jpg 150w\" sizes=\"auto, (max-width: 600px) 100vw, 600px\" \/><\/figure><div class=\"wp-block-media-text__content\">\n<h3 class=\"wp-block-heading\">\u00c0 propos du pr\u00e9sentateur<\/h3>\n\n\n\n<h2 class=\"wp-block-heading has-tc-red-color has-text-color has-link-color has-large-font-size wp-elements-ecb96fc7b3b7b0df2f93a3e83901d45e\" style=\"margin-top:27px;margin-bottom:4px\">Vince Pietropaolo, M.A., COSTI<\/h2>\n\n\n\n<p class=\"has-tc-blue-color has-text-color has-link-color wp-elements-5f7e2d57fe70ad65442d97cb8c8434d3\" style=\"margin-top:0px;font-size:18px\">Vince Pietropaolo est le directeur g\u00e9n\u00e9ral de COSTI Family and Mental Health Services. Il travaille avec les communaut\u00e9s ethnoculturelles \u00e0 la conception, au d\u00e9veloppement et \u00e0 la mise en \u0153uvre de programmes dans les domaines de la sant\u00e9 mentale, de la violence domestique et du jeu compulsif. Vince est un expert en la mati\u00e8re pour le projet de sant\u00e9 mentale des immigrants et des r\u00e9fugi\u00e9s. R\u00e9cemment, Vince a con\u00e7u et mis en \u0153uvre le programme de sant\u00e9 mentale des r\u00e9fugi\u00e9s \u00e0 COSTI.   <\/p>\n<\/div><\/div>\n\n\n\n<div style=\"height:100px\" aria-hidden=\"true\" class=\"wp-block-spacer\"><\/div>\n<\/div>\n\n\n\n<div class=\"wp-block-column is-layout-flow wp-block-column-is-layout-flow\" style=\"flex-basis:33.33%\"><\/div>\n<\/div>\n<\/div>\n","protected":false},"excerpt":{"rendered":"Apprenez \u00e0 g\u00e9rer les traumatismes indirects et \u00e0 prendre soin de vous sur votre lieu de travail.","protected":false},"author":3,"featured_media":2297,"parent":610,"menu_order":0,"comment_status":"closed","ping_status":"closed","template":"","meta":{"_acf_changed":false,"_EventAllDay":false,"_EventTimezone":"","_EventStartDate":"","_EventEndDate":"","_EventStartDateUTC":"","_EventEndDateUTC":"","_EventShowMap":false,"_EventShowMapLink":false,"_EventURL":"","_EventCost":"","_EventCostDescription":"","_EventCurrencySymbol":"","_EventCurrencyCode":"","_EventCurrencyPosition":"","_EventDateTimeSeparator":"","_EventTimeRangeSeparator":"","_EventOrganizerID":[],"_EventVenueID":[],"_OrganizerEmail":"","_OrganizerPhone":"","_OrganizerWebsite":"","_VenueAddress":"","_VenueCity":"","_VenueCountry":"","_VenueProvince":"","_VenueState":"","_VenueZip":"","_VenuePhone":"","_VenueURL":"","_VenueStateProvince":"","_VenueLat":"","_VenueLng":"","_VenueShowMap":false,"_VenueShowMapLink":false,"footnotes":""},"class_list":["post-4253","page","type-page","status-publish","has-post-thumbnail","hentry"],"acf":[],"_links":{"self":[{"href":"https:\/\/araisa.ca\/fr\/wp-json\/wp\/v2\/pages\/4253","targetHints":{"allow":["GET"]}}],"collection":[{"href":"https:\/\/araisa.ca\/fr\/wp-json\/wp\/v2\/pages"}],"about":[{"href":"https:\/\/araisa.ca\/fr\/wp-json\/wp\/v2\/types\/page"}],"author":[{"embeddable":true,"href":"https:\/\/araisa.ca\/fr\/wp-json\/wp\/v2\/users\/3"}],"replies":[{"embeddable":true,"href":"https:\/\/araisa.ca\/fr\/wp-json\/wp\/v2\/comments?post=4253"}],"version-history":[{"count":0,"href":"https:\/\/araisa.ca\/fr\/wp-json\/wp\/v2\/pages\/4253\/revisions"}],"up":[{"embeddable":true,"href":"https:\/\/araisa.ca\/fr\/wp-json\/wp\/v2\/pages\/610"}],"wp:featuredmedia":[{"embeddable":true,"href":"https:\/\/araisa.ca\/fr\/wp-json\/wp\/v2\/media\/2297"}],"wp:attachment":[{"href":"https:\/\/araisa.ca\/fr\/wp-json\/wp\/v2\/media?parent=4253"}],"curies":[{"name":"wp","href":"https:\/\/api.w.org\/{rel}","templated":true}]}}