{"id":4255,"date":"2024-08-12T02:29:31","date_gmt":"2024-08-12T05:29:31","guid":{"rendered":"https:\/\/araisa.ca\/apprendre\/webinaires\/integration-de-la-perte-de-vision-boite-a-outils-pour-les-enseignants\/"},"modified":"2025-03-12T16:59:41","modified_gmt":"2025-03-12T19:59:41","slug":"integration-de-la-perte-de-vision-boite-a-outils-pour-les-enseignants","status":"publish","type":"page","link":"https:\/\/araisa.ca\/fr\/formations\/webinaires\/integration-de-la-perte-de-vision-boite-a-outils-pour-les-enseignants\/","title":{"rendered":"Int\u00e9gration de la perte de vision &#8211; Bo\u00eete \u00e0 outils pour les enseignants"},"content":{"rendered":"\n<div class=\"wp-block-group alignwide has-global-padding is-layout-constrained wp-block-group-is-layout-constrained\">\n<p class=\"has-text-align-center\">Au cours de ce webinaire, Jessica Leslie, chef d&rsquo;\u00e9quipe et coordinatrice du soutien \u00e0 l&rsquo;accessibilit\u00e9 \u00e0 l&rsquo;ISANS, a pr\u00e9sent\u00e9 la nouvelle bo\u00eete \u00e0 outils pour les enseignants sur l&rsquo;int\u00e9gration de la d\u00e9ficience visuelle, financ\u00e9e par IRCC. Cette bo\u00eete \u00e0 outils offre des informations pr\u00e9cieuses pour r\u00e9duire les obstacles auxquels se heurtent les nouveaux arrivants malvoyants afin qu&rsquo;ils puissent mieux participer \u00e0 l&rsquo;apprentissage des langues aux c\u00f4t\u00e9s de leurs pairs. <\/p>\n\n\n\n<figure class=\"wp-block-image alignwide size-full\"><img loading=\"lazy\" decoding=\"async\" width=\"2560\" height=\"1349\" src=\"https:\/\/araisa.ca\/wp-content\/uploads\/2024\/09\/sightloss_integration_144-1.png\" alt=\"\" class=\"wp-image-4082\" srcset=\"https:\/\/araisa.ca\/wp-content\/uploads\/2024\/09\/sightloss_integration_144-1.png 2560w, https:\/\/araisa.ca\/wp-content\/uploads\/2024\/09\/sightloss_integration_144-1-300x158.png 300w, https:\/\/araisa.ca\/wp-content\/uploads\/2024\/09\/sightloss_integration_144-1-1024x540.png 1024w, https:\/\/araisa.ca\/wp-content\/uploads\/2024\/09\/sightloss_integration_144-1-768x405.png 768w, https:\/\/araisa.ca\/wp-content\/uploads\/2024\/09\/sightloss_integration_144-1-1536x810.png 1536w, https:\/\/araisa.ca\/wp-content\/uploads\/2024\/09\/sightloss_integration_144-1-2048x1079.png 2048w\" sizes=\"auto, (max-width: 2560px) 100vw, 2560px\" \/><\/figure>\n\n\n\n<div class=\"wp-block-columns alignwide is-layout-flex wp-container-core-columns-is-layout-28f84493 wp-block-columns-is-layout-flex\">\n<div class=\"wp-block-column is-layout-flow wp-block-column-is-layout-flow\" style=\"flex-basis:66.66%\">\n<p>Regardez l&rsquo;enregistrement pour en savoir plus et consultez d&rsquo;autres ressources ci-dessous.<\/p>\n\n\n\n<h4 class=\"wp-block-heading has-medium-font-size\"><strong>26 juin 2024<\/strong><\/h4>\n\n\n\n<iframe loading=\"lazy\" width=\"560\" height=\"315\" src=\"https:\/\/www.youtube.com\/embed\/wpgQY4F06oQ?si=bgarX1kbPg6fYMjM\" title=\"Lecteur vid\u00e9o YouTube\" frameborder=\"0\" allow=\"accelerometer; autoplay; clipboard-write; encrypted-media; gyroscope; picture-in-picture; web-share\" referrerpolicy=\"strict-origin-when-cross-origin\" allowfullscreen=\"\"><\/iframe>\n\n\n\n<div style=\"height:40px\" aria-hidden=\"true\" class=\"wp-block-spacer\"><\/div>\n\n\n\n<h2 class=\"wp-block-heading\">Ressources compl\u00e9mentaires  <\/h2>\n\n\n\n<ul class=\"wp-block-list\">\n<li><a href=\"https:\/\/araisa.ca\/wp-content\/uploads\/2025\/03\/Sight-Loss-Toolkit-Webinar-Presentation.pdf\" target=\"_blank\" rel=\"noreferrer noopener\">Pr\u00e9sentation du webinaire sur la perte de vision<\/a>\n<ul class=\"wp-block-list\">\n<li><a href=\"https:\/\/araisa.ca\/wp-content\/uploads\/2025\/03\/Integrated-Sight-Loss-ISL-Teacher-Toolkit.pdf\" target=\"_blank\" rel=\"noreferrer noopener\">Bo\u00eete \u00e0 outils de l&rsquo;enseignant sur la perte de vision int\u00e9gr\u00e9e<\/a><\/li>\n<\/ul>\n<\/li>\n\n\n\n<li>Vid\u00e9os mentionn\u00e9es dans la pr\u00e9sentation :\n<ul class=\"wp-block-list\">\n<li>Comment fonctionnent les lecteurs d&rsquo;\u00e9cran ? <a href=\"https:\/\/www.youtube.com\/watch?v=AOkkLzNgXhU&amp;t=2s\" target=\"_blank\" rel=\"noreferrer noopener\">Tous les certificats RTB Flexible : 15 <\/a>(youtube.com)<\/li>\n\n\n\n<li><a href=\"https:\/\/www.youtube.com\/watch?v=tTg8QT4NjvA&amp;t=157s\" target=\"_blank\" rel=\"noreferrer noopener\">Comment les aveugles utilisent la technologie (Mes produits Apple &#8211; Une introduction \u00e0 la voix off) <\/a>(youtube.com)<\/li>\n\n\n\n<li><a href=\"https:\/\/www.youtube.com\/watch?v=9Yk-jryD2Rk\" target=\"_blank\" rel=\"noreferrer noopener\">\u00c9tape 1 : Pr\u00e9sentation du guide des voyants &#8211; VLRC<\/a> (youtube.com)<\/li>\n\n\n\n<li><a href=\"https:\/\/www.youtube.com\/watch?v=_Jt_ng8RJys\" target=\"_blank\" rel=\"noreferrer noopener\">D\u00e9monstration de PenFriend en classe<\/a> (youtube.com)<\/li>\n<\/ul>\n<\/li>\n<\/ul>\n\n\n\n<div style=\"height:100px\" aria-hidden=\"true\" class=\"wp-block-spacer\"><\/div>\n<\/div>\n\n\n\n<div class=\"wp-block-column is-layout-flow wp-block-column-is-layout-flow\" style=\"flex-basis:33.33%\"><\/div>\n<\/div>\n<\/div>\n\n<p><\/p>\n","protected":false},"excerpt":{"rendered":"D\u00e9couvrez la bo\u00eete \u00e0 outils de l'enseignant sur l'int\u00e9gration de la perte de vision qui aide les nouveaux arrivants malvoyants\u2026","protected":false},"author":3,"featured_media":4080,"parent":610,"menu_order":0,"comment_status":"closed","ping_status":"closed","template":"","meta":{"_acf_changed":false,"_EventAllDay":false,"_EventTimezone":"","_EventStartDate":"","_EventEndDate":"","_EventStartDateUTC":"","_EventEndDateUTC":"","_EventShowMap":false,"_EventShowMapLink":false,"_EventURL":"","_EventCost":"","_EventCostDescription":"","_EventCurrencySymbol":"","_EventCurrencyCode":"","_EventCurrencyPosition":"","_EventDateTimeSeparator":"","_EventTimeRangeSeparator":"","_EventOrganizerID":[],"_EventVenueID":[],"_OrganizerEmail":"","_OrganizerPhone":"","_OrganizerWebsite":"","_VenueAddress":"","_VenueCity":"","_VenueCountry":"","_VenueProvince":"","_VenueState":"","_VenueZip":"","_VenuePhone":"","_VenueURL":"","_VenueStateProvince":"","_VenueLat":"","_VenueLng":"","_VenueShowMap":false,"_VenueShowMapLink":false,"footnotes":""},"class_list":["post-4255","page","type-page","status-publish","has-post-thumbnail","hentry"],"acf":[],"_links":{"self":[{"href":"https:\/\/araisa.ca\/fr\/wp-json\/wp\/v2\/pages\/4255","targetHints":{"allow":["GET"]}}],"collection":[{"href":"https:\/\/araisa.ca\/fr\/wp-json\/wp\/v2\/pages"}],"about":[{"href":"https:\/\/araisa.ca\/fr\/wp-json\/wp\/v2\/types\/page"}],"author":[{"embeddable":true,"href":"https:\/\/araisa.ca\/fr\/wp-json\/wp\/v2\/users\/3"}],"replies":[{"embeddable":true,"href":"https:\/\/araisa.ca\/fr\/wp-json\/wp\/v2\/comments?post=4255"}],"version-history":[{"count":0,"href":"https:\/\/araisa.ca\/fr\/wp-json\/wp\/v2\/pages\/4255\/revisions"}],"up":[{"embeddable":true,"href":"https:\/\/araisa.ca\/fr\/wp-json\/wp\/v2\/pages\/610"}],"wp:featuredmedia":[{"embeddable":true,"href":"https:\/\/araisa.ca\/fr\/wp-json\/wp\/v2\/media\/4080"}],"wp:attachment":[{"href":"https:\/\/araisa.ca\/fr\/wp-json\/wp\/v2\/media?parent=4255"}],"curies":[{"name":"wp","href":"https:\/\/api.w.org\/{rel}","templated":true}]}}