{"id":4256,"date":"2024-08-12T03:12:06","date_gmt":"2024-08-12T06:12:06","guid":{"rendered":"https:\/\/araisa.ca\/apprendre\/webinaires\/weso-outils-devaluation-de-la-fourniture-de-services-en-ligne-et-hybrides\/"},"modified":"2024-10-16T19:55:25","modified_gmt":"2024-10-16T22:55:25","slug":"weso-outils-devaluation-de-la-fourniture-de-services-en-ligne-et-hybrides","status":"publish","type":"page","link":"https:\/\/araisa.ca\/fr\/formations\/webinaires\/weso-outils-devaluation-de-la-fourniture-de-services-en-ligne-et-hybrides\/","title":{"rendered":"WESO : Outils d&rsquo;\u00e9valuation de la fourniture de services en ligne et hybrides"},"content":{"rendered":"\n<div class=\"wp-block-group has-global-padding is-layout-constrained wp-block-group-is-layout-constrained\">\n<div style=\"height:30px\" aria-hidden=\"true\" class=\"wp-block-spacer\"><\/div>\n\n\n\n<figure class=\"wp-block-image alignwide size-large\"><img loading=\"lazy\" decoding=\"async\" width=\"1024\" height=\"540\" src=\"https:\/\/araisa.ca\/wp-content\/uploads\/2024\/08\/weso_144-1024x540.png\" alt=\"\" class=\"wp-image-2503\" srcset=\"https:\/\/araisa.ca\/wp-content\/uploads\/2024\/08\/weso_144-1024x540.png 1024w, https:\/\/araisa.ca\/wp-content\/uploads\/2024\/08\/weso_144-300x158.png 300w, https:\/\/araisa.ca\/wp-content\/uploads\/2024\/08\/weso_144-768x405.png 768w, https:\/\/araisa.ca\/wp-content\/uploads\/2024\/08\/weso_144-1536x810.png 1536w, https:\/\/araisa.ca\/wp-content\/uploads\/2024\/08\/weso_144-2048x1079.png 2048w\" sizes=\"auto, (max-width: 1024px) 100vw, 1024px\" \/><\/figure>\n\n\n\n<div class=\"wp-block-columns alignwide is-layout-flex wp-container-core-columns-is-layout-28f84493 wp-block-columns-is-layout-flex\">\n<div class=\"wp-block-column is-layout-flow wp-block-column-is-layout-flow\" style=\"flex-basis:66.66%\">\n<h4 class=\"wp-block-heading has-medium-font-size\"><strong>28 septembre 2023<\/strong><\/h4>\n\n\n\n<p style=\"margin-top:9px\">Ce webinaire est une pr\u00e9sentation de la bo\u00eete \u00e0 outils Wired : Evaluating Settlement Online (WESO) Toolkit. Il se concentre sur les domaines cl\u00e9s des services d&rsquo;\u00e9tablissement, tels que le renforcement des capacit\u00e9s, l&rsquo;\u00e9valuation de la qualit\u00e9, l&rsquo;analyse des donn\u00e9es et l&rsquo;allocation des ressources. <\/p>\n\n\n\n<iframe loading=\"lazy\" width=\"560\" height=\"315\" src=\"https:\/\/www.youtube.com\/embed\/zV4jJFxlosk?si=3DE0WqIeT2DCI4XA\" title=\"Lecteur vid\u00e9o YouTube\" frameborder=\"0\" allow=\"accelerometer; autoplay; clipboard-write; encrypted-media; gyroscope; picture-in-picture; web-share\" allowfullscreen=\"\"><\/iframe>\n\n\n\n<div style=\"height:30px\" aria-hidden=\"true\" class=\"wp-block-spacer\"><\/div>\n<\/div>\n\n\n\n<div class=\"wp-block-column is-layout-flow wp-block-column-is-layout-flow\" style=\"flex-basis:33.33%\"><\/div>\n<\/div>\n<\/div>\n","protected":false},"excerpt":{"rendered":"Une pr\u00e9sentation de la bo\u00eete \u00e0 outils Wired : Evaluating Settlement Online (WESO) Toolkit - ax\u00e9e sur les domaines cl\u00e9s\u2026","protected":false},"author":3,"featured_media":2506,"parent":610,"menu_order":0,"comment_status":"closed","ping_status":"closed","template":"","meta":{"_acf_changed":false,"_EventAllDay":false,"_EventTimezone":"","_EventStartDate":"","_EventEndDate":"","_EventStartDateUTC":"","_EventEndDateUTC":"","_EventShowMap":false,"_EventShowMapLink":false,"_EventURL":"","_EventCost":"","_EventCostDescription":"","_EventCurrencySymbol":"","_EventCurrencyCode":"","_EventCurrencyPosition":"","_EventDateTimeSeparator":"","_EventTimeRangeSeparator":"","_EventOrganizerID":[],"_EventVenueID":[],"_OrganizerEmail":"","_OrganizerPhone":"","_OrganizerWebsite":"","_VenueAddress":"","_VenueCity":"","_VenueCountry":"","_VenueProvince":"","_VenueState":"","_VenueZip":"","_VenuePhone":"","_VenueURL":"","_VenueStateProvince":"","_VenueLat":"","_VenueLng":"","_VenueShowMap":false,"_VenueShowMapLink":false,"footnotes":""},"class_list":["post-4256","page","type-page","status-publish","has-post-thumbnail","hentry"],"acf":[],"_links":{"self":[{"href":"https:\/\/araisa.ca\/fr\/wp-json\/wp\/v2\/pages\/4256","targetHints":{"allow":["GET"]}}],"collection":[{"href":"https:\/\/araisa.ca\/fr\/wp-json\/wp\/v2\/pages"}],"about":[{"href":"https:\/\/araisa.ca\/fr\/wp-json\/wp\/v2\/types\/page"}],"author":[{"embeddable":true,"href":"https:\/\/araisa.ca\/fr\/wp-json\/wp\/v2\/users\/3"}],"replies":[{"embeddable":true,"href":"https:\/\/araisa.ca\/fr\/wp-json\/wp\/v2\/comments?post=4256"}],"version-history":[{"count":0,"href":"https:\/\/araisa.ca\/fr\/wp-json\/wp\/v2\/pages\/4256\/revisions"}],"up":[{"embeddable":true,"href":"https:\/\/araisa.ca\/fr\/wp-json\/wp\/v2\/pages\/610"}],"wp:featuredmedia":[{"embeddable":true,"href":"https:\/\/araisa.ca\/fr\/wp-json\/wp\/v2\/media\/2506"}],"wp:attachment":[{"href":"https:\/\/araisa.ca\/fr\/wp-json\/wp\/v2\/media?parent=4256"}],"curies":[{"name":"wp","href":"https:\/\/api.w.org\/{rel}","templated":true}]}}