{"id":4257,"date":"2024-08-12T02:54:11","date_gmt":"2024-08-12T05:54:11","guid":{"rendered":"https:\/\/araisa.ca\/apprendre\/webinaires\/quest-ce-que-sopa\/"},"modified":"2025-08-06T16:23:12","modified_gmt":"2025-08-06T19:23:12","slug":"quest-ce-que-sopa","status":"publish","type":"page","link":"https:\/\/araisa.ca\/fr\/formations\/webinaires\/quest-ce-que-sopa\/","title":{"rendered":"Qu&rsquo;est-ce que SOPA ?"},"content":{"rendered":"\n<div class=\"wp-block-group has-global-padding is-layout-constrained wp-block-group-is-layout-constrained\">\n<p class=\"has-text-align-center\">Dans ce webinaire, l&rsquo;ISANS a pr\u00e9sent\u00e9 le programme SOPA (Settlement Online Pre-Arrival). Regardez cet enregistrement pour en savoir plus sur le programme et sur la mani\u00e8re dont les services post-arriv\u00e9e peuvent fonctionner avec SOPA.   <\/p>\n\n\n\n<figure class=\"wp-block-image alignwide size-large\"><img loading=\"lazy\" decoding=\"async\" width=\"1024\" height=\"540\" src=\"https:\/\/araisa.ca\/wp-content\/uploads\/2024\/08\/sopa_webinar_144-1024x540.png\" alt=\"\" class=\"wp-image-2512\" srcset=\"https:\/\/araisa.ca\/wp-content\/uploads\/2024\/08\/sopa_webinar_144-1024x540.png 1024w, https:\/\/araisa.ca\/wp-content\/uploads\/2024\/08\/sopa_webinar_144-300x158.png 300w, https:\/\/araisa.ca\/wp-content\/uploads\/2024\/08\/sopa_webinar_144-768x405.png 768w, https:\/\/araisa.ca\/wp-content\/uploads\/2024\/08\/sopa_webinar_144-1536x810.png 1536w, https:\/\/araisa.ca\/wp-content\/uploads\/2024\/08\/sopa_webinar_144-2048x1079.png 2048w\" sizes=\"auto, (max-width: 1024px) 100vw, 1024px\" \/><\/figure>\n\n\n\n<div class=\"wp-block-columns alignwide is-layout-flex wp-container-core-columns-is-layout-28f84493 wp-block-columns-is-layout-flex\">\n<div class=\"wp-block-column is-layout-flow wp-block-column-is-layout-flow\" style=\"flex-basis:66.66%\">\n<p>Ce webinaire a eu lieu le 1er f\u00e9vrier 2024.<\/p>\n\n\n\n<iframe loading=\"lazy\" width=\"560\" height=\"315\" src=\"https:\/\/www.youtube.com\/embed\/uRAoagVITNY?si=4j5DFEOwSKhK6-e5\" title=\"Lecteur vid\u00e9o YouTube\" frameborder=\"0\" allow=\"accelerometer; autoplay; clipboard-write; encrypted-media; gyroscope; picture-in-picture; web-share\" allowfullscreen=\"\"><\/iframe>\n\n\n\n<p>Vous pouvez t\u00e9l\u00e9charger le diaporama <a>ici<\/a><\/p>\n\n\n\n<div style=\"height:30px\" aria-hidden=\"true\" class=\"wp-block-spacer\"><\/div>\n\n\n\n<hr class=\"wp-block-separator has-alpha-channel-opacity\"\/>\n\n\n\n<div class=\"wp-block-media-text is-stacked-on-mobile\" style=\"grid-template-columns:15% auto\"><figure class=\"wp-block-media-text__media\"><img loading=\"lazy\" decoding=\"async\" width=\"600\" height=\"600\" src=\"https:\/\/araisa.ca\/wp-content\/uploads\/2024\/09\/AnikaSweet.jpg\" alt=\"\" class=\"wp-image-3832 size-full\" srcset=\"https:\/\/araisa.ca\/wp-content\/uploads\/2024\/09\/AnikaSweet.jpg 600w, https:\/\/araisa.ca\/wp-content\/uploads\/2024\/09\/AnikaSweet-300x300.jpg 300w, https:\/\/araisa.ca\/wp-content\/uploads\/2024\/09\/AnikaSweet-150x150.jpg 150w\" sizes=\"auto, (max-width: 600px) 100vw, 600px\" \/><\/figure><div class=\"wp-block-media-text__content\">\n<h3 class=\"wp-block-heading\">Pr\u00e9sentation de<\/h3>\n\n\n\n<h2 class=\"wp-block-heading has-tc-red-color has-text-color has-link-color has-large-font-size wp-elements-04b0293d28d1dbbdfe33bc1f41d3e2a1\" style=\"margin-top:27px;margin-bottom:4px\">Anika Sweet<\/h2>\n\n\n\n<p class=\"has-tc-blue-color has-text-color has-link-color wp-elements-e0e8a913a0a802a212c4c7cfedbf6214\" style=\"margin-top:0px;font-size:18px\">Anika Sweet est la superviseuse du programme SOPA. Anika a occup\u00e9 diff\u00e9rents r\u00f4les dans le programme depuis octobre 2019 et a soutenu le programme en tant qu&rsquo;animatrice de cours, conseill\u00e8re \u00e0 l&rsquo;admission et, depuis ao\u00fbt 2023, en tant que superviseur. Le fait d&rsquo;avoir occup\u00e9 diff\u00e9rents r\u00f4les au sein de l&rsquo;\u00e9quipe a permis \u00e0 Anika d&rsquo;acqu\u00e9rir de vastes connaissances sur les services pr\u00e9alables \u00e0 l&rsquo;arriv\u00e9e au Canada. Anika est titulaire d&rsquo;un certificat TESL et a quatre ans d&rsquo;exp\u00e9rience dans l&rsquo;enseignement de l&rsquo;anglais aux nouveaux arrivants avant de rejoindre l&rsquo;\u00e9quipe de SOPA. Contactez Anika \u00e0 l&rsquo;adresse <a href=\"mailto:asweet@isans.ca\">suivante : asweet@isans.ca<\/a>    <\/p>\n<\/div><\/div>\n\n\n\n<div style=\"height:72px\" aria-hidden=\"true\" class=\"wp-block-spacer\"><\/div>\n<\/div>\n\n\n\n<div class=\"wp-block-column is-layout-flow wp-block-column-is-layout-flow\" style=\"flex-basis:33.33%\"><\/div>\n<\/div>\n<\/div>\n","protected":false},"excerpt":{"rendered":"En savoir plus sur le programme SOPA (Settlement Online Pre-Arrival) et sur la mani\u00e8re dont les services post-arriv\u00e9e peuvent fonctionner\u2026","protected":false},"author":3,"featured_media":2515,"parent":610,"menu_order":0,"comment_status":"closed","ping_status":"closed","template":"","meta":{"_acf_changed":false,"_EventAllDay":false,"_EventTimezone":"","_EventStartDate":"","_EventEndDate":"","_EventStartDateUTC":"","_EventEndDateUTC":"","_EventShowMap":false,"_EventShowMapLink":false,"_EventURL":"","_EventCost":"","_EventCostDescription":"","_EventCurrencySymbol":"","_EventCurrencyCode":"","_EventCurrencyPosition":"","_EventDateTimeSeparator":"","_EventTimeRangeSeparator":"","_EventOrganizerID":[],"_EventVenueID":[],"_OrganizerEmail":"","_OrganizerPhone":"","_OrganizerWebsite":"","_VenueAddress":"","_VenueCity":"","_VenueCountry":"","_VenueProvince":"","_VenueState":"","_VenueZip":"","_VenuePhone":"","_VenueURL":"","_VenueStateProvince":"","_VenueLat":"","_VenueLng":"","_VenueShowMap":false,"_VenueShowMapLink":false,"footnotes":""},"class_list":["post-4257","page","type-page","status-publish","has-post-thumbnail","hentry"],"acf":[],"_links":{"self":[{"href":"https:\/\/araisa.ca\/fr\/wp-json\/wp\/v2\/pages\/4257","targetHints":{"allow":["GET"]}}],"collection":[{"href":"https:\/\/araisa.ca\/fr\/wp-json\/wp\/v2\/pages"}],"about":[{"href":"https:\/\/araisa.ca\/fr\/wp-json\/wp\/v2\/types\/page"}],"author":[{"embeddable":true,"href":"https:\/\/araisa.ca\/fr\/wp-json\/wp\/v2\/users\/3"}],"replies":[{"embeddable":true,"href":"https:\/\/araisa.ca\/fr\/wp-json\/wp\/v2\/comments?post=4257"}],"version-history":[{"count":0,"href":"https:\/\/araisa.ca\/fr\/wp-json\/wp\/v2\/pages\/4257\/revisions"}],"up":[{"embeddable":true,"href":"https:\/\/araisa.ca\/fr\/wp-json\/wp\/v2\/pages\/610"}],"wp:featuredmedia":[{"embeddable":true,"href":"https:\/\/araisa.ca\/fr\/wp-json\/wp\/v2\/media\/2515"}],"wp:attachment":[{"href":"https:\/\/araisa.ca\/fr\/wp-json\/wp\/v2\/media?parent=4257"}],"curies":[{"name":"wp","href":"https:\/\/api.w.org\/{rel}","templated":true}]}}