{"id":4260,"date":"2024-04-18T20:53:39","date_gmt":"2024-04-18T23:53:39","guid":{"rendered":"https:\/\/araisa.ca\/notes\/"},"modified":"2024-10-16T19:56:44","modified_gmt":"2024-10-16T22:56:44","slug":"notes","status":"publish","type":"page","link":"https:\/\/araisa.ca\/fr\/notes\/","title":{"rendered":"Notes"},"content":{"rendered":"\n<div class=\"wp-block-group alignwide has-global-padding is-layout-constrained wp-block-group-is-layout-constrained\">\n<div class=\"wp-block-columns alignwide is-layout-flex wp-container-core-columns-is-layout-28f84493 wp-block-columns-is-layout-flex\">\n<div class=\"wp-block-column is-layout-flow wp-block-column-is-layout-flow\" style=\"flex-basis:66.66%\">\n<p><strong>Extrait de la section Intersectionnalit\u00e9 et positionnalit\u00e9 du site Innover pour avoir un impact<\/strong><\/p>\n\n\n\n<ol class=\"wp-block-list\" style=\"margin-bottom:var(--wp--preset--spacing--80)\">\n<li style=\"padding-bottom:var(--wp--preset--spacing--60)\">Crenshaw a initialement d\u00e9fini le concept d&rsquo;intersectionnalit\u00e9 dans Kimberl\u00e9 Crenshaw, 1989. D\u00e9marginaliser l&rsquo;intersection de la race et du sexe : A Black Feminist Critique of Antidiscrimination Doctrine, Feminist Theory and Antiracist Politics. <em>University of Chicago Legal Forum,<\/em> 1989(1), pp. 139-167. <\/li>\n\n\n\n<li style=\"padding-bottom:var(--wp--preset--spacing--60)\"><em>Nouvelles de la facult\u00e9 de droit de Columbia<\/em>, 2017. Kimberl\u00e9 Crenshaw sur l&rsquo;intersectionnalit\u00e9, plus de deux d\u00e9cennies plus tard <a href=\"https:\/\/www.law.columbia.edu\/news\/archive\/kimberle-crenshaw-intersectionality-more-two-decades-later\">: https:\/\/www.law.columbia.edu\/news\/archive\/kimberle-crenshaw-intersectionality-more-two-decades-later<\/a> <\/li>\n\n\n\n<li style=\"padding-bottom:var(--wp--preset--spacing--60)\">Ibid.<\/li>\n\n\n\n<li style=\"padding-bottom:var(--wp--preset--spacing--60)\">Gust A. Yep, 2015. Toward Thick(er) Intersectionalities : Theorizing, Researching, and Activating the Complexities of Communication and Identities in Sorrels and Sekimoto, eds, <em>Globalizing Intercultural Communication : A Reader.<\/em> Sage Publications, p.89.<\/li>\n\n\n\n<li style=\"padding-bottom:var(--wp--preset--spacing--60)\">Institut Taylor pour l&rsquo;enseignement et l&rsquo;apprentissage, Universit\u00e9 de Calgary. Module d&rsquo;apprentissage : Anti-Racism, EDI and Positionality in Teaching and Learning (antiracisme, EDI et positionnalit\u00e9 dans l&rsquo;enseignement et l&rsquo;apprentissage). Le\u00e7on 1 : EDI, positionnalit\u00e9 et identit\u00e9s crois\u00e9es<a href=\"https:\/\/taylorinstitute.ucalgary.ca\/resources\/module\/anti-racism-edi-positionality\/intersecting-identities\">: https:\/\/taylorinstitute.ucalgary.ca\/resources\/module\/anti-racism-edi-positionality\/intersecting-identities.<\/a>  <\/li>\n\n\n\n<li style=\"padding-bottom:var(--wp--preset--spacing--60)\">Kathryn Sorrells et Sachi Sekimoto, 2015. Chapitre 5 : Intersectionality, Identity, and Positionality in Sorrels and Sekimoto, eds, <em>Globalizing Intercultural Communication : A Reader.<\/em> Sage Publications, p.85.<\/li>\n\n\n\n<li style=\"padding-bottom:var(--wp--preset--spacing--60)\">Darla Benton Kearney, 2022. Conception universelle de l&rsquo;apprentissage (UDL) pour l&rsquo;inclusion, la diversit\u00e9, l&rsquo;\u00e9quit\u00e9 et l&rsquo;accessibilit\u00e9 (IDEA) : A Guide for Post Secondary Educators. Section 4.2 : Positionnalit\u00e9 et intersectionnalit\u00e9<a href=\"https:\/\/opentextbooks.uregina.ca\/universaldesign\/chapter\/positionality-intersectionality\/\">: https:\/\/opentextbooks.uregina.ca\/universaldesign\/chapter\/positionality-intersectionality\/<\/a>  <\/li>\n\n\n\n<li style=\"padding-bottom:var(--wp--preset--spacing--60)\">Jessica Soedirgo et Aarie Glas, 2020. Vers une r\u00e9flexivit\u00e9 active : Positionality and Practice in the Production of Knowledge. <em>Political Science &amp; Politics<\/em>, 53(3), p.528. Citation compl\u00e8te r\u00e9f\u00e9renc\u00e9e dans le texte : Henry, Marsha, Paul Higate, et Gurchathen Sanghera. 2009. Positionality and Power : The Politics of Peacekeeping Research. <em>International Peacekeeping<\/em>, 16 (4) : 467-82.    <\/li>\n\n\n\n<li style=\"padding-bottom:var(--wp--preset--spacing--60)\">Ibid.<\/li>\n\n\n\n<li style=\"padding-bottom:var(--wp--preset--spacing--60)\">Jessica Soedirgo et Aarie Glas, 2020. Vers une r\u00e9flexivit\u00e9 active : Positionality and Practice in the Production of Knowledge. <em>Political Science &amp; Politics<\/em>, 53(3), p.530. <\/li>\n<\/ol>\n<\/div>\n\n\n\n<div class=\"wp-block-column is-layout-flow wp-block-column-is-layout-flow\" style=\"flex-basis:33.33%\"><\/div>\n<\/div>\n<\/div>\n","protected":false},"excerpt":{"rendered":"<p>Extrait de la section Intersectionnalit\u00e9 et positionnalit\u00e9 du site Innover pour avoir un impact<\/p>\n","protected":false},"author":3,"featured_media":0,"parent":0,"menu_order":0,"comment_status":"closed","ping_status":"closed","template":"","meta":{"_acf_changed":false,"_EventAllDay":false,"_EventTimezone":"","_EventStartDate":"","_EventEndDate":"","_EventStartDateUTC":"","_EventEndDateUTC":"","_EventShowMap":false,"_EventShowMapLink":false,"_EventURL":"","_EventCost":"","_EventCostDescription":"","_EventCurrencySymbol":"","_EventCurrencyCode":"","_EventCurrencyPosition":"","_EventDateTimeSeparator":"","_EventTimeRangeSeparator":"","_EventOrganizerID":[],"_EventVenueID":[],"_OrganizerEmail":"","_OrganizerPhone":"","_OrganizerWebsite":"","_VenueAddress":"","_VenueCity":"","_VenueCountry":"","_VenueProvince":"","_VenueState":"","_VenueZip":"","_VenuePhone":"","_VenueURL":"","_VenueStateProvince":"","_VenueLat":"","_VenueLng":"","_VenueShowMap":false,"_VenueShowMapLink":false,"footnotes":""},"class_list":["post-4260","page","type-page","status-publish","hentry"],"acf":[],"_links":{"self":[{"href":"https:\/\/araisa.ca\/fr\/wp-json\/wp\/v2\/pages\/4260","targetHints":{"allow":["GET"]}}],"collection":[{"href":"https:\/\/araisa.ca\/fr\/wp-json\/wp\/v2\/pages"}],"about":[{"href":"https:\/\/araisa.ca\/fr\/wp-json\/wp\/v2\/types\/page"}],"author":[{"embeddable":true,"href":"https:\/\/araisa.ca\/fr\/wp-json\/wp\/v2\/users\/3"}],"replies":[{"embeddable":true,"href":"https:\/\/araisa.ca\/fr\/wp-json\/wp\/v2\/comments?post=4260"}],"version-history":[{"count":0,"href":"https:\/\/araisa.ca\/fr\/wp-json\/wp\/v2\/pages\/4260\/revisions"}],"wp:attachment":[{"href":"https:\/\/araisa.ca\/fr\/wp-json\/wp\/v2\/media?parent=4260"}],"curies":[{"name":"wp","href":"https:\/\/api.w.org\/{rel}","templated":true}]}}