{"id":5602,"date":"2024-12-17T11:36:43","date_gmt":"2024-12-17T15:36:43","guid":{"rendered":"https:\/\/araisa.ca\/apprendre\/webinaires\/outils-pour-soutenir-les-professionnels-de-sante-formes-a-letranger-psfe-une-presentation-de-n4\/"},"modified":"2025-01-30T08:25:37","modified_gmt":"2025-01-30T12:25:37","slug":"outils-pour-soutenir-les-professionnels-de-sante-formes-a-letranger-psfe-une-presentation-de-n4","status":"publish","type":"page","link":"https:\/\/araisa.ca\/fr\/formations\/webinaires\/outils-pour-soutenir-les-professionnels-de-sante-formes-a-letranger-psfe-une-presentation-de-n4\/","title":{"rendered":"Outils pour soutenir les professionnels de sant\u00e9 form\u00e9s \u00e0 l\u2019\u00e9tranger (PSFE) : Une pr\u00e9sentation de N4"},"content":{"rendered":"\n<div class=\"wp-block-group alignwide has-global-padding is-layout-constrained wp-block-group-is-layout-constrained\">\n<div style=\"height:30px\" aria-hidden=\"true\" class=\"wp-block-spacer\"><\/div>\n\n\n\n<figure class=\"wp-block-image alignwide size-large\"><img loading=\"lazy\" decoding=\"async\" width=\"1024\" height=\"540\" src=\"https:\/\/araisa.ca\/wp-content\/uploads\/2024\/12\/ARAISA_N4webinar_Jan2025_webpagebanner-1024x540.png\" alt=\"\" class=\"wp-image-5579\" srcset=\"https:\/\/araisa.ca\/wp-content\/uploads\/2024\/12\/ARAISA_N4webinar_Jan2025_webpagebanner-1024x540.png 1024w, https:\/\/araisa.ca\/wp-content\/uploads\/2024\/12\/ARAISA_N4webinar_Jan2025_webpagebanner-300x158.png 300w, https:\/\/araisa.ca\/wp-content\/uploads\/2024\/12\/ARAISA_N4webinar_Jan2025_webpagebanner-768x405.png 768w, https:\/\/araisa.ca\/wp-content\/uploads\/2024\/12\/ARAISA_N4webinar_Jan2025_webpagebanner-1536x810.png 1536w, https:\/\/araisa.ca\/wp-content\/uploads\/2024\/12\/ARAISA_N4webinar_Jan2025_webpagebanner-2048x1079.png 2048w\" sizes=\"auto, (max-width: 1024px) 100vw, 1024px\" \/><\/figure>\n\n\n\n<div style=\"height:30px\" aria-hidden=\"true\" class=\"wp-block-spacer\"><\/div>\n\n\n\n<div class=\"wp-block-columns alignwide is-layout-flex wp-container-core-columns-is-layout-28f84493 wp-block-columns-is-layout-flex\">\n<div class=\"wp-block-column is-layout-flow wp-block-column-is-layout-flow\" style=\"flex-basis:66.66%\">\n<p class=\"has-tc-blue-color has-text-color has-link-color wp-elements-8662eeeee0f72d12c2d09cba0c17889d\"><strong>Le 23 janvier. 2025, de 14 h \u00e0 15 h HNA  <\/strong> | <strong> En ligne<\/strong><br>Une session en anglais est pr\u00e9vue le 9 janvier 2025 \u00e0 14 h HNA. Plus d&rsquo;info <a href=\"https:\/\/araisa.ca\/learn\/webinars\/tools-to-support-internationally-educated-healthcare-professionals-iehps-a-presentation-by-n4\/\">ici<\/a>. <\/p>\n\n\n\n<p>On compte sur les travailleurs charg\u00e9s de l\u2019\u00e9tablissement pour conseiller les nouveaux arrivants dans leur recherche d\u2019un emploi optimal. Pour les professionnels r\u00e9glement\u00e9s, le processus de reconnaissance des dipl\u00f4mes \u00e9trangers est complexe et long. Actuellement, moins de la moiti\u00e9 des infirmi\u00e8res et des m\u00e9decins form\u00e9s \u00e0 l\u2019\u00e9tranger sont en mesure d\u2019exercer leur profession. N4 a d\u00e9velopp\u00e9 des <a href=\"\" data-type=\"\" data-id=\"\" target=\"\" rel=\"noopener\">ressources pour les professionnels de la sant\u00e9 form\u00e9s \u00e0 l&rsquo;\u00e9tranger<\/a> et ceux qui les soutiennent, afin de s\u2019assurer qu\u2019ils disposent des informations les plus r\u00e9centes dans cet environnement en \u00e9volution rapide qu\u2019est l\u2019\u00e9valuation des titres de comp\u00e9tences \u00e9trangers.    <\/p>\n\n\n\n<p><strong>Cette session a eu lieu le 23 janvier 2025 et a donn\u00e9 un aper\u00e7u des ressources afin de s\u2019assurer que le secteur de l\u2019\u00e9tablissement dispose des outils n\u00e9cessaires pour promouvoir l\u2019emploi optimal de leurs clients.<\/strong><\/p>\n\n\n\n<figure class=\"wp-block-embed is-type-video is-provider-youtube wp-block-embed-youtube wp-embed-aspect-16-9 wp-has-aspect-ratio\"><div class=\"wp-block-embed__wrapper\">\n<iframe loading=\"lazy\" title=\"Outils pour soutenir les professionnels de sant\u00e9 form\u00e9s \u00e0 l\u2019\u00e9tranger (PSFE)\" width=\"500\" height=\"281\" src=\"https:\/\/www.youtube.com\/embed\/YnDMoHz3SXk?feature=oembed\" frameborder=\"0\" allow=\"accelerometer; autoplay; clipboard-write; encrypted-media; gyroscope; picture-in-picture; web-share\" referrerpolicy=\"strict-origin-when-cross-origin\" allowfullscreen><\/iframe>\n<\/div><\/figure>\n\n\n\n<h2 class=\"wp-block-heading has-large-font-size\" style=\"margin-bottom:0rem\">Intervenante<\/h2>\n\n\n\n<p style=\"margin-top:10px;margin-bottom:0px\"><strong>Christine Kouri, B.Sc.inf, MGSS<\/strong><\/p>\n\n\n\n<p style=\"margin-top:10px;margin-bottom:0px\">Au cours de ses 30 ann\u00e9es de carri\u00e8re dans le secteur des soins de sant\u00e9, Christine s\u2019est attach\u00e9e \u00e0 d\u00e9celer les in\u00e9galit\u00e9s et \u00e0 \u00e9liminer les principaux obstacles gr\u00e2ce \u00e0 des changements mesurables et durables. Elle est titulaire d\u2019un baccalaur\u00e9at en sciences infirmi\u00e8res et d\u2019une ma\u00eetrise en administration de la sant\u00e9. Son travail qui vise \u00e0 garantir l\u2019\u00e9quit\u00e9 aux r\u00e9fugi\u00e9s syriens l\u2019a amen\u00e9e \u00e0 se passionner pour la sensibilisation aux obstacles auxquels sont confront\u00e9s les nouveaux arrivants dans le secteur des soins de sant\u00e9. Elle a co-con\u00e7u la formation du r\u00e9seau N4 pour am\u00e9liorer la capacit\u00e9 des professionnels de la sant\u00e9 \u00e0 assurer l\u2019\u00e9quit\u00e9 aux nouveaux arrivants par la mobilisation des connaissances et les collaborations pancanadiennes et intersectorielles.   <\/p>\n\n\n\n<div style=\"height:60px\" aria-hidden=\"true\" class=\"wp-block-spacer\"><\/div>\n<\/div>\n\n\n\n<div class=\"wp-block-column is-layout-flow wp-block-column-is-layout-flow\" style=\"flex-basis:33.33%\"><\/div>\n<\/div>\n<\/div>\n","protected":false},"excerpt":{"rendered":"Cette session, pr\u00e9sent\u00e9e par N4, donnera un aper\u00e7u des ressources permettant au secteur de l'\u00e9tablissement de disposer des outils n\u00e9cessaires\u2026","protected":false},"author":155,"featured_media":5583,"parent":610,"menu_order":0,"comment_status":"closed","ping_status":"closed","template":"","meta":{"_acf_changed":false,"_EventAllDay":false,"_EventTimezone":"","_EventStartDate":"","_EventEndDate":"","_EventStartDateUTC":"","_EventEndDateUTC":"","_EventShowMap":false,"_EventShowMapLink":false,"_EventURL":"","_EventCost":"","_EventCostDescription":"","_EventCurrencySymbol":"","_EventCurrencyCode":"","_EventCurrencyPosition":"","_EventDateTimeSeparator":"","_EventTimeRangeSeparator":"","_EventOrganizerID":[],"_EventVenueID":[],"_OrganizerEmail":"","_OrganizerPhone":"","_OrganizerWebsite":"","_VenueAddress":"","_VenueCity":"","_VenueCountry":"","_VenueProvince":"","_VenueState":"","_VenueZip":"","_VenuePhone":"","_VenueURL":"","_VenueStateProvince":"","_VenueLat":"","_VenueLng":"","_VenueShowMap":false,"_VenueShowMapLink":false,"footnotes":""},"class_list":["post-5602","page","type-page","status-publish","has-post-thumbnail","hentry"],"acf":[],"_links":{"self":[{"href":"https:\/\/araisa.ca\/fr\/wp-json\/wp\/v2\/pages\/5602","targetHints":{"allow":["GET"]}}],"collection":[{"href":"https:\/\/araisa.ca\/fr\/wp-json\/wp\/v2\/pages"}],"about":[{"href":"https:\/\/araisa.ca\/fr\/wp-json\/wp\/v2\/types\/page"}],"author":[{"embeddable":true,"href":"https:\/\/araisa.ca\/fr\/wp-json\/wp\/v2\/users\/155"}],"replies":[{"embeddable":true,"href":"https:\/\/araisa.ca\/fr\/wp-json\/wp\/v2\/comments?post=5602"}],"version-history":[{"count":0,"href":"https:\/\/araisa.ca\/fr\/wp-json\/wp\/v2\/pages\/5602\/revisions"}],"up":[{"embeddable":true,"href":"https:\/\/araisa.ca\/fr\/wp-json\/wp\/v2\/pages\/610"}],"wp:featuredmedia":[{"embeddable":true,"href":"https:\/\/araisa.ca\/fr\/wp-json\/wp\/v2\/media\/5583"}],"wp:attachment":[{"href":"https:\/\/araisa.ca\/fr\/wp-json\/wp\/v2\/media?parent=5602"}],"curies":[{"name":"wp","href":"https:\/\/api.w.org\/{rel}","templated":true}]}}