{"id":573,"date":"2024-02-18T21:34:04","date_gmt":"2024-02-19T01:34:04","guid":{"rendered":"http:\/\/araisa.localwp\/ressources\/"},"modified":"2026-03-13T10:01:41","modified_gmt":"2026-03-13T13:01:41","slug":"ressources","status":"publish","type":"page","link":"https:\/\/araisa.ca\/fr\/ressources\/","title":{"rendered":"Ressources"},"content":{"rendered":"\n<div class=\"wp-block-group alignwide has-global-padding is-layout-constrained wp-block-group-is-layout-constrained\" style=\"margin-top:0px\">\n<p class=\"has-text-align-center\" style=\"margin-bottom:0px\">D\u00e9couvrez une collection compl\u00e8te et \u00e9volutive de donn\u00e9es sectorielles, d&rsquo;\u00e9tudes, de rapports, de lignes directrices, d&rsquo;\u00e9v\u00e9nements et bien plus encore. Notre objectif est d&rsquo;aider les fournisseurs de services du Canada atlantique \u00e0 am\u00e9liorer leur expertise, leur efficacit\u00e9 et leurs programmes ! Pour sugg\u00e9rer une ressource sp\u00e9cifique, contactez-nous \u00e0 l&rsquo;adresse <a href=\"mailto:info@araisa.ca\">info@araisa.ca<\/a>.  <\/p>\n\n\n\n<figure class=\"wp-block-image alignwide size-large is-style-default\"><a href=\"https:\/\/araisa.ca\/fr-bibliotheque\/\"><img loading=\"lazy\" decoding=\"async\" width=\"1024\" height=\"540\" src=\"https:\/\/araisa.ca\/wp-content\/uploads\/2025\/04\/araisa_bibliotheque_144-1024x540.png\" alt=\"\" class=\"wp-image-6607\" srcset=\"https:\/\/araisa.ca\/wp-content\/uploads\/2025\/04\/araisa_bibliotheque_144-1024x540.png 1024w, https:\/\/araisa.ca\/wp-content\/uploads\/2025\/04\/araisa_bibliotheque_144-300x158.png 300w, https:\/\/araisa.ca\/wp-content\/uploads\/2025\/04\/araisa_bibliotheque_144-768x405.png 768w, https:\/\/araisa.ca\/wp-content\/uploads\/2025\/04\/araisa_bibliotheque_144-1536x810.png 1536w, https:\/\/araisa.ca\/wp-content\/uploads\/2025\/04\/araisa_bibliotheque_144-2048x1079.png 2048w, https:\/\/araisa.ca\/wp-content\/uploads\/2025\/04\/araisa_bibliotheque_144-31x16.png 31w\" sizes=\"auto, (max-width: 1024px) 100vw, 1024px\" \/><\/a><\/figure>\n\n\n\n<div class=\"wp-block-group alignwide has-global-padding is-content-justification-left is-layout-constrained wp-container-core-group-is-layout-b4b0b4ed wp-block-group-is-layout-constrained\" style=\"padding-left:40px\">\n<h3 class=\"wp-block-heading has-tc-blue-color has-text-color has-link-color wp-elements-e3c7f15dfc2de09352236e8073e52ffe\">Biblioth\u00e8que<\/h3>\n\n\n\n<p>Une collection de rapports pertinents pour le secteur de l&rsquo;\u00e9tablissement et de l&rsquo;int\u00e9gration en Atlantique canadienne.<\/p>\n\n\n\n<div class=\"wp-block-buttons is-layout-flex wp-block-buttons-is-layout-flex\">\n<div class=\"wp-block-button\"><a class=\"wp-block-button__link wp-element-button\" href=\"https:\/\/araisa.ca\/fr-bibliotheque\/\">Visiter<\/a><\/div>\n<\/div>\n<\/div>\n\n\n\n<div class=\"wp-block-group alignwide has-global-padding is-layout-constrained wp-block-group-is-layout-constrained\" style=\"margin-top:4rem;margin-bottom:4rem\">\r\n<div class=\"tsc-cta-menu-block alignwide\"> \r\n\r\n  <div class=\"cta-menu-grid\">\r\n    \r\n    \r\n        <div class=\"tsc-cta-menu-wrapper\">\r\n          <a href=\"https:\/\/araisa.ca\/fr\/ressources\/carte-de-localisation-des-services\/\" title=\"Carte de localisation des services\">\r\n            <img loading=\"lazy\" decoding=\"async\" width=\"2560\" height=\"1349\" src=\"https:\/\/araisa.ca\/wp-content\/uploads\/2026\/03\/ARAISA_Sector-Map_WebsiteThumbnail_March2026-scaled.png\" class=\"attachment-post-thumbnail size-post-thumbnail wp-post-image\" alt=\"\" srcset=\"https:\/\/araisa.ca\/wp-content\/uploads\/2026\/03\/ARAISA_Sector-Map_WebsiteThumbnail_March2026-scaled.png 2560w, https:\/\/araisa.ca\/wp-content\/uploads\/2026\/03\/ARAISA_Sector-Map_WebsiteThumbnail_March2026-300x158.png 300w, https:\/\/araisa.ca\/wp-content\/uploads\/2026\/03\/ARAISA_Sector-Map_WebsiteThumbnail_March2026-1024x540.png 1024w, https:\/\/araisa.ca\/wp-content\/uploads\/2026\/03\/ARAISA_Sector-Map_WebsiteThumbnail_March2026-768x405.png 768w, https:\/\/araisa.ca\/wp-content\/uploads\/2026\/03\/ARAISA_Sector-Map_WebsiteThumbnail_March2026-1536x810.png 1536w, https:\/\/araisa.ca\/wp-content\/uploads\/2026\/03\/ARAISA_Sector-Map_WebsiteThumbnail_March2026-2048x1079.png 2048w\" sizes=\"auto, (max-width: 2560px) 100vw, 2560px\" \/>          <\/a>\r\n\r\n          <h3>\r\n            <a href=\"https:\/\/araisa.ca\/fr\/ressources\/carte-de-localisation-des-services\/\" title=\"Carte de localisation des services\">\r\n              Carte de localisation des services            <\/a>\r\n          <\/h3>\r\n          \r\n          <p>Cette carte est votre outil de r\u00e9f\u00e9rence pour naviguer dans le secteur des services aux personnes immigrantes et r\u00e9fugi\u00e9es au&#8230;<\/p>          \r\n          \r\n        <\/div>  \r\n\r\n        \r\n        <div class=\"tsc-cta-menu-wrapper\">\r\n          <a href=\"https:\/\/araisa.ca\/fr\/ressources\/affaires-courantes\/\" title=\"Au premier plan\">\r\n            <img loading=\"lazy\" decoding=\"async\" width=\"852\" height=\"528\" src=\"https:\/\/araisa.ca\/wp-content\/uploads\/2024\/04\/CTA_frontcentre_426x264.jpg\" class=\"attachment-post-thumbnail size-post-thumbnail wp-post-image\" alt=\"\" srcset=\"https:\/\/araisa.ca\/wp-content\/uploads\/2024\/04\/CTA_frontcentre_426x264.jpg 852w, https:\/\/araisa.ca\/wp-content\/uploads\/2024\/04\/CTA_frontcentre_426x264-300x186.jpg 300w, https:\/\/araisa.ca\/wp-content\/uploads\/2024\/04\/CTA_frontcentre_426x264-768x476.jpg 768w\" sizes=\"auto, (max-width: 852px) 100vw, 852px\" \/>          <\/a>\r\n\r\n          <h3>\r\n            <a href=\"https:\/\/araisa.ca\/fr\/ressources\/affaires-courantes\/\" title=\"Au premier plan\">\r\n              Au premier plan            <\/a>\r\n          <\/h3>\r\n          \r\n          <p>Informations sur les questions et les \u00e9v\u00e9nements mondiaux qui affectent actuellement le secteur de l&rsquo;\u00e9tablissement et de l&rsquo;int\u00e9gration.<\/p>          \r\n          \r\n        <\/div>  \r\n\r\n        \r\n        <div class=\"tsc-cta-menu-wrapper\">\r\n          <a href=\"https:\/\/araisa.ca\/fr\/ressources\/acronymes\/\" title=\"Acronymes\">\r\n            <img loading=\"lazy\" decoding=\"async\" width=\"852\" height=\"528\" src=\"https:\/\/araisa.ca\/wp-content\/uploads\/2024\/04\/CTA_acronyms_426x264.jpg\" class=\"attachment-post-thumbnail size-post-thumbnail wp-post-image\" alt=\"\" srcset=\"https:\/\/araisa.ca\/wp-content\/uploads\/2024\/04\/CTA_acronyms_426x264.jpg 852w, https:\/\/araisa.ca\/wp-content\/uploads\/2024\/04\/CTA_acronyms_426x264-300x186.jpg 300w, https:\/\/araisa.ca\/wp-content\/uploads\/2024\/04\/CTA_acronyms_426x264-768x476.jpg 768w\" sizes=\"auto, (max-width: 852px) 100vw, 852px\" \/>          <\/a>\r\n\r\n          <h3>\r\n            <a href=\"https:\/\/araisa.ca\/fr\/ressources\/acronymes\/\" title=\"Acronymes\">\r\n              Acronymes            <\/a>\r\n          <\/h3>\r\n          \r\n          <p>Une liste pratique des nombreux acronymes utilis\u00e9s dans le secteur.<\/p>          \r\n          \r\n        <\/div>  \r\n\r\n        \r\n        <div class=\"tsc-cta-menu-wrapper\">\r\n          <a href=\"https:\/\/araisa.ca\/fr\/ressources\/plein-feux-sur-les-donnees-sur-limmigration-dans-latlantique\/\" title=\"Pleins feux sur les donn\u00e9es sur l&rsquo;immigration dans l&rsquo;Atlantique\">\r\n            <img loading=\"lazy\" decoding=\"async\" width=\"2880\" height=\"1518\" src=\"https:\/\/araisa.ca\/wp-content\/uploads\/2025\/01\/araisa_data-spotlights_banner.png\" class=\"attachment-post-thumbnail size-post-thumbnail wp-post-image\" alt=\"\" srcset=\"https:\/\/araisa.ca\/wp-content\/uploads\/2025\/01\/araisa_data-spotlights_banner.png 2880w, https:\/\/araisa.ca\/wp-content\/uploads\/2025\/01\/araisa_data-spotlights_banner-300x158.png 300w, https:\/\/araisa.ca\/wp-content\/uploads\/2025\/01\/araisa_data-spotlights_banner-1024x540.png 1024w, https:\/\/araisa.ca\/wp-content\/uploads\/2025\/01\/araisa_data-spotlights_banner-768x405.png 768w, https:\/\/araisa.ca\/wp-content\/uploads\/2025\/01\/araisa_data-spotlights_banner-1536x810.png 1536w, https:\/\/araisa.ca\/wp-content\/uploads\/2025\/01\/araisa_data-spotlights_banner-2048x1079.png 2048w\" sizes=\"auto, (max-width: 2880px) 100vw, 2880px\" \/>          <\/a>\r\n\r\n          <h3>\r\n            <a href=\"https:\/\/araisa.ca\/fr\/ressources\/plein-feux-sur-les-donnees-sur-limmigration-dans-latlantique\/\" title=\"Pleins feux sur les donn\u00e9es sur l&rsquo;immigration dans l&rsquo;Atlantique\">\r\n              Pleins feux sur les donn\u00e9es sur l&rsquo;immigration dans l&rsquo;Atlantique            <\/a>\r\n          <\/h3>\r\n          \r\n          <p>Votre publication trimestrielle sur les donn\u00e9es permettant d&rsquo;informer les programmes et les services dans le secteur de l&rsquo;\u00e9tablissement et de\u2026<\/p>          \r\n          \r\n        <\/div>  \r\n\r\n        \r\n        <div class=\"tsc-cta-menu-wrapper\">\r\n          <a href=\"https:\/\/araisa.ca\/fr\/ressources\/edi-et-plan-daction-contre-le-racisme-outils-et-ressources\/\" title=\"EDI et plan d&rsquo;action contre le racisme: outils et ressources\">\r\n            <img loading=\"lazy\" decoding=\"async\" width=\"2880\" height=\"1518\" src=\"https:\/\/araisa.ca\/wp-content\/uploads\/2025\/06\/ARAISA_ARAPwebinar_ThumbnailWebsite_2025.png\" class=\"attachment-post-thumbnail size-post-thumbnail wp-post-image\" alt=\"\" srcset=\"https:\/\/araisa.ca\/wp-content\/uploads\/2025\/06\/ARAISA_ARAPwebinar_ThumbnailWebsite_2025.png 2880w, https:\/\/araisa.ca\/wp-content\/uploads\/2025\/06\/ARAISA_ARAPwebinar_ThumbnailWebsite_2025-300x158.png 300w, https:\/\/araisa.ca\/wp-content\/uploads\/2025\/06\/ARAISA_ARAPwebinar_ThumbnailWebsite_2025-1024x540.png 1024w, https:\/\/araisa.ca\/wp-content\/uploads\/2025\/06\/ARAISA_ARAPwebinar_ThumbnailWebsite_2025-768x405.png 768w, https:\/\/araisa.ca\/wp-content\/uploads\/2025\/06\/ARAISA_ARAPwebinar_ThumbnailWebsite_2025-1536x810.png 1536w, https:\/\/araisa.ca\/wp-content\/uploads\/2025\/06\/ARAISA_ARAPwebinar_ThumbnailWebsite_2025-2048x1079.png 2048w\" sizes=\"auto, (max-width: 2880px) 100vw, 2880px\" \/>          <\/a>\r\n\r\n          <h3>\r\n            <a href=\"https:\/\/araisa.ca\/fr\/ressources\/edi-et-plan-daction-contre-le-racisme-outils-et-ressources\/\" title=\"EDI et plan d&rsquo;action contre le racisme: outils et ressources\">\r\n              EDI et plan d&rsquo;action contre le racisme: outils et ressources            <\/a>\r\n          <\/h3>\r\n          \r\n          <p>Parcourez ces documents cl\u00e9s pour soutenir votre processus d&rsquo;apprentissage et de mise en \u0153uvre du plan d&rsquo;action contre le racisme.<\/p>          \r\n          \r\n        <\/div>  \r\n\r\n        \r\n        <div class=\"tsc-cta-menu-wrapper\">\r\n          <a href=\"https:\/\/araisa.ca\/fr\/ressources\/faconner-les-perspectives-rapprocher-les-points-de-vue-une-boite-a-outils\/\" title=\"Fa\u00e7onner les perspectives, rapprocher les points de vue : une bo\u00eete \u00e0 outils\">\r\n            <img loading=\"lazy\" decoding=\"async\" width=\"2880\" height=\"1518\" src=\"https:\/\/araisa.ca\/wp-content\/uploads\/2025\/04\/ARAISA_CommsToolkit_WebThumbnail.png\" class=\"attachment-post-thumbnail size-post-thumbnail wp-post-image\" alt=\"\" srcset=\"https:\/\/araisa.ca\/wp-content\/uploads\/2025\/04\/ARAISA_CommsToolkit_WebThumbnail.png 2880w, https:\/\/araisa.ca\/wp-content\/uploads\/2025\/04\/ARAISA_CommsToolkit_WebThumbnail-300x158.png 300w, https:\/\/araisa.ca\/wp-content\/uploads\/2025\/04\/ARAISA_CommsToolkit_WebThumbnail-1024x540.png 1024w, https:\/\/araisa.ca\/wp-content\/uploads\/2025\/04\/ARAISA_CommsToolkit_WebThumbnail-768x405.png 768w, https:\/\/araisa.ca\/wp-content\/uploads\/2025\/04\/ARAISA_CommsToolkit_WebThumbnail-1536x810.png 1536w, https:\/\/araisa.ca\/wp-content\/uploads\/2025\/04\/ARAISA_CommsToolkit_WebThumbnail-2048x1079.png 2048w\" sizes=\"auto, (max-width: 2880px) 100vw, 2880px\" \/>          <\/a>\r\n\r\n          <h3>\r\n            <a href=\"https:\/\/araisa.ca\/fr\/ressources\/faconner-les-perspectives-rapprocher-les-points-de-vue-une-boite-a-outils\/\" title=\"Fa\u00e7onner les perspectives, rapprocher les points de vue : une bo\u00eete \u00e0 outils\">\r\n              Fa\u00e7onner les perspectives, rapprocher les points de vue : une bo\u00eete \u00e0 outils            <\/a>\r\n          <\/h3>\r\n          \r\n          <p>Cette bo\u00eete \u00e0 outils vise \u00e0 fournir aux organismes d\u2019\u00e9tablissement et d\u2019int\u00e9gration de bonnes pratiques de communication et des messages\u2026<\/p>          \r\n          \r\n        <\/div>  \r\n\r\n        \r\n        <div class=\"tsc-cta-menu-wrapper\">\r\n          <a href=\"https:\/\/araisa.ca\/fr\/ressources\/guide-national-des-ressources-en-matiere-dacs-plus\/\" title=\"Guide national des ressources en mati\u00e8re d&rsquo;ACS Plus\">\r\n            <img loading=\"lazy\" decoding=\"async\" width=\"2880\" height=\"1518\" src=\"https:\/\/araisa.ca\/wp-content\/uploads\/2025\/01\/ARAISA_GBAPlus_ResourceGuide_WebsiteThumbnail.png\" class=\"attachment-post-thumbnail size-post-thumbnail wp-post-image\" alt=\"\" srcset=\"https:\/\/araisa.ca\/wp-content\/uploads\/2025\/01\/ARAISA_GBAPlus_ResourceGuide_WebsiteThumbnail.png 2880w, https:\/\/araisa.ca\/wp-content\/uploads\/2025\/01\/ARAISA_GBAPlus_ResourceGuide_WebsiteThumbnail-300x158.png 300w, https:\/\/araisa.ca\/wp-content\/uploads\/2025\/01\/ARAISA_GBAPlus_ResourceGuide_WebsiteThumbnail-1024x540.png 1024w, https:\/\/araisa.ca\/wp-content\/uploads\/2025\/01\/ARAISA_GBAPlus_ResourceGuide_WebsiteThumbnail-768x405.png 768w, https:\/\/araisa.ca\/wp-content\/uploads\/2025\/01\/ARAISA_GBAPlus_ResourceGuide_WebsiteThumbnail-1536x810.png 1536w, https:\/\/araisa.ca\/wp-content\/uploads\/2025\/01\/ARAISA_GBAPlus_ResourceGuide_WebsiteThumbnail-2048x1079.png 2048w\" sizes=\"auto, (max-width: 2880px) 100vw, 2880px\" \/>          <\/a>\r\n\r\n          <h3>\r\n            <a href=\"https:\/\/araisa.ca\/fr\/ressources\/guide-national-des-ressources-en-matiere-dacs-plus\/\" title=\"Guide national des ressources en mati\u00e8re d&rsquo;ACS Plus\">\r\n              Guide national des ressources en mati\u00e8re d&rsquo;ACS Plus            <\/a>\r\n          <\/h3>\r\n          \r\n          <p>Ce guide propose des outils pratiques, des ressources et des conseils pour vous aider \u00e0 appliquer l&rsquo;ACS Plus \u00e0 vos\u2026<\/p>          \r\n          \r\n        <\/div>  \r\n\r\n        \r\n        <div class=\"tsc-cta-menu-wrapper\">\r\n          <a href=\"https:\/\/araisa.ca\/fr\/ressources\/evenements-sectoriels\/\" title=\"\u00c9v\u00e9nements sectoriels\">\r\n            <img loading=\"lazy\" decoding=\"async\" width=\"852\" height=\"528\" src=\"https:\/\/araisa.ca\/wp-content\/uploads\/2024\/05\/CTA_events2_426x264.jpg\" class=\"attachment-post-thumbnail size-post-thumbnail wp-post-image\" alt=\"\" srcset=\"https:\/\/araisa.ca\/wp-content\/uploads\/2024\/05\/CTA_events2_426x264.jpg 852w, https:\/\/araisa.ca\/wp-content\/uploads\/2024\/05\/CTA_events2_426x264-300x186.jpg 300w, https:\/\/araisa.ca\/wp-content\/uploads\/2024\/05\/CTA_events2_426x264-768x476.jpg 768w\" sizes=\"auto, (max-width: 852px) 100vw, 852px\" \/>          <\/a>\r\n\r\n          <h3>\r\n            <a href=\"https:\/\/araisa.ca\/fr\/ressources\/evenements-sectoriels\/\" title=\"\u00c9v\u00e9nements sectoriels\">\r\n              \u00c9v\u00e9nements sectoriels            <\/a>\r\n          <\/h3>\r\n          \r\n          <p>Les derniers \u00e9v\u00e9nements et les possibilit\u00e9s de formation adapt\u00e9s aux professionnels qui se consacrent \u00e0 l&rsquo;aide aux nouveaux arrivants.<\/p>          \r\n          \r\n        <\/div>  \r\n\r\n        \r\n        <div class=\"tsc-cta-menu-wrapper\">\r\n          <a href=\"https:\/\/araisa.ca\/fr\/ressources\/infolettre-hebdomadaire\/\" title=\"Infolettre hebdomadaire\">\r\n            <img loading=\"lazy\" decoding=\"async\" width=\"2880\" height=\"1518\" src=\"https:\/\/araisa.ca\/wp-content\/uploads\/2025\/02\/NewsletterWebsiteThumbnail.png\" class=\"attachment-post-thumbnail size-post-thumbnail wp-post-image\" alt=\"\" srcset=\"https:\/\/araisa.ca\/wp-content\/uploads\/2025\/02\/NewsletterWebsiteThumbnail.png 2880w, https:\/\/araisa.ca\/wp-content\/uploads\/2025\/02\/NewsletterWebsiteThumbnail-300x158.png 300w, https:\/\/araisa.ca\/wp-content\/uploads\/2025\/02\/NewsletterWebsiteThumbnail-1024x540.png 1024w, https:\/\/araisa.ca\/wp-content\/uploads\/2025\/02\/NewsletterWebsiteThumbnail-768x405.png 768w, https:\/\/araisa.ca\/wp-content\/uploads\/2025\/02\/NewsletterWebsiteThumbnail-1536x810.png 1536w, https:\/\/araisa.ca\/wp-content\/uploads\/2025\/02\/NewsletterWebsiteThumbnail-2048x1079.png 2048w\" sizes=\"auto, (max-width: 2880px) 100vw, 2880px\" \/>          <\/a>\r\n\r\n          <h3>\r\n            <a href=\"https:\/\/araisa.ca\/fr\/ressources\/infolettre-hebdomadaire\/\" title=\"Infolettre hebdomadaire\">\r\n              Infolettre hebdomadaire            <\/a>\r\n          <\/h3>\r\n          \r\n          <p>Parcourez nos 10 \u00e9ditions les plus r\u00e9centes et rattrapez tout ce que vous avez manqu\u00e9 !<\/p>          \r\n          \r\n        <\/div>  \r\n\r\n        \r\n        <div class=\"tsc-cta-menu-wrapper\">\r\n          <a href=\"https:\/\/araisa.ca\/fr\/ressources\/lignes-directrices-pour-la-recherche\/\" title=\"Bo\u00eete \u00e0 outils pour la collaboration en mati\u00e8re de recherche\">\r\n            <img loading=\"lazy\" decoding=\"async\" width=\"852\" height=\"528\" src=\"https:\/\/araisa.ca\/wp-content\/uploads\/2024\/04\/CTA_toolkit_426x264.jpg\" class=\"attachment-post-thumbnail size-post-thumbnail wp-post-image\" alt=\"\" srcset=\"https:\/\/araisa.ca\/wp-content\/uploads\/2024\/04\/CTA_toolkit_426x264.jpg 852w, https:\/\/araisa.ca\/wp-content\/uploads\/2024\/04\/CTA_toolkit_426x264-300x186.jpg 300w, https:\/\/araisa.ca\/wp-content\/uploads\/2024\/04\/CTA_toolkit_426x264-768x476.jpg 768w\" sizes=\"auto, (max-width: 852px) 100vw, 852px\" \/>          <\/a>\r\n\r\n          <h3>\r\n            <a href=\"https:\/\/araisa.ca\/fr\/ressources\/lignes-directrices-pour-la-recherche\/\" title=\"Bo\u00eete \u00e0 outils pour la collaboration en mati\u00e8re de recherche\">\r\n              Bo\u00eete \u00e0 outils pour la collaboration en mati\u00e8re de recherche            <\/a>\r\n          <\/h3>\r\n          \r\n          <p>Des outils utiles pour faciliter la collaboration entre les prestataires de services et les chercheurs.<\/p>          \r\n          \r\n        <\/div>  \r\n\r\n        \r\n  <\/div>\r\n<\/div>\r\n\n\n\n<figure class=\"wp-block-gallery has-nested-images columns-default is-cropped wp-block-gallery-1 is-layout-flex wp-block-gallery-is-layout-flex\"><\/figure>\n<\/div>\n<\/div>\n","protected":false},"excerpt":{"rendered":"Une collection compl\u00e8te de donn\u00e9es sectorielles, d'\u00e9tudes, de rapports, de lignes directrices, d'\u00e9v\u00e9nements et bien plus encore.","protected":false},"author":2,"featured_media":0,"parent":0,"menu_order":0,"comment_status":"closed","ping_status":"closed","template":"","meta":{"_acf_changed":true,"_EventAllDay":false,"_EventTimezone":"","_EventStartDate":"","_EventEndDate":"","_EventStartDateUTC":"","_EventEndDateUTC":"","_EventShowMap":false,"_EventShowMapLink":false,"_EventURL":"","_EventCost":"","_EventCostDescription":"","_EventCurrencySymbol":"","_EventCurrencyCode":"","_EventCurrencyPosition":"","_EventDateTimeSeparator":"","_EventTimeRangeSeparator":"","_EventOrganizerID":[],"_EventVenueID":[],"_OrganizerEmail":"","_OrganizerPhone":"","_OrganizerWebsite":"","_VenueAddress":"","_VenueCity":"","_VenueCountry":"","_VenueProvince":"","_VenueState":"","_VenueZip":"","_VenuePhone":"","_VenueURL":"","_VenueStateProvince":"","_VenueLat":"","_VenueLng":"","_VenueShowMap":false,"_VenueShowMapLink":false,"footnotes":""},"class_list":["post-573","page","type-page","status-publish","hentry"],"acf":[],"_links":{"self":[{"href":"https:\/\/araisa.ca\/fr\/wp-json\/wp\/v2\/pages\/573","targetHints":{"allow":["GET"]}}],"collection":[{"href":"https:\/\/araisa.ca\/fr\/wp-json\/wp\/v2\/pages"}],"about":[{"href":"https:\/\/araisa.ca\/fr\/wp-json\/wp\/v2\/types\/page"}],"author":[{"embeddable":true,"href":"https:\/\/araisa.ca\/fr\/wp-json\/wp\/v2\/users\/2"}],"replies":[{"embeddable":true,"href":"https:\/\/araisa.ca\/fr\/wp-json\/wp\/v2\/comments?post=573"}],"version-history":[{"count":0,"href":"https:\/\/araisa.ca\/fr\/wp-json\/wp\/v2\/pages\/573\/revisions"}],"wp:attachment":[{"href":"https:\/\/araisa.ca\/fr\/wp-json\/wp\/v2\/media?parent=573"}],"curies":[{"name":"wp","href":"https:\/\/api.w.org\/{rel}","templated":true}]}}