{"id":576,"date":"2024-02-18T21:34:16","date_gmt":"2024-02-19T01:34:16","guid":{"rendered":"http:\/\/araisa.localwp\/apprendre\/"},"modified":"2025-02-26T17:11:21","modified_gmt":"2025-02-26T21:11:21","slug":"formations","status":"publish","type":"page","link":"https:\/\/araisa.ca\/fr\/formations\/","title":{"rendered":"Formations"},"content":{"rendered":"\n<div class=\"wp-block-group alignwide has-global-padding is-layout-constrained wp-block-group-is-layout-constrained\" style=\"margin-top:0px;margin-bottom:0px\">\n<p class=\"has-text-align-center\" style=\"margin-top:0px;margin-right:50px;margin-bottom:0px;margin-left:0px\">D\u00e9couvrez une gamme d&rsquo;opportunit\u00e9s d&rsquo;apprentissage con\u00e7ues pour les professionnels du secteur de l&rsquo;\u00e9tablissement et de l&rsquo;int\u00e9gration. Qu&rsquo;il s&rsquo;agisse de webinaires, de cours en ligne ou d&rsquo;\u00e9v\u00e9nements de d\u00e9veloppement professionnel en personne, nous sommes l\u00e0 pour vous aider \u00e0 am\u00e9liorer votre expertise et \u00e0 avoir un plus grand impact. <\/p>\n\n\n<figure style=\"margin-top:1rem;margin-bottom:1rem;\" class=\"alignwide wp-block-post-featured-image\"><img loading=\"lazy\" decoding=\"async\" width=\"2880\" height=\"1518\" src=\"https:\/\/araisa.ca\/wp-content\/uploads\/2025\/01\/ii_course_144.png\" class=\"attachment-post-thumbnail size-post-thumbnail wp-post-image\" alt=\"\" style=\"object-fit:cover;\" srcset=\"https:\/\/araisa.ca\/wp-content\/uploads\/2025\/01\/ii_course_144.png 2880w, https:\/\/araisa.ca\/wp-content\/uploads\/2025\/01\/ii_course_144-300x158.png 300w, https:\/\/araisa.ca\/wp-content\/uploads\/2025\/01\/ii_course_144-1024x540.png 1024w, https:\/\/araisa.ca\/wp-content\/uploads\/2025\/01\/ii_course_144-768x405.png 768w, https:\/\/araisa.ca\/wp-content\/uploads\/2025\/01\/ii_course_144-1536x810.png 1536w, https:\/\/araisa.ca\/wp-content\/uploads\/2025\/01\/ii_course_144-2048x1079.png 2048w\" sizes=\"auto, (max-width: 2880px) 100vw, 2880px\" \/><\/figure>\n\n\n<div class=\"wp-block-group alignwide has-global-padding is-content-justification-left is-layout-constrained wp-container-core-group-is-layout-fab75d10 wp-block-group-is-layout-constrained\" style=\"padding-left:40px\">\n<h4 class=\"wp-block-heading\" style=\"margin-top:0px;margin-bottom:0px\">Fonctionnalit\u00e9<\/h4>\n\n\n\n<h3 class=\"wp-block-heading\">Cours sur l&rsquo;innovation pour l&rsquo;impact<\/h3>\n\n\n\n<p>Dans ce cours en dix modules, vous apprendrez \u00e0 renforcer le sentiment d&rsquo;appartenance des nouveaux arrivants en utilisant de nouvelles m\u00e9thodes et de nouveaux outils tels que la recherche et le d\u00e9veloppement social, le processus de conception centr\u00e9e sur l&rsquo;humain, l&rsquo;ACS Plus, et bien d&rsquo;autres encore.<\/p>\n\n\n\n<div class=\"wp-block-buttons is-layout-flex wp-block-buttons-is-layout-flex\">\n<div class=\"wp-block-button\"><a class=\"wp-block-button__link wp-element-button\" href=\"https:\/\/araisa.ca\/courses\/cours-innover-pour-avoir-un-impact\/\">Visiter<\/a><\/div>\n<\/div>\n<\/div>\n\n\n\n<div class=\"wp-block-group alignwide has-global-padding is-layout-constrained wp-block-group-is-layout-constrained\" style=\"margin-top:4rem;margin-bottom:4rem\">\r\n<div class=\"tsc-cta-menu-block alignwide\"> \r\n\r\n  <div class=\"cta-menu-grid\">\r\n    \r\n    \r\n        <div class=\"tsc-cta-menu-wrapper\">\r\n          <a href=\"https:\/\/araisa.ca\/fr\/formations\/developpement-professionnel\/\" title=\"D\u00e9veloppement professionnel\">\r\n            <img loading=\"lazy\" decoding=\"async\" width=\"852\" height=\"528\" src=\"https:\/\/araisa.ca\/wp-content\/uploads\/2024\/04\/CTA_peedee_426x264.jpg\" class=\"attachment-post-thumbnail size-post-thumbnail wp-post-image\" alt=\"\" srcset=\"https:\/\/araisa.ca\/wp-content\/uploads\/2024\/04\/CTA_peedee_426x264.jpg 852w, https:\/\/araisa.ca\/wp-content\/uploads\/2024\/04\/CTA_peedee_426x264-300x186.jpg 300w, https:\/\/araisa.ca\/wp-content\/uploads\/2024\/04\/CTA_peedee_426x264-768x476.jpg 768w\" sizes=\"auto, (max-width: 852px) 100vw, 852px\" \/>          <\/a>\r\n\r\n          <h3>\r\n            <a href=\"https:\/\/araisa.ca\/fr\/formations\/developpement-professionnel\/\" title=\"D\u00e9veloppement professionnel\">\r\n              D\u00e9veloppement professionnel            <\/a>\r\n          <\/h3>\r\n          \r\n          <p>Des exp\u00e9riences immersives con\u00e7ues pour aider les travailleurs de premi\u00e8re ligne, les managers et les chefs d&rsquo;\u00e9quipe \u00e0 rester \u00e0\u2026<\/p>          \r\n          \r\n        <\/div>  \r\n\r\n        \r\n        <div class=\"tsc-cta-menu-wrapper\">\r\n          <a href=\"https:\/\/araisa.ca\/fr\/formations\/webinaires\/\" title=\"Webinaires\">\r\n            <img loading=\"lazy\" decoding=\"async\" width=\"852\" height=\"528\" src=\"https:\/\/araisa.ca\/wp-content\/uploads\/2024\/08\/CTA_webinars_426x264.jpg\" class=\"attachment-post-thumbnail size-post-thumbnail wp-post-image\" alt=\"\" srcset=\"https:\/\/araisa.ca\/wp-content\/uploads\/2024\/08\/CTA_webinars_426x264.jpg 852w, https:\/\/araisa.ca\/wp-content\/uploads\/2024\/08\/CTA_webinars_426x264-300x186.jpg 300w, https:\/\/araisa.ca\/wp-content\/uploads\/2024\/08\/CTA_webinars_426x264-768x476.jpg 768w\" sizes=\"auto, (max-width: 852px) 100vw, 852px\" \/>          <\/a>\r\n\r\n          <h3>\r\n            <a href=\"https:\/\/araisa.ca\/fr\/formations\/webinaires\/\" title=\"Webinaires\">\r\n              Webinaires            <\/a>\r\n          <\/h3>\r\n          \r\n          <p>Vous souhaitez int\u00e9grer le d\u00e9veloppement professionnel \u00e0 votre emploi du temps ? Assistez \u00e0 nos prochains webinaires en direct ou\u2026<\/p>          \r\n          \r\n        <\/div>  \r\n\r\n        \r\n        <div class=\"tsc-cta-menu-wrapper\">\r\n          <a href=\"https:\/\/araisa.ca\/fr\/formations\/cours-et-connexion\/\" title=\"Cours\">\r\n            <img loading=\"lazy\" decoding=\"async\" width=\"852\" height=\"528\" src=\"https:\/\/araisa.ca\/wp-content\/uploads\/2024\/04\/CTA_courses_426x264.jpg\" class=\"attachment-post-thumbnail size-post-thumbnail wp-post-image\" alt=\"\" srcset=\"https:\/\/araisa.ca\/wp-content\/uploads\/2024\/04\/CTA_courses_426x264.jpg 852w, https:\/\/araisa.ca\/wp-content\/uploads\/2024\/04\/CTA_courses_426x264-300x186.jpg 300w, https:\/\/araisa.ca\/wp-content\/uploads\/2024\/04\/CTA_courses_426x264-768x476.jpg 768w\" sizes=\"auto, (max-width: 852px) 100vw, 852px\" \/>          <\/a>\r\n\r\n          <h3>\r\n            <a href=\"https:\/\/araisa.ca\/fr\/formations\/cours-et-connexion\/\" title=\"Cours\">\r\n              Cours            <\/a>\r\n          <\/h3>\r\n          \r\n          <p>Une vaste collection de cours pour vous aider \u00e0 rafra\u00eechir vos comp\u00e9tences existantes ou \u00e0 vous tenir au courant des\u2026<\/p>          \r\n          \r\n        <\/div>  \r\n\r\n        \r\n  <\/div>\r\n<\/div>\r\n<\/div>\n<\/div>\n","protected":false},"excerpt":{"rendered":"<p>D\u00e9couvrez une gamme d&rsquo;opportunit\u00e9s d&rsquo;apprentissage con\u00e7ues pour les professionnels du secteur de l&rsquo;\u00e9tablissement et de l&rsquo;int\u00e9gration. Qu&rsquo;il s&rsquo;agisse de webinaires,&#8230;<\/p>\n","protected":false},"author":2,"featured_media":5704,"parent":0,"menu_order":0,"comment_status":"closed","ping_status":"closed","template":"","meta":{"_acf_changed":false,"_EventAllDay":false,"_EventTimezone":"","_EventStartDate":"","_EventEndDate":"","_EventStartDateUTC":"","_EventEndDateUTC":"","_EventShowMap":false,"_EventShowMapLink":false,"_EventURL":"","_EventCost":"","_EventCostDescription":"","_EventCurrencySymbol":"","_EventCurrencyCode":"","_EventCurrencyPosition":"","_EventDateTimeSeparator":"","_EventTimeRangeSeparator":"","_EventOrganizerID":[],"_EventVenueID":[],"_OrganizerEmail":"","_OrganizerPhone":"","_OrganizerWebsite":"","_VenueAddress":"","_VenueCity":"","_VenueCountry":"","_VenueProvince":"","_VenueState":"","_VenueZip":"","_VenuePhone":"","_VenueURL":"","_VenueStateProvince":"","_VenueLat":"","_VenueLng":"","_VenueShowMap":false,"_VenueShowMapLink":false,"footnotes":""},"class_list":["post-576","page","type-page","status-publish","has-post-thumbnail","hentry"],"acf":[],"_links":{"self":[{"href":"https:\/\/araisa.ca\/fr\/wp-json\/wp\/v2\/pages\/576","targetHints":{"allow":["GET"]}}],"collection":[{"href":"https:\/\/araisa.ca\/fr\/wp-json\/wp\/v2\/pages"}],"about":[{"href":"https:\/\/araisa.ca\/fr\/wp-json\/wp\/v2\/types\/page"}],"author":[{"embeddable":true,"href":"https:\/\/araisa.ca\/fr\/wp-json\/wp\/v2\/users\/2"}],"replies":[{"embeddable":true,"href":"https:\/\/araisa.ca\/fr\/wp-json\/wp\/v2\/comments?post=576"}],"version-history":[{"count":0,"href":"https:\/\/araisa.ca\/fr\/wp-json\/wp\/v2\/pages\/576\/revisions"}],"wp:featuredmedia":[{"embeddable":true,"href":"https:\/\/araisa.ca\/fr\/wp-json\/wp\/v2\/media\/5704"}],"wp:attachment":[{"href":"https:\/\/araisa.ca\/fr\/wp-json\/wp\/v2\/media?parent=576"}],"curies":[{"name":"wp","href":"https:\/\/api.w.org\/{rel}","templated":true}]}}