{"id":580,"date":"2022-09-20T20:12:49","date_gmt":"2022-09-20T23:12:49","guid":{"rendered":"http:\/\/araisa.localwp\/accueil\/"},"modified":"2026-02-02T13:22:26","modified_gmt":"2026-02-02T17:22:26","slug":"accueil","status":"publish","type":"page","link":"https:\/\/araisa.ca\/fr\/","title":{"rendered":"Accueil"},"content":{"rendered":"\n<div class=\"wp-block-group alignfull has-css-background is-style-position-relative has-tc-yellow-background-color has-background has-global-padding is-layout-constrained wp-block-group-is-layout-constrained\" style=\"margin-top:0px;margin-bottom:0px\">\n<div class=\"wp-block-group has-global-padding is-layout-constrained wp-container-core-group-is-layout-92ef7b19 wp-block-group-is-layout-constrained\">\n<h2 class=\"wp-block-heading has-text-align-center\" style=\"font-size:32px\">Bienvenue sur notre nouveau site web !<\/h2>\n\n\n\n<p class=\"has-text-align-center\" style=\"margin-top:2px\">Nous y apportons les derni\u00e8res touches, nous vous remercions de votre patience pendant que nous affinons les derniers d\u00e9tails.<\/p>\n\n\n\n<h2 class=\"wp-block-heading has-text-align-center\" style=\"font-size:32px\">Welcome to our New Website!<\/h2>\n\n\n\n<p class=\"has-text-align-center\" style=\"margin-top:2px\">We&rsquo;re still putting on the finishing touches, so please bear with us as we smooth out the final details.<\/p>\n<\/div>\n\n\n\n<figure class=\"wp-block-image size-full is-resized is-style-bottom-left\"><img decoding=\"async\" src=\"https:\/\/araisa.ca\/wp-content\/uploads\/2024\/04\/144_home_update_squares_left.png\" alt=\"\" class=\"wp-image-1935\" style=\"width:294px\"\/><\/figure>\n\n\n\n<figure class=\"wp-block-image size-full is-resized is-style-bottom-right\"><img loading=\"lazy\" decoding=\"async\" width=\"588\" height=\"588\" src=\"https:\/\/araisa.ca\/wp-content\/uploads\/2024\/04\/144_home_update_squares_right.png\" alt=\"\" class=\"wp-image-1940\" style=\"width:294px\" srcset=\"https:\/\/araisa.ca\/wp-content\/uploads\/2024\/04\/144_home_update_squares_right.png 588w, https:\/\/araisa.ca\/wp-content\/uploads\/2024\/04\/144_home_update_squares_right-300x300.png 300w, https:\/\/araisa.ca\/wp-content\/uploads\/2024\/04\/144_home_update_squares_right-150x150.png 150w\" sizes=\"auto, (max-width: 588px) 100vw, 588px\" \/><\/figure>\n<\/div>\n\n<div class=\"wp-block-group alignfull has-css-background stitch-blue-bg has-tc-blue-background-color has-background has-global-padding is-layout-constrained wp-container-core-group-is-layout-9de5f216 wp-block-group-is-layout-constrained\" style=\"margin-top:0px;margin-bottom:0px\">\n<div class=\"wp-block-columns alignwide is-layout-flex wp-container-core-columns-is-layout-28f84493 wp-block-columns-is-layout-flex\">\n<div class=\"wp-block-column is-layout-flow wp-block-column-is-layout-flow\" style=\"flex-basis:50%\">\n<h2 class=\"wp-block-heading has-tc-yellow-color has-text-color has-link-color wp-elements-5e1af7becca37130277b9a7cd58426d6\">R\u00e9seauter, se perfectionner, avoir son mot \u00e0 dire &#8211; devenez membre d&rsquo;ARAISA d\u00e8s aujourd&rsquo;hui.<\/h2>\n\n\n\n<p class=\"has-tc-white-color has-text-color has-link-color wp-elements-dc4616cbfadf1467c1c5cf0f0e0d737a\" style=\"margin-top:21px\">En tant qu&rsquo;organisme au service du secteur de l&rsquo;\u00e9tablissement et de l&rsquo;int\u00e9gration, ARAISA offre la meilleure exp\u00e9rience possible \u00e0 ses membres. Que vous souhaitiez acc\u00e9der \u00e0 des opportunit\u00e9s de d\u00e9veloppement professionnel, \u00e0 des informations sectorielles actualis\u00e9es ou \u00e0 un r\u00e9seau de soutien entre pairs, nous avons ce qu&rsquo;il vous faut.<\/p>\n\n\n\n<div class=\"wp-block-buttons is-layout-flex wp-block-buttons-is-layout-flex\">\n<div class=\"wp-block-button\"><a class=\"wp-block-button__link has-tc-black-color has-tc-orange-background-color has-text-color has-background has-link-color wp-element-button\" href=\"https:\/\/araisa.ca\/fr\/ladhesion\/\">Devenez membre<\/a><\/div>\n<\/div>\n<\/div>\n\n\n\n<div class=\"wp-block-column is-vertically-aligned-center is-layout-flow wp-block-column-is-layout-flow\" style=\"flex-basis:33.33%\">\n<figure class=\"wp-block-image aligncenter size-full\"><img loading=\"lazy\" decoding=\"async\" width=\"1000\" height=\"1000\" src=\"https:\/\/araisa.ca\/wp-content\/uploads\/2024\/04\/homepage_fillers_0.png\" alt=\"\" class=\"wp-image-1951\" srcset=\"https:\/\/araisa.ca\/wp-content\/uploads\/2024\/04\/homepage_fillers_0.png 1000w, https:\/\/araisa.ca\/wp-content\/uploads\/2024\/04\/homepage_fillers_0-300x300.png 300w, https:\/\/araisa.ca\/wp-content\/uploads\/2024\/04\/homepage_fillers_0-150x150.png 150w, https:\/\/araisa.ca\/wp-content\/uploads\/2024\/04\/homepage_fillers_0-768x768.png 768w\" sizes=\"auto, (max-width: 1000px) 100vw, 1000px\" \/><\/figure>\n<\/div>\n<\/div>\n<\/div>\n\n<div class=\"wp-block-group alignfull has-css-background stitch-red-bg has-tc-red-background-color has-background has-global-padding is-layout-constrained wp-block-group-is-layout-constrained\" style=\"margin-top:0px;margin-bottom:0px\">\n<div class=\"wp-block-columns alignwide is-style-reverse-mobile is-layout-flex wp-container-core-columns-is-layout-28f84493 wp-block-columns-is-layout-flex\">\n<div class=\"wp-block-column is-vertically-aligned-center is-layout-flow wp-block-column-is-layout-flow\" style=\"flex-basis:33.33%\">\n<figure class=\"wp-block-image aligncenter size-full\"><img loading=\"lazy\" decoding=\"async\" width=\"1000\" height=\"1000\" src=\"https:\/\/araisa.ca\/wp-content\/uploads\/2024\/04\/homepage_fillers_02.png\" alt=\"\" class=\"wp-image-1953\" srcset=\"https:\/\/araisa.ca\/wp-content\/uploads\/2024\/04\/homepage_fillers_02.png 1000w, https:\/\/araisa.ca\/wp-content\/uploads\/2024\/04\/homepage_fillers_02-300x300.png 300w, https:\/\/araisa.ca\/wp-content\/uploads\/2024\/04\/homepage_fillers_02-150x150.png 150w, https:\/\/araisa.ca\/wp-content\/uploads\/2024\/04\/homepage_fillers_02-768x768.png 768w\" sizes=\"auto, (max-width: 1000px) 100vw, 1000px\" \/><\/figure>\n<\/div>\n\n\n\n<div class=\"wp-block-column is-layout-flow wp-block-column-is-layout-flow\" style=\"flex-basis:50%\">\n<h2 class=\"wp-block-heading has-tc-white-color has-text-color has-link-color wp-elements-e85bf872e04496edc5b305f69301ce66\">Toujours apprendre, <br\/>toujours grandir.<\/h2>\n\n\n\n<p class=\"has-tc-white-color has-text-color has-link-color wp-elements-88c0f95d57d898850fc67712cbc24b5e\" style=\"margin-top:21px\">Gr\u00e2ce \u00e0 nos \u00e9v\u00e9nements de d\u00e9veloppement professionnel (DP), nous fournissons aux travailleurs de l&rsquo;\u00e9tablissement de premi\u00e8re ligne, aux gestionnaires et aux chefs d&rsquo;\u00e9quipe les connaissances, les comp\u00e9tences et l&rsquo;expertise les plus r\u00e9centes concernant le secteur de l&rsquo;\u00e9tablissement et de l&rsquo;int\u00e9gration.<\/p>\n\n\n\n<div class=\"wp-block-buttons is-layout-flex wp-block-buttons-is-layout-flex\">\n<div class=\"wp-block-button\"><a class=\"wp-block-button__link has-tc-black-color has-tc-white-background-color has-text-color has-background has-link-color wp-element-button\" href=\"https:\/\/araisa.ca\/fr\/formations\/developpement-professionnel\/\">Explorer<\/a><\/div>\n<\/div>\n<\/div>\n<\/div>\n<\/div>\n\n<div class=\"wp-block-group alignfull has-css-background stitch-yellow-bg has-tc-yellow-background-color has-background has-global-padding is-layout-constrained wp-block-group-is-layout-constrained\" style=\"margin-top:0px;margin-bottom:0px\">\n<div class=\"wp-block-columns alignwide is-layout-flex wp-container-core-columns-is-layout-28f84493 wp-block-columns-is-layout-flex\">\n<div class=\"wp-block-column is-layout-flow wp-block-column-is-layout-flow\" style=\"flex-basis:50%\">\n<h2 class=\"wp-block-heading\">Restez au courant des derni\u00e8res nouvelles d&rsquo;ARAISA<\/h2>\n\n\n\n<p style=\"margin-top:21px\">Visitez notre page Blog pour des nouvelles du secteur de l&rsquo;\u00e9tablissement et de l&rsquo;int\u00e9gration, des mises \u00e0 jour de l&rsquo;\u00e9quipe d&rsquo;ARAISA et d&rsquo;autres \u00e9l\u00e9ments tels que des offres d&#8217;emploi et des demandes de propositions.<\/p>\n\n\n\n<div class=\"wp-block-buttons is-layout-flex wp-block-buttons-is-layout-flex\">\n<div class=\"wp-block-button\"><a class=\"wp-block-button__link has-tc-white-color has-tc-red-background-color has-text-color has-background has-link-color wp-element-button\" href=\"https:\/\/araisa.ca\/fr\/actualites\/\">Explorer<\/a><\/div>\n<\/div>\n<\/div>\n\n\n\n<div class=\"wp-block-column is-vertically-aligned-center is-layout-flow wp-block-column-is-layout-flow\" style=\"flex-basis:33.33%\">\n<figure class=\"wp-block-image aligncenter size-full\"><img loading=\"lazy\" decoding=\"async\" width=\"1000\" height=\"1000\" src=\"https:\/\/araisa.ca\/wp-content\/uploads\/2024\/04\/homepage_fillers_03.png\" alt=\"\" class=\"wp-image-1955\" srcset=\"https:\/\/araisa.ca\/wp-content\/uploads\/2024\/04\/homepage_fillers_03.png 1000w, https:\/\/araisa.ca\/wp-content\/uploads\/2024\/04\/homepage_fillers_03-300x300.png 300w, https:\/\/araisa.ca\/wp-content\/uploads\/2024\/04\/homepage_fillers_03-150x150.png 150w, https:\/\/araisa.ca\/wp-content\/uploads\/2024\/04\/homepage_fillers_03-768x768.png 768w\" sizes=\"auto, (max-width: 1000px) 100vw, 1000px\" \/><\/figure>\n<\/div>\n<\/div>\n<\/div>\n\n<div class=\"wp-block-group alignfull has-css-background stitch-green-bg has-tc-green-background-color has-background has-global-padding is-layout-constrained wp-block-group-is-layout-constrained\" style=\"margin-top:0px;margin-bottom:0px\">\n<div class=\"wp-block-columns alignwide is-style-reverse-mobile is-layout-flex wp-container-core-columns-is-layout-28f84493 wp-block-columns-is-layout-flex\">\n<div class=\"wp-block-column is-vertically-aligned-center is-layout-flow wp-block-column-is-layout-flow\" style=\"flex-basis:33.33%\">\n<figure class=\"wp-block-image aligncenter size-full\"><img loading=\"lazy\" decoding=\"async\" width=\"1000\" height=\"1000\" src=\"https:\/\/araisa.ca\/wp-content\/uploads\/2024\/04\/homepage_fillers_04.png\" alt=\"\" class=\"wp-image-1958\" srcset=\"https:\/\/araisa.ca\/wp-content\/uploads\/2024\/04\/homepage_fillers_04.png 1000w, https:\/\/araisa.ca\/wp-content\/uploads\/2024\/04\/homepage_fillers_04-300x300.png 300w, https:\/\/araisa.ca\/wp-content\/uploads\/2024\/04\/homepage_fillers_04-150x150.png 150w, https:\/\/araisa.ca\/wp-content\/uploads\/2024\/04\/homepage_fillers_04-768x768.png 768w\" sizes=\"auto, (max-width: 1000px) 100vw, 1000px\" \/><\/figure>\n<\/div>\n\n\n\n<div class=\"wp-block-column is-layout-flow wp-block-column-is-layout-flow\" style=\"flex-basis:50%\">\n<h2 class=\"wp-block-heading has-tc-white-color has-text-color has-link-color wp-elements-1dd8ebe2712142806b8c5bd3b2f66b88\">D\u00e9veloppez vos comp\u00e9tences gr\u00e2ce \u00e0 nos cours en ligne.<\/h2>\n\n\n\n<p class=\"has-tc-white-color has-text-color has-link-color wp-elements-bd06aa4d6fa4ed97d4940dcbdaf5bdd6\" style=\"margin-top:21px\">D\u00e9couvrez une gamme d&rsquo;opportunit\u00e9s d&rsquo;apprentissage con\u00e7ues pour les professionnels du secteur de l&rsquo;\u00e9tablissement et de l&rsquo;int\u00e9gration. Qu&rsquo;il s&rsquo;agisse de webinaires, de cours en ligne ou d&rsquo;\u00e9v\u00e9nements de d\u00e9veloppement professionnel en personne, nous sommes l\u00e0 pour vous aider \u00e0 am\u00e9liorer votre expertise et \u00e0 avoir un plus grand impact. <\/p>\n\n\n\n<div class=\"wp-block-buttons is-layout-flex wp-block-buttons-is-layout-flex\">\n<div class=\"wp-block-button\"><a class=\"wp-block-button__link has-tc-black-color has-tc-yellow-background-color has-text-color has-background has-link-color wp-element-button\" href=\"https:\/\/araisa.ca\/fr\/formations\/cours-et-connexion\/\">Explorer<\/a><\/div>\n<\/div>\n<\/div>\n<\/div>\n<\/div>\n\n<div class=\"wp-block-group alignfull has-css-background stitch-orange-bg has-tc-orange-background-color has-background has-global-padding is-layout-constrained wp-block-group-is-layout-constrained\" style=\"margin-top:0px;margin-bottom:0px\">\n<div class=\"wp-block-columns alignwide is-layout-flex wp-container-core-columns-is-layout-28f84493 wp-block-columns-is-layout-flex\">\n<div class=\"wp-block-column is-layout-flow wp-block-column-is-layout-flow\" style=\"flex-basis:50%\">\n<h2 class=\"wp-block-heading has-tc-black-color has-text-color has-link-color wp-elements-2cacf011f087a323518a35c4dc26b3a2\">Restez en contact avec notre calendrier d&rsquo;\u00e9v\u00e9nements sectoriels.<\/h2>\n\n\n\n<p class=\"has-tc-black-color has-text-color has-link-color wp-elements-da93fcee03bb59b4e6fc44be47f900ee\" style=\"margin-top:21px\">Tenez-vous au courant de tout ce qui se passe dans le secteur de l&rsquo;int\u00e9gration et de l&rsquo;\u00e9tablissement dans la r\u00e9gion atlantique en vous inscrivant \u00e0 notre calendrier d&rsquo;\u00e9v\u00e9nements sectoriels.<\/p>\n\n\n\n<div class=\"wp-block-buttons is-layout-flex wp-block-buttons-is-layout-flex\">\n<div class=\"wp-block-button\"><a class=\"wp-block-button__link has-tc-black-color has-tc-yellow-background-color has-text-color has-background has-link-color wp-element-button\" href=\"https:\/\/araisa.ca\/events\/\">Voir le calendrier<\/a><\/div>\n<\/div>\n<\/div>\n\n\n\n<div class=\"wp-block-column is-layout-flow wp-block-column-is-layout-flow\" style=\"flex-basis:33.33%\">\n<figure class=\"wp-block-image aligncenter size-full\"><img loading=\"lazy\" decoding=\"async\" width=\"1000\" height=\"1000\" src=\"https:\/\/araisa.ca\/wp-content\/uploads\/2024\/04\/homepage_fillers_05.png\" alt=\"\" class=\"wp-image-1960\" srcset=\"https:\/\/araisa.ca\/wp-content\/uploads\/2024\/04\/homepage_fillers_05.png 1000w, https:\/\/araisa.ca\/wp-content\/uploads\/2024\/04\/homepage_fillers_05-300x300.png 300w, https:\/\/araisa.ca\/wp-content\/uploads\/2024\/04\/homepage_fillers_05-150x150.png 150w, https:\/\/araisa.ca\/wp-content\/uploads\/2024\/04\/homepage_fillers_05-768x768.png 768w\" sizes=\"auto, (max-width: 1000px) 100vw, 1000px\" \/><\/figure>\n<\/div>\n<\/div>\n<\/div>\n\n<div class=\"wp-block-group alignfull has-css-background stitch-blue-bg is-style-position-relative has-tc-beige-background-color has-background has-global-padding is-layout-constrained wp-block-group-is-layout-constrained\" style=\"margin-top:0px;margin-bottom:0px\">\n<div class=\"wp-block-group has-global-padding is-layout-constrained wp-container-core-group-is-layout-bea02a06 wp-block-group-is-layout-constrained\">\n<h2 class=\"wp-block-heading has-text-align-center has-tc-green-color has-text-color has-link-color wp-elements-87b4f1f417b406fc312aba7d441c9781\" style=\"padding-top:0px;padding-bottom:0px\">Restons en contact !<\/h2>\n\n\n\n<h3 class=\"wp-block-heading has-text-align-center has-tc-blue-color has-text-color has-link-color wp-elements-4311d3e84e9772412a9f466032b02167\" style=\"margin-top:var(--wp--preset--spacing--40);margin-bottom:0.3rem\">S&rsquo;inscrire \u00e0 notre lettre d&rsquo;information<\/h3>\n\n\n\n<p class=\"has-text-align-center\" style=\"margin-top:2px;margin-bottom:0rem\">Avec la possibilit\u00e9 de recevoir une mise \u00e0 jour hebdomadaire d&rsquo;ARAISA ou de s&rsquo;inscrire \u00e0 des annonces sp\u00e9ciales, l&rsquo;inscription \u00e0 notre lettre d&rsquo;information vous permettra de ne manquer aucune nouvelle importante.<\/p>\n\n\n\n<div class=\"wp-block-buttons is-content-justification-center is-layout-flex wp-container-core-buttons-is-layout-6359b3e1 wp-block-buttons-is-layout-flex\" style=\"margin-top:14px;margin-bottom:55px\">\n<div class=\"wp-block-button\"><a class=\"wp-block-button__link has-tc-white-color has-tc-red-background-color has-text-color has-background has-link-color wp-element-button\" href=\"https:\/\/araisa.ca\/fr\/sinscrire-a-notre-lettre-dinformation\/\">S&rsquo;inscrire<\/a><\/div>\n<\/div>\n\n\n\n<h3 class=\"wp-block-heading has-text-align-center\" style=\"margin-top:2rem\">Suivez-nous sur les m\u00e9dias sociaux<\/h3>\n\n\n\n<p class=\"has-text-align-center\" style=\"margin-top:0.3rem;margin-bottom:var(--wp--preset--spacing--40)\">Suivez ARAISA sur LinkedIn et YouTube pour voir ce que nous faisons.<\/p>\n\n\n\n<div class=\"wp-block-group has-global-padding is-layout-constrained wp-container-core-group-is-layout-a549eede wp-block-group-is-layout-constrained\" style=\"margin-top:1rem;margin-bottom:1rem\">\n<div class=\"wp-block-columns are-vertically-aligned-center is-layout-flex wp-container-core-columns-is-layout-133cf375 wp-block-columns-is-layout-flex\">\n<div class=\"wp-block-column is-vertically-aligned-center is-layout-flow wp-block-column-is-layout-flow\">\n<p class=\"has-text-align-center has-tc-red-color has-text-color has-link-color wp-elements-621c5eb27bc2645ad7fdf015214458ac\" style=\"margin-top:0px;margin-bottom:0px;font-size:2.5rem\"><a href=\"https:\/\/www.linkedin.com\/company\/araisa\/\" target=\"_blank\" title=\"LinkedIn\" rel=\"noopener\"><i class=\"fa-brands fa-linkedin-in\"><\/i><\/a><\/p>\n<\/div>\n\n\n\n<div class=\"wp-block-column is-vertically-aligned-center is-layout-flow wp-block-column-is-layout-flow\" style=\"flex-basis:50%\">\n<p class=\"has-text-align-center has-tc-red-color has-text-color has-link-color wp-elements-b0782412e427775e714ebbf73492982c\" style=\"margin-top:0px;margin-bottom:0px;font-size:2.5rem\"><a href=\"https:\/\/www.youtube.com\/@araisa_videos\" target=\"_blank\" title=\"YouTube\" rel=\"noopener\"><i class=\"fa-brands fa-youtube\"><\/i><\/a><\/p>\n<\/div>\n<\/div>\n<\/div>\n<\/div>\n\n\n\n<figure class=\"wp-block-image size-full is-resized is-style-bottom-left\"><img loading=\"lazy\" decoding=\"async\" width=\"920\" height=\"920\" src=\"https:\/\/araisa.ca\/wp-content\/uploads\/2024\/09\/144_signup_squares_right2.png\" alt=\"\" class=\"wp-image-3957\" style=\"width:350px\" srcset=\"https:\/\/araisa.ca\/wp-content\/uploads\/2024\/09\/144_signup_squares_right2.png 920w, https:\/\/araisa.ca\/wp-content\/uploads\/2024\/09\/144_signup_squares_right2-300x300.png 300w, https:\/\/araisa.ca\/wp-content\/uploads\/2024\/09\/144_signup_squares_right2-150x150.png 150w, https:\/\/araisa.ca\/wp-content\/uploads\/2024\/09\/144_signup_squares_right2-768x768.png 768w\" sizes=\"auto, (max-width: 920px) 100vw, 920px\" \/><\/figure>\n\n\n\n<figure class=\"wp-block-image size-full is-resized is-style-bottom-right\"><img loading=\"lazy\" decoding=\"async\" width=\"920\" height=\"920\" src=\"https:\/\/araisa.ca\/wp-content\/uploads\/2024\/09\/144_signup_squares_right22.png\" alt=\"\" class=\"wp-image-3959\" style=\"width:350px\" srcset=\"https:\/\/araisa.ca\/wp-content\/uploads\/2024\/09\/144_signup_squares_right22.png 920w, https:\/\/araisa.ca\/wp-content\/uploads\/2024\/09\/144_signup_squares_right22-300x300.png 300w, https:\/\/araisa.ca\/wp-content\/uploads\/2024\/09\/144_signup_squares_right22-150x150.png 150w, https:\/\/araisa.ca\/wp-content\/uploads\/2024\/09\/144_signup_squares_right22-768x768.png 768w\" sizes=\"auto, (max-width: 920px) 100vw, 920px\" \/><\/figure>\n<\/div>\n","protected":false},"excerpt":{"rendered":"<p>Bienvenue sur notre nouveau site web ! Nous y apportons les derni\u00e8res touches, nous vous remercions de votre patience pendant&#8230;<\/p>\n","protected":false},"author":2,"featured_media":0,"parent":0,"menu_order":0,"comment_status":"closed","ping_status":"closed","template":"","meta":{"_acf_changed":true,"_EventAllDay":false,"_EventTimezone":"","_EventStartDate":"","_EventEndDate":"","_EventStartDateUTC":"","_EventEndDateUTC":"","_EventShowMap":false,"_EventShowMapLink":false,"_EventURL":"","_EventCost":"","_EventCostDescription":"","_EventCurrencySymbol":"","_EventCurrencyCode":"","_EventCurrencyPosition":"","_EventDateTimeSeparator":"","_EventTimeRangeSeparator":"","_EventOrganizerID":[],"_EventVenueID":[],"_OrganizerEmail":"","_OrganizerPhone":"","_OrganizerWebsite":"","_VenueAddress":"","_VenueCity":"","_VenueCountry":"","_VenueProvince":"","_VenueState":"","_VenueZip":"","_VenuePhone":"","_VenueURL":"","_VenueStateProvince":"","_VenueLat":"","_VenueLng":"","_VenueShowMap":false,"_VenueShowMapLink":false,"footnotes":""},"class_list":["post-580","page","type-page","status-publish","hentry"],"acf":[],"_links":{"self":[{"href":"https:\/\/araisa.ca\/fr\/wp-json\/wp\/v2\/pages\/580","targetHints":{"allow":["GET"]}}],"collection":[{"href":"https:\/\/araisa.ca\/fr\/wp-json\/wp\/v2\/pages"}],"about":[{"href":"https:\/\/araisa.ca\/fr\/wp-json\/wp\/v2\/types\/page"}],"author":[{"embeddable":true,"href":"https:\/\/araisa.ca\/fr\/wp-json\/wp\/v2\/users\/2"}],"replies":[{"embeddable":true,"href":"https:\/\/araisa.ca\/fr\/wp-json\/wp\/v2\/comments?post=580"}],"version-history":[{"count":0,"href":"https:\/\/araisa.ca\/fr\/wp-json\/wp\/v2\/pages\/580\/revisions"}],"wp:attachment":[{"href":"https:\/\/araisa.ca\/fr\/wp-json\/wp\/v2\/media?parent=580"}],"curies":[{"name":"wp","href":"https:\/\/api.w.org\/{rel}","templated":true}]}}