{"id":581,"date":"2024-02-18T21:34:23","date_gmt":"2024-02-19T01:34:23","guid":{"rendered":"http:\/\/araisa.localwp\/les-programmes\/"},"modified":"2026-03-30T15:02:10","modified_gmt":"2026-03-30T18:02:10","slug":"programmes","status":"publish","type":"page","link":"https:\/\/araisa.ca\/fr\/programmes\/","title":{"rendered":"Les programmes"},"content":{"rendered":"\n<div class=\"wp-block-group alignwide has-global-padding is-layout-constrained wp-block-group-is-layout-constrained\" style=\"margin-top:0px;margin-bottom:0px\">\n<p class=\"has-text-align-center\" style=\"margin-top:0;padding-top:0\">D\u00e9couvrez les programmes, les \u00e9v\u00e9nements et les rapports que nous menons pour faire progresser le secteur de l&rsquo;\u00e9tablissement et de l&rsquo;int\u00e9gration au Canada atlantique.<\/p>\n\n\n\n<figure class=\"wp-block-image size-full\"><img loading=\"lazy\" decoding=\"async\" width=\"2560\" height=\"1349\" src=\"https:\/\/araisa.ca\/wp-content\/uploads\/2026\/03\/Truth-and-Reconciliation-Report_ARAISA_website-banner-scaled.png\" alt=\"\" class=\"wp-image-8043\" srcset=\"https:\/\/araisa.ca\/wp-content\/uploads\/2026\/03\/Truth-and-Reconciliation-Report_ARAISA_website-banner-scaled.png 2560w, https:\/\/araisa.ca\/wp-content\/uploads\/2026\/03\/Truth-and-Reconciliation-Report_ARAISA_website-banner-300x158.png 300w, https:\/\/araisa.ca\/wp-content\/uploads\/2026\/03\/Truth-and-Reconciliation-Report_ARAISA_website-banner-1024x540.png 1024w, https:\/\/araisa.ca\/wp-content\/uploads\/2026\/03\/Truth-and-Reconciliation-Report_ARAISA_website-banner-768x405.png 768w, https:\/\/araisa.ca\/wp-content\/uploads\/2026\/03\/Truth-and-Reconciliation-Report_ARAISA_website-banner-1536x810.png 1536w, https:\/\/araisa.ca\/wp-content\/uploads\/2026\/03\/Truth-and-Reconciliation-Report_ARAISA_website-banner-2048x1079.png 2048w\" sizes=\"auto, (max-width: 2560px) 100vw, 2560px\" \/><\/figure>\n\n\n\n<div class=\"wp-block-group alignwide has-global-padding is-content-justification-left is-layout-constrained wp-container-core-group-is-layout-b4b0b4ed wp-block-group-is-layout-constrained\" style=\"padding-left:40px\">\n<h4 class=\"wp-block-heading\" style=\"margin-top:0px;margin-bottom:0px\">En vedette<\/h4>\n\n\n\n<h3 class=\"wp-block-heading\">Faire progresser la r\u00e9conciliation dans le secteur de l&rsquo;\u00e9tablissement<\/h3>\n\n\n\n<p>Dans ce rapport, ARAISA explore la mani\u00e8re dont les fournisseurs de services du Canada atlantique accomplissent le travail significatif de v\u00e9rit\u00e9 et de r\u00e9conciliation, et ce dont ils ont besoin pour aller plus loin.<\/p>\n\n\n\n<div class=\"wp-block-buttons is-layout-flex wp-block-buttons-is-layout-flex\">\n<div class=\"wp-block-button\"><a class=\"wp-block-button__link wp-element-button\" href=\"https:\/\/araisa.ca\/fr\/programmes\/faire-progresser-la-reconciliation-dans-le-secteur-de-letablissement-une-perspective-atlantique\/\">Lire la suite<\/a><\/div>\n<\/div>\n<\/div>\n\n\n\n<div class=\"wp-block-group alignwide has-global-padding is-layout-constrained wp-block-group-is-layout-constrained\" style=\"margin-top:4rem;margin-bottom:4rem\">\r\n<div class=\"tsc-cta-menu-block alignwide\"> \r\n\r\n  <div class=\"cta-menu-grid\">\r\n    \r\n    \r\n        <div class=\"tsc-cta-menu-wrapper\">\r\n          <a href=\"https:\/\/araisa.ca\/fr\/programmes\/jeunes-personnes-refugiees-cadre-pratique-pour-surmonter-les-obstacles-a-lemploi\/\" title=\"Jeunes personnes r\u00e9fugi\u00e9es &#8211; Cadre pratique pour surmonter les obstacles \u00e0 l&#8217;emploi\">\r\n            <img loading=\"lazy\" decoding=\"async\" width=\"2560\" height=\"1349\" src=\"https:\/\/araisa.ca\/wp-content\/uploads\/2025\/11\/araisa-fsc-project-page-thumbnail-website-scaled.jpg\" class=\"attachment-post-thumbnail size-post-thumbnail wp-post-image\" alt=\"\" srcset=\"https:\/\/araisa.ca\/wp-content\/uploads\/2025\/11\/araisa-fsc-project-page-thumbnail-website-scaled.jpg 2560w, https:\/\/araisa.ca\/wp-content\/uploads\/2025\/11\/araisa-fsc-project-page-thumbnail-website-300x158.jpg 300w, https:\/\/araisa.ca\/wp-content\/uploads\/2025\/11\/araisa-fsc-project-page-thumbnail-website-1024x540.jpg 1024w, https:\/\/araisa.ca\/wp-content\/uploads\/2025\/11\/araisa-fsc-project-page-thumbnail-website-768x405.jpg 768w, https:\/\/araisa.ca\/wp-content\/uploads\/2025\/11\/araisa-fsc-project-page-thumbnail-website-1536x810.jpg 1536w, https:\/\/araisa.ca\/wp-content\/uploads\/2025\/11\/araisa-fsc-project-page-thumbnail-website-2048x1079.jpg 2048w\" sizes=\"auto, (max-width: 2560px) 100vw, 2560px\" \/>          <\/a>\r\n\r\n          <h3>\r\n            <a href=\"https:\/\/araisa.ca\/fr\/programmes\/jeunes-personnes-refugiees-cadre-pratique-pour-surmonter-les-obstacles-a-lemploi\/\" title=\"Jeunes personnes r\u00e9fugi\u00e9es &#8211; Cadre pratique pour surmonter les obstacles \u00e0 l&#8217;emploi\">\r\n              Jeunes personnes r\u00e9fugi\u00e9es &#8211; Cadre pratique pour surmonter les obstacles \u00e0 l&#8217;emploi            <\/a>\r\n          <\/h3>\r\n          \r\n          <p>Ce projet, en partenariat avec ISANS, offre un cadre pratique et factuel pour la conception de programmes d&#8217;emploi adapt\u00e9s aux\u2026<\/p>          \r\n          \r\n        <\/div>  \r\n\r\n        \r\n        <div class=\"tsc-cta-menu-wrapper\">\r\n          <a href=\"https:\/\/araisa.ca\/fr\/programmes\/coordination-regionale-des-swis\/\" title=\"Coordination r\u00e9gionale des SWIS\">\r\n            <img loading=\"lazy\" decoding=\"async\" width=\"2560\" height=\"1349\" src=\"https:\/\/araisa.ca\/wp-content\/uploads\/2025\/09\/ARAISA_SWISpage_thumbnail-scaled.png\" class=\"attachment-post-thumbnail size-post-thumbnail wp-post-image\" alt=\"\" srcset=\"https:\/\/araisa.ca\/wp-content\/uploads\/2025\/09\/ARAISA_SWISpage_thumbnail-scaled.png 2560w, https:\/\/araisa.ca\/wp-content\/uploads\/2025\/09\/ARAISA_SWISpage_thumbnail-300x158.png 300w, https:\/\/araisa.ca\/wp-content\/uploads\/2025\/09\/ARAISA_SWISpage_thumbnail-1024x540.png 1024w, https:\/\/araisa.ca\/wp-content\/uploads\/2025\/09\/ARAISA_SWISpage_thumbnail-768x405.png 768w, https:\/\/araisa.ca\/wp-content\/uploads\/2025\/09\/ARAISA_SWISpage_thumbnail-1536x810.png 1536w, https:\/\/araisa.ca\/wp-content\/uploads\/2025\/09\/ARAISA_SWISpage_thumbnail-2048x1079.png 2048w\" sizes=\"auto, (max-width: 2560px) 100vw, 2560px\" \/>          <\/a>\r\n\r\n          <h3>\r\n            <a href=\"https:\/\/araisa.ca\/fr\/programmes\/coordination-regionale-des-swis\/\" title=\"Coordination r\u00e9gionale des SWIS\">\r\n              Coordination r\u00e9gionale des SWIS            <\/a>\r\n          <\/h3>\r\n          \r\n          <p>ARAISA coordonne l&rsquo;initiative SWIS dans les provinces atlantiques afin d&rsquo;assurer la coh\u00e9rence des services et de renforcer la collaboration nationale.<\/p>          \r\n          \r\n        <\/div>  \r\n\r\n        \r\n        <div class=\"tsc-cta-menu-wrapper\">\r\n          <a href=\"https:\/\/araisa.ca\/fr\/programmes\/projet-equite\/\" title=\"Projet \u00e9quit\u00e9\">\r\n            <img loading=\"lazy\" decoding=\"async\" width=\"2880\" height=\"1518\" src=\"https:\/\/araisa.ca\/wp-content\/uploads\/2025\/06\/ARAISA_EquityProject_ThumbnailWebsite_2025.png\" class=\"attachment-post-thumbnail size-post-thumbnail wp-post-image\" alt=\"\" srcset=\"https:\/\/araisa.ca\/wp-content\/uploads\/2025\/06\/ARAISA_EquityProject_ThumbnailWebsite_2025.png 2880w, https:\/\/araisa.ca\/wp-content\/uploads\/2025\/06\/ARAISA_EquityProject_ThumbnailWebsite_2025-300x158.png 300w, https:\/\/araisa.ca\/wp-content\/uploads\/2025\/06\/ARAISA_EquityProject_ThumbnailWebsite_2025-1024x540.png 1024w, https:\/\/araisa.ca\/wp-content\/uploads\/2025\/06\/ARAISA_EquityProject_ThumbnailWebsite_2025-768x405.png 768w, https:\/\/araisa.ca\/wp-content\/uploads\/2025\/06\/ARAISA_EquityProject_ThumbnailWebsite_2025-1536x810.png 1536w, https:\/\/araisa.ca\/wp-content\/uploads\/2025\/06\/ARAISA_EquityProject_ThumbnailWebsite_2025-2048x1079.png 2048w\" sizes=\"auto, (max-width: 2880px) 100vw, 2880px\" \/>          <\/a>\r\n\r\n          <h3>\r\n            <a href=\"https:\/\/araisa.ca\/fr\/programmes\/projet-equite\/\" title=\"Projet \u00e9quit\u00e9\">\r\n              Projet \u00e9quit\u00e9            <\/a>\r\n          <\/h3>\r\n          \r\n          <p>ARAISA, en partenariat avec CMNB, vise \u00e0 travailler avec les organismes communautaires pour renforcer les capacit\u00e9s et favoriser un meilleur\u2026<\/p>          \r\n          \r\n        <\/div>  \r\n\r\n        \r\n        <div class=\"tsc-cta-menu-wrapper\">\r\n          <a href=\"https:\/\/araisa.ca\/fr\/programmes\/projet-de-renforcement-de-la-capacite-danalyse-sectorielle-nationale-en-matiere-degalite-entre-les-hommes-et-les-femmes\/\" title=\"Projet de renforcement de la capacit\u00e9 d&rsquo;analyse sectorielle nationale en mati\u00e8re d&rsquo;\u00e9galit\u00e9 entre les hommes et les femmes\">\r\n            <img loading=\"lazy\" decoding=\"async\" width=\"852\" height=\"528\" src=\"https:\/\/araisa.ca\/wp-content\/uploads\/2024\/09\/CTA_GBA_plus_426x264.jpg\" class=\"attachment-post-thumbnail size-post-thumbnail wp-post-image\" alt=\"\" srcset=\"https:\/\/araisa.ca\/wp-content\/uploads\/2024\/09\/CTA_GBA_plus_426x264.jpg 852w, https:\/\/araisa.ca\/wp-content\/uploads\/2024\/09\/CTA_GBA_plus_426x264-300x186.jpg 300w, https:\/\/araisa.ca\/wp-content\/uploads\/2024\/09\/CTA_GBA_plus_426x264-768x476.jpg 768w\" sizes=\"auto, (max-width: 852px) 100vw, 852px\" \/>          <\/a>\r\n\r\n          <h3>\r\n            <a href=\"https:\/\/araisa.ca\/fr\/programmes\/projet-de-renforcement-de-la-capacite-danalyse-sectorielle-nationale-en-matiere-degalite-entre-les-hommes-et-les-femmes\/\" title=\"Projet de renforcement de la capacit\u00e9 d&rsquo;analyse sectorielle nationale en mati\u00e8re d&rsquo;\u00e9galit\u00e9 entre les hommes et les femmes\">\r\n              Projet de renforcement de la capacit\u00e9 d&rsquo;analyse sectorielle nationale en mati\u00e8re d&rsquo;\u00e9galit\u00e9 entre les hommes et les femmes            <\/a>\r\n          <\/h3>\r\n          \r\n          <p>Le projet Enhancing National Sector Gender-Based Analysis Plus Capacity a rassembl\u00e9 des organisations fa\u00eeti\u00e8res de tout le Canada pour identifier\u2026<\/p>          \r\n          \r\n        <\/div>  \r\n\r\n        \r\n        <div class=\"tsc-cta-menu-wrapper\">\r\n          <a href=\"https:\/\/araisa.ca\/fr\/programmes\/aide-a-letablissement-du-pia\/\" title=\"Aide \u00e0 l&rsquo;\u00e9tablissement du PICA\">\r\n            <img loading=\"lazy\" decoding=\"async\" width=\"852\" height=\"528\" src=\"https:\/\/araisa.ca\/wp-content\/uploads\/2024\/09\/CTA_aip_426x264.jpg\" class=\"attachment-post-thumbnail size-post-thumbnail wp-post-image\" alt=\"\" srcset=\"https:\/\/araisa.ca\/wp-content\/uploads\/2024\/09\/CTA_aip_426x264.jpg 852w, https:\/\/araisa.ca\/wp-content\/uploads\/2024\/09\/CTA_aip_426x264-300x186.jpg 300w, https:\/\/araisa.ca\/wp-content\/uploads\/2024\/09\/CTA_aip_426x264-768x476.jpg 768w\" sizes=\"auto, (max-width: 852px) 100vw, 852px\" \/>          <\/a>\r\n\r\n          <h3>\r\n            <a href=\"https:\/\/araisa.ca\/fr\/programmes\/aide-a-letablissement-du-pia\/\" title=\"Aide \u00e0 l&rsquo;\u00e9tablissement du PICA\">\r\n              Aide \u00e0 l&rsquo;\u00e9tablissement du PICA            <\/a>\r\n          <\/h3>\r\n          \r\n          <p>ARAISA et IRCC ont cr\u00e9\u00e9 un site pour aider les fournisseurs de services d&rsquo;\u00e9tablissement et d&rsquo;int\u00e9gration et les employeurs \u00e0\u2026<\/p>          \r\n          \r\n        <\/div>  \r\n\r\n        \r\n        <div class=\"tsc-cta-menu-wrapper\">\r\n          <a href=\"https:\/\/araisa.ca\/fr\/programmes\/mswp\/\" title=\"Programme d&rsquo;aide aux travailleurs migrants\">\r\n            <img loading=\"lazy\" decoding=\"async\" width=\"852\" height=\"528\" src=\"https:\/\/araisa.ca\/wp-content\/uploads\/2024\/07\/CTA_mwsp_426x264.jpg\" class=\"attachment-post-thumbnail size-post-thumbnail wp-post-image\" alt=\"\" srcset=\"https:\/\/araisa.ca\/wp-content\/uploads\/2024\/07\/CTA_mwsp_426x264.jpg 852w, https:\/\/araisa.ca\/wp-content\/uploads\/2024\/07\/CTA_mwsp_426x264-300x186.jpg 300w, https:\/\/araisa.ca\/wp-content\/uploads\/2024\/07\/CTA_mwsp_426x264-768x476.jpg 768w\" sizes=\"auto, (max-width: 852px) 100vw, 852px\" \/>          <\/a>\r\n\r\n          <h3>\r\n            <a href=\"https:\/\/araisa.ca\/fr\/programmes\/mswp\/\" title=\"Programme d&rsquo;aide aux travailleurs migrants\">\r\n              Programme d&rsquo;aide aux travailleurs migrants            <\/a>\r\n          <\/h3>\r\n          \r\n          <p>Le MWSP fournit aux travailleurs migrants de Nouvelle-\u00c9cosse, du Nouveau-Brunswick et de l&rsquo;\u00cele-du-Prince-\u00c9douard des informations pr\u00e9cises, un soutien et un\u2026<\/p>          \r\n          \r\n        <\/div>  \r\n\r\n        \r\n        <div class=\"tsc-cta-menu-wrapper\">\r\n          <a href=\"https:\/\/araisa.ca\/fr\/programmes\/groupes-de-travail\/\" title=\"Groupes de travail\">\r\n            <img loading=\"lazy\" decoding=\"async\" width=\"852\" height=\"528\" src=\"https:\/\/araisa.ca\/wp-content\/uploads\/2024\/09\/CTA_working_group_426x264.jpg\" class=\"attachment-post-thumbnail size-post-thumbnail wp-post-image\" alt=\"\" srcset=\"https:\/\/araisa.ca\/wp-content\/uploads\/2024\/09\/CTA_working_group_426x264.jpg 852w, https:\/\/araisa.ca\/wp-content\/uploads\/2024\/09\/CTA_working_group_426x264-300x186.jpg 300w, https:\/\/araisa.ca\/wp-content\/uploads\/2024\/09\/CTA_working_group_426x264-768x476.jpg 768w\" sizes=\"auto, (max-width: 852px) 100vw, 852px\" \/>          <\/a>\r\n\r\n          <h3>\r\n            <a href=\"https:\/\/araisa.ca\/fr\/programmes\/groupes-de-travail\/\" title=\"Groupes de travail\">\r\n              Groupes de travail            <\/a>\r\n          <\/h3>\r\n          \r\n          <p>Nos groupes de travail visent \u00e0 \u00e9tablir des liens, \u00e0 partager des connaissances et des pratiques prometteuses, et \u00e0 favoriser\u2026<\/p>          \r\n          \r\n        <\/div>  \r\n\r\n        \r\n        <div class=\"tsc-cta-menu-wrapper\">\r\n          <a href=\"https:\/\/araisa.ca\/fr\/programmes\/nos-evenements-et-rapports\/\" title=\"Nos rapports\">\r\n            <img loading=\"lazy\" decoding=\"async\" width=\"852\" height=\"528\" src=\"https:\/\/araisa.ca\/wp-content\/uploads\/2024\/09\/CTA_reports_426x264.jpg\" class=\"attachment-post-thumbnail size-post-thumbnail wp-post-image\" alt=\"\" srcset=\"https:\/\/araisa.ca\/wp-content\/uploads\/2024\/09\/CTA_reports_426x264.jpg 852w, https:\/\/araisa.ca\/wp-content\/uploads\/2024\/09\/CTA_reports_426x264-300x186.jpg 300w, https:\/\/araisa.ca\/wp-content\/uploads\/2024\/09\/CTA_reports_426x264-768x476.jpg 768w\" sizes=\"auto, (max-width: 852px) 100vw, 852px\" \/>          <\/a>\r\n\r\n          <h3>\r\n            <a href=\"https:\/\/araisa.ca\/fr\/programmes\/nos-evenements-et-rapports\/\" title=\"Nos rapports\">\r\n              Nos rapports            <\/a>\r\n          <\/h3>\r\n          \r\n          <p>Une archive de projets et de r\u00e9sum\u00e9s d&rsquo;\u00e9v\u00e9nements contenant des analyses et des recommandations pour le secteur de l&rsquo;\u00e9tablissement et\u2026<\/p>          \r\n          \r\n        <\/div>  \r\n\r\n        \r\n        <div class=\"tsc-cta-menu-wrapper\">\r\n          <a href=\"https:\/\/araisa.ca\/fr\/programmes\/innover-pour-avoir-un-impact\/\" title=\"Innover pour avoir un impact\">\r\n            <img loading=\"lazy\" decoding=\"async\" width=\"852\" height=\"528\" src=\"https:\/\/araisa.ca\/wp-content\/uploads\/2024\/04\/CTA_innovate_426x264.jpg\" class=\"attachment-post-thumbnail size-post-thumbnail wp-post-image\" alt=\"\" srcset=\"https:\/\/araisa.ca\/wp-content\/uploads\/2024\/04\/CTA_innovate_426x264.jpg 852w, https:\/\/araisa.ca\/wp-content\/uploads\/2024\/04\/CTA_innovate_426x264-300x186.jpg 300w, https:\/\/araisa.ca\/wp-content\/uploads\/2024\/04\/CTA_innovate_426x264-768x476.jpg 768w\" sizes=\"auto, (max-width: 852px) 100vw, 852px\" \/>          <\/a>\r\n\r\n          <h3>\r\n            <a href=\"https:\/\/araisa.ca\/fr\/programmes\/innover-pour-avoir-un-impact\/\" title=\"Innover pour avoir un impact\">\r\n              Innover pour avoir un impact            <\/a>\r\n          <\/h3>\r\n          \r\n          <p>D\u00e9couvrez comment un programme innovant financ\u00e9 par IRCC a aid\u00e9 les agences d&rsquo;\u00e9tablissement \u00e0 renforcer le sentiment d&rsquo;appartenance des nouveaux\u2026<\/p>          \r\n          \r\n        <\/div>  \r\n\r\n        \r\n        <div class=\"tsc-cta-menu-wrapper\">\r\n          <a href=\"https:\/\/araisa.ca\/fr\/programmes\/archives-des-projets\/\" title=\"Archives des projets\">\r\n            <img loading=\"lazy\" decoding=\"async\" width=\"852\" height=\"528\" src=\"https:\/\/araisa.ca\/wp-content\/uploads\/2024\/09\/CTA_426x264.jpg\" class=\"attachment-post-thumbnail size-post-thumbnail wp-post-image\" alt=\"\" srcset=\"https:\/\/araisa.ca\/wp-content\/uploads\/2024\/09\/CTA_426x264.jpg 852w, https:\/\/araisa.ca\/wp-content\/uploads\/2024\/09\/CTA_426x264-300x186.jpg 300w, https:\/\/araisa.ca\/wp-content\/uploads\/2024\/09\/CTA_426x264-768x476.jpg 768w\" sizes=\"auto, (max-width: 852px) 100vw, 852px\" \/>          <\/a>\r\n\r\n          <h3>\r\n            <a href=\"https:\/\/araisa.ca\/fr\/programmes\/archives-des-projets\/\" title=\"Archives des projets\">\r\n              Archives des projets            <\/a>\r\n          <\/h3>\r\n          \r\n          <p>Consultez nos archives de projets et d&rsquo;initiatives ant\u00e9rieurs.<\/p>          \r\n          \r\n        <\/div>  \r\n\r\n        \r\n  <\/div>\r\n<\/div>\r\n<\/div>\n<\/div>\n","protected":false},"excerpt":{"rendered":"<p>D\u00e9couvrez les programmes, les \u00e9v\u00e9nements et les rapports que nous menons pour faire progresser le secteur de l&rsquo;\u00e9tablissement et de&#8230;<\/p>\n","protected":false},"author":2,"featured_media":0,"parent":0,"menu_order":0,"comment_status":"closed","ping_status":"closed","template":"","meta":{"_acf_changed":true,"_EventAllDay":false,"_EventTimezone":"","_EventStartDate":"","_EventEndDate":"","_EventStartDateUTC":"","_EventEndDateUTC":"","_EventShowMap":false,"_EventShowMapLink":false,"_EventURL":"","_EventCost":"","_EventCostDescription":"","_EventCurrencySymbol":"","_EventCurrencyCode":"","_EventCurrencyPosition":"","_EventDateTimeSeparator":"","_EventTimeRangeSeparator":"","_EventOrganizerID":[],"_EventVenueID":[],"_OrganizerEmail":"","_OrganizerPhone":"","_OrganizerWebsite":"","_VenueAddress":"","_VenueCity":"","_VenueCountry":"","_VenueProvince":"","_VenueState":"","_VenueZip":"","_VenuePhone":"","_VenueURL":"","_VenueStateProvince":"","_VenueLat":"","_VenueLng":"","_VenueShowMap":false,"_VenueShowMapLink":false,"footnotes":""},"class_list":["post-581","page","type-page","status-publish","hentry"],"acf":[],"_links":{"self":[{"href":"https:\/\/araisa.ca\/fr\/wp-json\/wp\/v2\/pages\/581","targetHints":{"allow":["GET"]}}],"collection":[{"href":"https:\/\/araisa.ca\/fr\/wp-json\/wp\/v2\/pages"}],"about":[{"href":"https:\/\/araisa.ca\/fr\/wp-json\/wp\/v2\/types\/page"}],"author":[{"embeddable":true,"href":"https:\/\/araisa.ca\/fr\/wp-json\/wp\/v2\/users\/2"}],"replies":[{"embeddable":true,"href":"https:\/\/araisa.ca\/fr\/wp-json\/wp\/v2\/comments?post=581"}],"version-history":[{"count":0,"href":"https:\/\/araisa.ca\/fr\/wp-json\/wp\/v2\/pages\/581\/revisions"}],"wp:attachment":[{"href":"https:\/\/araisa.ca\/fr\/wp-json\/wp\/v2\/media?parent=581"}],"curies":[{"name":"wp","href":"https:\/\/api.w.org\/{rel}","templated":true}]}}