{"id":601,"date":"2024-02-22T21:52:35","date_gmt":"2024-02-23T01:52:35","guid":{"rendered":"http:\/\/araisa.localwp\/ressources\/affaires-courantes\/"},"modified":"2026-03-20T11:00:15","modified_gmt":"2026-03-20T14:00:15","slug":"affaires-courantes","status":"publish","type":"page","link":"https:\/\/araisa.ca\/fr\/ressources\/affaires-courantes\/","title":{"rendered":"Au premier plan"},"content":{"rendered":"\n<div class=\"wp-block-group alignwide has-global-padding is-layout-constrained wp-block-group-is-layout-constrained\">\n<p class=\"has-text-align-center\">Informations sur les questions et les \u00e9v\u00e9nements mondiaux qui affectent actuellement le secteur de l&rsquo;\u00e9tablissement et de l&rsquo;int\u00e9gration<\/p>\n\n\n\n<figure class=\"wp-block-image alignwide size-large\"><img loading=\"lazy\" decoding=\"async\" width=\"1024\" height=\"540\" src=\"https:\/\/araisa.ca\/wp-content\/uploads\/2024\/04\/araisa_frontcentre_144-1024x540.png\" alt=\"\" class=\"wp-image-2007\" srcset=\"https:\/\/araisa.ca\/wp-content\/uploads\/2024\/04\/araisa_frontcentre_144-1024x540.png 1024w, https:\/\/araisa.ca\/wp-content\/uploads\/2024\/04\/araisa_frontcentre_144-300x158.png 300w, https:\/\/araisa.ca\/wp-content\/uploads\/2024\/04\/araisa_frontcentre_144-768x405.png 768w, https:\/\/araisa.ca\/wp-content\/uploads\/2024\/04\/araisa_frontcentre_144-1536x810.png 1536w, https:\/\/araisa.ca\/wp-content\/uploads\/2024\/04\/araisa_frontcentre_144-2048x1079.png 2048w\" sizes=\"auto, (max-width: 1024px) 100vw, 1024px\" \/><\/figure>\n\n\n\n<div class=\"wp-block-columns alignwide is-layout-flex wp-container-core-columns-is-layout-28f84493 wp-block-columns-is-layout-flex\">\n<div class=\"wp-block-column is-layout-flow wp-block-column-is-layout-flow\" style=\"flex-basis:66.66%\">\n<div class=\"wp-block-group alignwide has-global-padding is-layout-constrained wp-container-core-group-is-layout-346627ba wp-block-group-is-layout-constrained\">\n<p>Cette section pr\u00e9sente les informations du gouvernement du Canada concernant les mesures temporaires prises en mati\u00e8re d&rsquo;immigration, de passeports et de citoyennet\u00e9 en r\u00e9ponse aux crises mondiales et aux situations d&rsquo;urgence au Canada.<\/p>\n\n\n\n<p>Si vous travaillez avec des personnes immigrantes ou r\u00e9fugi\u00e9es touch\u00e9es par un conflit, une catastrophe naturelle ou une urgence humanitaire, les liens ci-dessous fournissent des informations d\u00e9taill\u00e9es sur les aides disponibles, les conditions d&rsquo;\u00e9ligibilit\u00e9 et les modalit\u00e9s de demande. <\/p>\n\n\n\n<p>Consultez r\u00e9guli\u00e8rement ces pages et ces liens ; les mises \u00e0 jour et les calendriers peuvent changer rapidement. <\/p>\n<\/div>\n\n\n\n<div class=\"wp-block-group alignwide has-global-padding is-layout-constrained wp-container-core-group-is-layout-346627ba wp-block-group-is-layout-constrained\">\n<h2 class=\"wp-block-heading alignwide has-tc-red-color has-text-color has-link-color wp-elements-707c426e641114dbe788fc3927903ecd\">L&rsquo;Iran<\/h2>\n\n\n\n<h4 class=\"wp-block-heading alignwide has-medium-font-size\" style=\"margin-bottom:var(--wp--preset--spacing--60)\"><strong>Derni\u00e8re mise \u00e0 jour : 20 mars 2026<br\/><\/strong><\/h4>\n\n\n\n<p>Cette page fournit des informations actualis\u00e9es sur les mesures d&rsquo;immigration temporaire pour les ressortissantes et ressortissants d&rsquo;Iran travaillant au Canada. Elle indique qui peut b\u00e9n\u00e9ficier d&rsquo;un soutien prolong\u00e9 jusqu&rsquo;au 31 mars 2027 et comprend un outil pour aider \u00e0 d\u00e9terminer l&rsquo;\u00e9ligibilit\u00e9. <\/p>\n\n\n\n<p><a href=\"https:\/\/www.canada.ca\/en\/immigration-refugees-citizenship\/services\/refugees\/afghanistan.html\"><\/a><a href=\"https:\/\/www.canada.ca\/fr\/immigration-refugies-citoyennete\/services\/iran.html\" target=\"_blank\" rel=\"noreferrer noopener\">Situation en Iran : Mesures temporaires en mati\u00e8re d&rsquo;immigration, de passeport et de citoyennet\u00e9<\/a><\/p>\n<\/div>\n\n\n\n<div class=\"wp-block-group alignwide has-global-padding is-layout-constrained wp-container-core-group-is-layout-346627ba wp-block-group-is-layout-constrained\">\n<h2 class=\"wp-block-heading alignwide has-tc-red-color has-text-color has-link-color wp-elements-40ddb427cb3400b3c218787a1f44f11c\">Gaza et la Cisjordanie<\/h2>\n\n\n\n<h4 class=\"wp-block-heading alignwide has-medium-font-size\" style=\"margin-bottom:var(--wp--preset--spacing--60)\"><strong>Derni\u00e8re mise \u00e0 jour : 20 mars 2026<br\/><\/strong><\/h4>\n\n\n\n<p>Cette page pr\u00e9sente les mesures d&rsquo;immigration temporaire pour les personnes ayant un passeport palestinien et les membres de leur famille au Canada, prolong\u00e9es jusqu&rsquo;au 31 juillet 2026. Elle \u00e9num\u00e8re les personnes admissibles en fonction de leur lien avec le Canada et de la crise du 7 octobre 2023, et comprend un outil permettant de v\u00e9rifier l&rsquo;admissibilit\u00e9. <\/p>\n\n\n\n<p><a href=\"https:\/\/www.canada.ca\/en\/immigration-refugees-citizenship\/services\/refugees\/afghanistan.html\"><\/a><a href=\"https:\/\/www.canada.ca\/fr\/immigration-refugies-citoyennete\/services\/israel-cisjordanie-gaza-2023\/canada-rt-mesures.html\" target=\"_blank\" rel=\"noreferrer noopener\">Mesures pour les d\u00e9tenteurs des passeports palestiniens au Canada et les \u00e9trangers membres de la famille de citoyens et r\u00e9sidents permanents canadiens au Canada <\/a><\/p>\n<\/div>\n\n\n\n<div class=\"wp-block-group alignwide has-global-padding is-layout-constrained wp-container-core-group-is-layout-346627ba wp-block-group-is-layout-constrained\">\n<h2 class=\"wp-block-heading alignwide has-tc-red-color has-text-color has-link-color wp-elements-d92a72334edae2e8d4684f786d4b7a06\">Soudan<\/h2>\n\n\n\n<h4 class=\"wp-block-heading alignwide has-medium-font-size\" style=\"margin-bottom:var(--wp--preset--spacing--60)\"><strong>Derni\u00e8re mise \u00e0 jour : 14 ao\u00fbt 2025<\/strong><\/h4>\n\n\n\n<p>Cette page pr\u00e9sente la r\u00e9ponse du Canada \u00e0 la crise au Soudan, y compris les mesures d&rsquo;immigration temporaires pour les personnes de nationalit\u00e9 soudanaise au Canada et les membres de la famille de personnes de nationalit\u00e9 canadienne qui ont fui le conflit. Elle fournit des coordonn\u00e9es d&rsquo;urgence, des conseils aux personnes de nationalit\u00e9 canadienne et aux personnes ayant le statut de r\u00e9sident permanent qui souhaitent quitter le Soudan, ainsi que des d\u00e9tails sur l&rsquo;aide humanitaire et les efforts diplomatiques d\u00e9ploy\u00e9s par le Canada pour soutenir la paix et la stabilit\u00e9 dans la r\u00e9gion. <\/p>\n\n\n\n<p><a href=\"https:\/\/www.international.gc.ca\/world-monde\/issues_development-enjeux_developpement\/response_conflict-reponse_conflits\/crisis-crises\/sudan-soudan.aspx?lang=fra\" target=\"_blank\" rel=\"noreferrer noopener\">R\u00e9ponse du Canada \u00e0 la crise au Soudan<\/a><\/p>\n<\/div>\n\n\n\n<div class=\"wp-block-group alignwide has-global-padding is-layout-constrained wp-container-core-group-is-layout-346627ba wp-block-group-is-layout-constrained\">\n<h2 class=\"wp-block-heading alignwide has-tc-red-color has-text-color has-link-color wp-elements-a062b154811c1abb20ee5aa58e432fe3\">Ukraine<\/h2>\n\n\n\n<h4 class=\"wp-block-heading alignwide has-medium-font-size\" style=\"margin-bottom:var(--wp--preset--spacing--60)\"><strong>Derni\u00e8re mise \u00e0 jour : 14 ao\u00fbt 2025<\/strong><\/h4>\n\n\n\n<h3 class=\"wp-block-heading\">Mesures en mati\u00e8re d&rsquo;immigration et soutien aux Ukrainiens et \u00e0 leurs familles<\/h3>\n\n\n\n<p style=\"margin-bottom:var(--wp--preset--spacing--60)\">Cette page explique les mesures d&rsquo;aide \u00e0 l&rsquo;immigration actuellement offertes aux Ukrainien-ne-s au Canada, en particulier aux personnes qui sont arriv\u00e9es dans le cadre du programme d&rsquo;autorisation de voyage d&rsquo;urgence Canada-Ukraine (CUAET), qui a cess\u00e9 d&rsquo;accepter de nouvelles demandes le 15 juillet 2023. Elle d\u00e9crit les options permettant de prolonger le statut de r\u00e9sident temporaire, de demander un permis de travail ou d&rsquo;\u00e9tudes ouvert, et fournit des conseils aux personnes qui font face \u00e0 des retards dans le renouvellement de leur passeport ukrainien pendant leur s\u00e9jour au Canada. <\/p>\n\n\n\n<p><a href=\"https:\/\/www.canada.ca\/en\/immigration-refugees-citizenship\/services\/immigrate-canada\/ukraine-measures.html\" target=\"_blank\" rel=\"noreferrer noopener\">Mesures en mati\u00e8re d&rsquo;immigration et soutien aux Ukrainiens et \u00e0 leurs familles<\/a><\/p>\n\n\n\n<p><\/p>\n\n\n\n<h3 class=\"wp-block-heading\">Appel \u00e0 l\u2019action : Soutien de l&rsquo;industrie canadienne \u00e0 l&rsquo;Ukraine<\/h3>\n\n\n\n<p>Cette page invite les entreprises canadiennes \u00e0 soutenir les personnes d\u00e9plac\u00e9es d&rsquo;Ukraine dans le cadre du programme d&rsquo;aide humanitaire canadien, d\u00e9sormais g\u00e9r\u00e9 par AMSSA. Elle souligne la solidarit\u00e9 continue du Canada envers l&rsquo;Ukraine et encourage les entreprises \u00e0 fournir des biens, des services ou des fonds pour aider les personnes qui se r\u00e9installent au Canada en raison du conflit en cours. <\/p>\n\n\n\n<p><br\/><a href=\"https:\/\/www.canada.ca\/fr\/services\/entreprises\/industriepourlukraine.html\" target=\"_blank\" rel=\"noreferrer noopener\">Soutien de l\u2019industrie canadienne \u00e0 l\u2019Ukraine<\/a><\/p>\n<\/div>\n\n\n\n<div class=\"wp-block-group alignwide has-global-padding is-layout-constrained wp-container-core-group-is-layout-346627ba wp-block-group-is-layout-constrained\">\n<h2 class=\"wp-block-heading alignwide has-tc-red-color has-text-color has-link-color wp-elements-2b98445cc24080b7cf93665f60f8e8d9\">La r\u00e9ponse du Canada au conflit au Liban<\/h2>\n\n\n\n<h4 class=\"wp-block-heading alignwide has-medium-font-size\" style=\"margin-bottom:var(--wp--preset--spacing--60)\"><strong>Derni\u00e8re mise \u00e0 jour : 14 ao\u00fbt 2025<\/strong><\/h4>\n\n\n\n<p>Cette page pr\u00e9sente la r\u00e9ponse du Canada au conflit au Liban, notamment les mesures d&rsquo;immigration temporaires pour les personnes touch\u00e9es au Canada, le soutien aux personnes de nationalit\u00e9 canadienne et aux personnes ayant le statut de r\u00e9sident permanent au Liban, ainsi que les efforts d&rsquo;aide humanitaire. Elle fournit des avis aux voyageurs, les coordonn\u00e9es des services d&rsquo;urgence, des d\u00e9tails sur les documents de voyage disponibles et des mises \u00e0 jour sur les vols coordonn\u00e9s par le Canada et le soutien international. <\/p>\n\n\n\n<p><br\/><a href=\"https:\/\/www.international.gc.ca\/world-monde\/issues_development-enjeux_developpement\/response_conflict-reponse_conflits\/crisis-crises\/lebanon-liban.aspx?lang=fra\" target=\"_blank\" rel=\"noreferrer noopener\">La r\u00e9ponse du Canada au conflit au Liban<\/a><\/p>\n\n\n\n<p><\/p>\n<\/div>\n\n\n\n<div style=\"height:100px\" aria-hidden=\"true\" class=\"wp-block-spacer\"><\/div>\n\n\n\n<h2 class=\"wp-block-heading has-tc-blue-color has-text-color has-link-color has-x-large-font-size wp-elements-c65e050e88ea6f8081229565dc8cdcee\">Y a-t-il autre chose que nous pouvons faire pour vous aider ?<\/h2>\n\n\n\n<p class=\"has-tc-blue-color has-text-color has-link-color wp-elements-5bf94306c835aa5c077c9cfb4b8041db\"><strong>Retournez dans le menu Ressources et d\u00e9couvrez les autres ressources disponibles.<\/strong><\/p>\n\n\n\n<div class=\"wp-block-buttons is-layout-flex wp-block-buttons-is-layout-flex\">\n<div class=\"wp-block-button\"><a class=\"wp-block-button__link has-tc-red-background-color has-background wp-element-button\" href=\"https:\/\/araisa.ca\/fr\/ressources\/\">Menu Ressources<\/a><\/div>\n<\/div>\n<\/div>\n\n\n\n<div class=\"wp-block-column is-layout-flow wp-block-column-is-layout-flow\" style=\"flex-basis:33.33%\"><\/div>\n<\/div>\n<\/div>\n","protected":false},"excerpt":{"rendered":"Informations sur les questions et les \u00e9v\u00e9nements mondiaux qui affectent actuellement le secteur de l'\u00e9tablissement et de l'int\u00e9gration.","protected":false},"author":2,"featured_media":2010,"parent":573,"menu_order":0,"comment_status":"closed","ping_status":"closed","template":"","meta":{"_acf_changed":false,"_EventAllDay":false,"_EventTimezone":"","_EventStartDate":"","_EventEndDate":"","_EventStartDateUTC":"","_EventEndDateUTC":"","_EventShowMap":false,"_EventShowMapLink":false,"_EventURL":"","_EventCost":"","_EventCostDescription":"","_EventCurrencySymbol":"","_EventCurrencyCode":"","_EventCurrencyPosition":"","_EventDateTimeSeparator":"","_EventTimeRangeSeparator":"","_EventOrganizerID":[],"_EventVenueID":[],"_OrganizerEmail":"","_OrganizerPhone":"","_OrganizerWebsite":"","_VenueAddress":"","_VenueCity":"","_VenueCountry":"","_VenueProvince":"","_VenueState":"","_VenueZip":"","_VenuePhone":"","_VenueURL":"","_VenueStateProvince":"","_VenueLat":"","_VenueLng":"","_VenueShowMap":false,"_VenueShowMapLink":false,"footnotes":""},"class_list":["post-601","page","type-page","status-publish","has-post-thumbnail","hentry"],"acf":[],"_links":{"self":[{"href":"https:\/\/araisa.ca\/fr\/wp-json\/wp\/v2\/pages\/601","targetHints":{"allow":["GET"]}}],"collection":[{"href":"https:\/\/araisa.ca\/fr\/wp-json\/wp\/v2\/pages"}],"about":[{"href":"https:\/\/araisa.ca\/fr\/wp-json\/wp\/v2\/types\/page"}],"author":[{"embeddable":true,"href":"https:\/\/araisa.ca\/fr\/wp-json\/wp\/v2\/users\/2"}],"replies":[{"embeddable":true,"href":"https:\/\/araisa.ca\/fr\/wp-json\/wp\/v2\/comments?post=601"}],"version-history":[{"count":0,"href":"https:\/\/araisa.ca\/fr\/wp-json\/wp\/v2\/pages\/601\/revisions"}],"up":[{"embeddable":true,"href":"https:\/\/araisa.ca\/fr\/wp-json\/wp\/v2\/pages\/573"}],"wp:featuredmedia":[{"embeddable":true,"href":"https:\/\/araisa.ca\/fr\/wp-json\/wp\/v2\/media\/2010"}],"wp:attachment":[{"href":"https:\/\/araisa.ca\/fr\/wp-json\/wp\/v2\/media?parent=601"}],"curies":[{"name":"wp","href":"https:\/\/api.w.org\/{rel}","templated":true}]}}