{"id":613,"date":"2024-02-18T21:35:27","date_gmt":"2024-02-18T21:35:27","guid":{"rendered":"http:\/\/araisa.localwp\/declaration-daccessibilite\/"},"modified":"2025-03-19T15:45:31","modified_gmt":"2025-03-19T18:45:31","slug":"declaration-daccessibilite","status":"publish","type":"page","link":"https:\/\/araisa.ca\/fr\/declaration-daccessibilite\/","title":{"rendered":"D\u00e9claration d&rsquo;accessibilit\u00e9"},"content":{"rendered":"\n<div class=\"wp-block-group alignwide has-global-padding is-layout-constrained wp-block-group-is-layout-constrained\">\n<div class=\"wp-block-columns alignwide is-layout-flex wp-container-core-columns-is-layout-28f84493 wp-block-columns-is-layout-flex\">\n<div class=\"wp-block-column is-layout-flow wp-block-column-is-layout-flow\" style=\"flex-basis:66.66%\">\n<h3 class=\"wp-block-heading has-tc-red-color has-text-color has-link-color wp-elements-9f164c4e6c71f3dd2bd3444a9bcbbd21\">D\u00e9claration d&rsquo;engagement<\/h3>\n\n\n\n<p>ARAISA s&rsquo;engage \u00e0 rendre son site Web accessible conform\u00e9ment aux directives d&rsquo;accessibilit\u00e9 au contenu Web (WCAG) &#8211; en particulier une norme AA selon les directives WCAG 2.1.<\/p>\n\n\n\n<p>Nous nous effor\u00e7ons d&rsquo;am\u00e9liorer l&rsquo;accessibilit\u00e9 et de r\u00e9soudre les probl\u00e8mes identifi\u00e9s de mani\u00e8re continue. Voici quelques exemples de contenus non accessibles : <\/p>\n\n\n\n<ul class=\"wp-block-list\">\n<li>Certains PDF t\u00e9l\u00e9chargeables peuvent ne pas \u00eatre totalement accessibles.<\/li>\n\n\n\n<li>Contenu provenant de YouTube et Vimeo<\/li>\n<\/ul>\n\n\n\n<p>ARAISA s&rsquo;engage \u00e0 assurer l&rsquo;accessibilit\u00e9 num\u00e9rique pour les personnes handicap\u00e9es et nous accueillons avec plaisir tout commentaire concernant l&rsquo;accessibilit\u00e9 de ce site web.<\/p>\n\n\n\n<p>Vous pouvez nous contacter par <a href=\"mailto:info@araisa.ca\" target=\"_blank\" rel=\"noreferrer noopener\">courrier \u00e9lectronique<\/a> ou en utilisant notre <a href=\"https:\/\/araisa.ca\/fr\/contact\/\">formulaire de contact<\/a>.<\/p>\n\n\n\n<div style=\"height:100px\" aria-hidden=\"true\" class=\"wp-block-spacer\"><\/div>\n<\/div>\n\n\n\n<div class=\"wp-block-column is-layout-flow wp-block-column-is-layout-flow\" style=\"flex-basis:33.33%\"><\/div>\n<\/div>\n<\/div>\n","protected":false},"excerpt":{"rendered":"<p>D\u00e9claration d&rsquo;engagement ARAISA s&rsquo;engage \u00e0 rendre son site Web accessible conform\u00e9ment aux directives d&rsquo;accessibilit\u00e9 au contenu Web (WCAG) &#8211; en&#8230;<\/p>\n","protected":false},"author":2,"featured_media":0,"parent":0,"menu_order":0,"comment_status":"closed","ping_status":"closed","template":"","meta":{"_acf_changed":false,"_EventAllDay":false,"_EventTimezone":"","_EventStartDate":"","_EventEndDate":"","_EventStartDateUTC":"","_EventEndDateUTC":"","_EventShowMap":false,"_EventShowMapLink":false,"_EventURL":"","_EventCost":"","_EventCostDescription":"","_EventCurrencySymbol":"","_EventCurrencyCode":"","_EventCurrencyPosition":"","_EventDateTimeSeparator":"","_EventTimeRangeSeparator":"","_EventOrganizerID":[],"_EventVenueID":[],"_OrganizerEmail":"","_OrganizerPhone":"","_OrganizerWebsite":"","_VenueAddress":"","_VenueCity":"","_VenueCountry":"","_VenueProvince":"","_VenueState":"","_VenueZip":"","_VenuePhone":"","_VenueURL":"","_VenueStateProvince":"","_VenueLat":"","_VenueLng":"","_VenueShowMap":false,"_VenueShowMapLink":false,"footnotes":""},"class_list":["post-613","page","type-page","status-publish","hentry"],"acf":[],"_links":{"self":[{"href":"https:\/\/araisa.ca\/fr\/wp-json\/wp\/v2\/pages\/613","targetHints":{"allow":["GET"]}}],"collection":[{"href":"https:\/\/araisa.ca\/fr\/wp-json\/wp\/v2\/pages"}],"about":[{"href":"https:\/\/araisa.ca\/fr\/wp-json\/wp\/v2\/types\/page"}],"author":[{"embeddable":true,"href":"https:\/\/araisa.ca\/fr\/wp-json\/wp\/v2\/users\/2"}],"replies":[{"embeddable":true,"href":"https:\/\/araisa.ca\/fr\/wp-json\/wp\/v2\/comments?post=613"}],"version-history":[{"count":0,"href":"https:\/\/araisa.ca\/fr\/wp-json\/wp\/v2\/pages\/613\/revisions"}],"wp:attachment":[{"href":"https:\/\/araisa.ca\/fr\/wp-json\/wp\/v2\/media?parent=613"}],"curies":[{"name":"wp","href":"https:\/\/api.w.org\/{rel}","templated":true}]}}