{"id":614,"date":"2024-02-22T21:55:40","date_gmt":"2024-02-23T01:55:40","guid":{"rendered":"http:\/\/araisa.localwp\/apprendre\/cours-et-connexion\/"},"modified":"2025-12-17T16:58:45","modified_gmt":"2025-12-17T20:58:45","slug":"cours-et-connexion","status":"publish","type":"page","link":"https:\/\/araisa.ca\/fr\/formations\/cours-et-connexion\/","title":{"rendered":"Cours"},"content":{"rendered":"\n<div class=\"wp-block-group alignwide has-global-padding is-layout-constrained wp-block-group-is-layout-constrained\">\n<p class=\"has-text-align-center\">Con\u00e7us sp\u00e9cifiquement pour le personnel du secteur de l&rsquo;\u00e9tablissement et de l&rsquo;int\u00e9gration, ces cours ne se limitent pas \u00e0 l&rsquo;acquisition de connaissances ; ils visent \u00e0 donner des moyens d&rsquo;action aux personnes qui donnent des moyens d&rsquo;action aux personnes nouvellement arriv\u00e9es. En progressant, en affinant vos comp\u00e9tences et vos connaissances \u00e0 votre propre rythme, vous ne faites pas que progresser sur le plan professionnel ; vous am\u00e9liorez les services que vous offrez \u00e0 vos clients et vous amplifiez votre impact positif.  <\/p>\n\n\n\n<p class=\"has-text-align-center\">Si vous avez des questions ou rencontrez des probl\u00e8mes avec nos cours, contactez-nous \u00e0 l&rsquo;adresse suivante <a href=\"mailto:info@araisa.ca\">: info@araisa.ca<\/a>  <\/p>\n\n\n\n<figure class=\"wp-block-image alignwide size-large\"><img loading=\"lazy\" decoding=\"async\" width=\"1024\" height=\"540\" src=\"https:\/\/araisa.ca\/wp-content\/uploads\/2024\/04\/araisa_courses_144-1024x540.png\" alt=\"\" class=\"wp-image-2015\" srcset=\"https:\/\/araisa.ca\/wp-content\/uploads\/2024\/04\/araisa_courses_144-1024x540.png 1024w, https:\/\/araisa.ca\/wp-content\/uploads\/2024\/04\/araisa_courses_144-300x158.png 300w, https:\/\/araisa.ca\/wp-content\/uploads\/2024\/04\/araisa_courses_144-768x405.png 768w, https:\/\/araisa.ca\/wp-content\/uploads\/2024\/04\/araisa_courses_144-1536x810.png 1536w, https:\/\/araisa.ca\/wp-content\/uploads\/2024\/04\/araisa_courses_144-2048x1079.png 2048w\" sizes=\"auto, (max-width: 1024px) 100vw, 1024px\" \/><\/figure>\n\n\n\n<div style=\"height:30px\" aria-hidden=\"true\" class=\"wp-block-spacer\"><\/div>\n\n\n\r\n<div class=\"tsc-cta-menu-block alignwide\"> \r\n\r\n  <div class=\"cta-menu-grid\">\r\n    \r\n    \r\n        <div class=\"tsc-cta-menu-wrapper\">\r\n          <a href=\"https:\/\/araisa.ca\/fr\/courses\/cours-innover-pour-avoir-un-impact\/\" title=\"Innover pour avoir un impact\">\r\n            <img loading=\"lazy\" decoding=\"async\" width=\"852\" height=\"528\" src=\"https:\/\/araisa.ca\/wp-content\/uploads\/2025\/01\/ii_course_426x264.jpg\" class=\"attachment-post-thumbnail size-post-thumbnail wp-post-image\" alt=\"\" srcset=\"https:\/\/araisa.ca\/wp-content\/uploads\/2025\/01\/ii_course_426x264.jpg 852w, https:\/\/araisa.ca\/wp-content\/uploads\/2025\/01\/ii_course_426x264-300x186.jpg 300w, https:\/\/araisa.ca\/wp-content\/uploads\/2025\/01\/ii_course_426x264-768x476.jpg 768w\" sizes=\"auto, (max-width: 852px) 100vw, 852px\" \/>          <\/a>\r\n\r\n          <h3>\r\n            <a href=\"https:\/\/araisa.ca\/fr\/courses\/cours-innover-pour-avoir-un-impact\/\" title=\"Innover pour avoir un impact\">\r\n              Innover pour avoir un impact            <\/a>\r\n          <\/h3>\r\n          \r\n          <p>Dans ce cours en dix modules, apprenez \u00e0 renforcer le sentiment d\u2019appartenance des nouveaux arrivants en utilisant de nouvelles m\u00e9thodes\u2026<\/p>          \r\n          \r\n        <\/div>  \r\n\r\n        \r\n        <div class=\"tsc-cta-menu-wrapper\">\r\n          <a href=\"https:\/\/araisa.ca\/fr\/courses\/principes-de-base-de-evaluation-et-de-la-mesure-du-rendement\/\" title=\"Principes de base de l&rsquo;\u00e9valuation et de la mesure du rendement\">\r\n            <img loading=\"lazy\" decoding=\"async\" width=\"852\" height=\"528\" src=\"https:\/\/araisa.ca\/wp-content\/uploads\/2021\/04\/foundations_course_426x264.jpg\" class=\"attachment-post-thumbnail size-post-thumbnail wp-post-image\" alt=\"\" srcset=\"https:\/\/araisa.ca\/wp-content\/uploads\/2021\/04\/foundations_course_426x264.jpg 852w, https:\/\/araisa.ca\/wp-content\/uploads\/2021\/04\/foundations_course_426x264-300x186.jpg 300w, https:\/\/araisa.ca\/wp-content\/uploads\/2021\/04\/foundations_course_426x264-768x476.jpg 768w\" sizes=\"auto, (max-width: 852px) 100vw, 852px\" \/>          <\/a>\r\n\r\n          <h3>\r\n            <a href=\"https:\/\/araisa.ca\/fr\/courses\/principes-de-base-de-evaluation-et-de-la-mesure-du-rendement\/\" title=\"Principes de base de l&rsquo;\u00e9valuation et de la mesure du rendement\">\r\n              Principes de base de l&rsquo;\u00e9valuation et de la mesure du rendement            <\/a>\r\n          <\/h3>\r\n          \r\n          <p>Un cours en cinq modules con\u00e7u pour aider les praticiens de l\u2019\u00e9tablissement et de l\u2019int\u00e9gration \u00e0 am\u00e9liorer leur capacit\u00e9 \u00e0\u2026<\/p>          \r\n          \r\n        <\/div>  \r\n\r\n        \r\n        <div class=\"tsc-cta-menu-wrapper\">\r\n          <a href=\"https:\/\/araisa.ca\/fr\/courses\/aip-formation-des-formateurs-creer-un-environnement-de-travail-accueillant\/\" title=\"AIP Formation des formateurs\">\r\n            <img loading=\"lazy\" decoding=\"async\" width=\"852\" height=\"528\" src=\"https:\/\/araisa.ca\/wp-content\/uploads\/2024\/11\/BBWTTT_426x264.jpg\" class=\"attachment-post-thumbnail size-post-thumbnail wp-post-image\" alt=\"\" srcset=\"https:\/\/araisa.ca\/wp-content\/uploads\/2024\/11\/BBWTTT_426x264.jpg 852w, https:\/\/araisa.ca\/wp-content\/uploads\/2024\/11\/BBWTTT_426x264-300x186.jpg 300w, https:\/\/araisa.ca\/wp-content\/uploads\/2024\/11\/BBWTTT_426x264-768x476.jpg 768w\" sizes=\"auto, (max-width: 852px) 100vw, 852px\" \/>          <\/a>\r\n\r\n          <h3>\r\n            <a href=\"https:\/\/araisa.ca\/fr\/courses\/aip-formation-des-formateurs-creer-un-environnement-de-travail-accueillant\/\" title=\"AIP Formation des formateurs\">\r\n              AIP Formation des formateurs            <\/a>\r\n          <\/h3>\r\n          \r\n          <p>Ce cours pr\u00e9sente le contenu, l&rsquo;approche et le mat\u00e9riel n\u00e9cessaires pour dispenser la formation en comp\u00e9tences interculturelles (FCI) aux employeurs\u2026<\/p>          \r\n          \r\n        <\/div>  \r\n\r\n        \r\n        <div class=\"tsc-cta-menu-wrapper\">\r\n          <a href=\"https:\/\/araisa.ca\/fr\/courses\/creer-un-environnement-de-travail-accueillant\/\" title=\"Cr\u00e9er un environnement de travail accueillant\">\r\n            <img loading=\"lazy\" decoding=\"async\" width=\"852\" height=\"528\" src=\"https:\/\/araisa.ca\/wp-content\/uploads\/2024\/12\/BBW_426x264.jpg\" class=\"attachment-post-thumbnail size-post-thumbnail wp-post-image\" alt=\"\" srcset=\"https:\/\/araisa.ca\/wp-content\/uploads\/2024\/12\/BBW_426x264.jpg 852w, https:\/\/araisa.ca\/wp-content\/uploads\/2024\/12\/BBW_426x264-300x186.jpg 300w, https:\/\/araisa.ca\/wp-content\/uploads\/2024\/12\/BBW_426x264-768x476.jpg 768w\" sizes=\"auto, (max-width: 852px) 100vw, 852px\" \/>          <\/a>\r\n\r\n          <h3>\r\n            <a href=\"https:\/\/araisa.ca\/fr\/courses\/creer-un-environnement-de-travail-accueillant\/\" title=\"Cr\u00e9er un environnement de travail accueillant\">\r\n              Cr\u00e9er un environnement de travail accueillant            <\/a>\r\n          <\/h3>\r\n          \r\n          <p>Ce cours est essentiel pour les employeurs qui cherchent \u00e0 cr\u00e9er une culture aussi diversifi\u00e9e que dynamique.<\/p>          \r\n          \r\n        <\/div>  \r\n\r\n        \r\n        <div class=\"tsc-cta-menu-wrapper\">\r\n          <a href=\"https:\/\/araisa.ca\/fr\/courses\/adopter-un-environnement-de-travail-accueillant\/\" title=\"Adopter un environnement de travail accueillant\">\r\n            <img loading=\"lazy\" decoding=\"async\" width=\"852\" height=\"528\" src=\"https:\/\/araisa.ca\/wp-content\/uploads\/2022\/07\/EWW_426x264.jpg\" class=\"attachment-post-thumbnail size-post-thumbnail wp-post-image\" alt=\"\" srcset=\"https:\/\/araisa.ca\/wp-content\/uploads\/2022\/07\/EWW_426x264.jpg 852w, https:\/\/araisa.ca\/wp-content\/uploads\/2022\/07\/EWW_426x264-300x186.jpg 300w, https:\/\/araisa.ca\/wp-content\/uploads\/2022\/07\/EWW_426x264-768x476.jpg 768w\" sizes=\"auto, (max-width: 852px) 100vw, 852px\" \/>          <\/a>\r\n\r\n          <h3>\r\n            <a href=\"https:\/\/araisa.ca\/fr\/courses\/adopter-un-environnement-de-travail-accueillant\/\" title=\"Adopter un environnement de travail accueillant\">\r\n              Adopter un environnement de travail accueillant            <\/a>\r\n          <\/h3>\r\n          \r\n          <p>Ce cours est destin\u00e9 aux travailleurs de premi\u00e8re ligne.<\/p>          \r\n          \r\n        <\/div>  \r\n\r\n        \r\n        <div class=\"tsc-cta-menu-wrapper\">\r\n          <a href=\"https:\/\/araisa.ca\/fr\/courses\/introduction-a-lanalyse-comparative-entre-les-sexes-acs-plus\/\" title=\"Introduction \u00e0 l&rsquo;Analyse comparative entre les sexes (ACS) Plus\">\r\n            <img loading=\"lazy\" decoding=\"async\" width=\"852\" height=\"528\" src=\"https:\/\/araisa.ca\/wp-content\/uploads\/2025\/01\/GBAplus_course_426x264.jpg\" class=\"attachment-post-thumbnail size-post-thumbnail wp-post-image\" alt=\"\" srcset=\"https:\/\/araisa.ca\/wp-content\/uploads\/2025\/01\/GBAplus_course_426x264.jpg 852w, https:\/\/araisa.ca\/wp-content\/uploads\/2025\/01\/GBAplus_course_426x264-300x186.jpg 300w, https:\/\/araisa.ca\/wp-content\/uploads\/2025\/01\/GBAplus_course_426x264-768x476.jpg 768w\" sizes=\"auto, (max-width: 852px) 100vw, 852px\" \/>          <\/a>\r\n\r\n          <h3>\r\n            <a href=\"https:\/\/araisa.ca\/fr\/courses\/introduction-a-lanalyse-comparative-entre-les-sexes-acs-plus\/\" title=\"Introduction \u00e0 l&rsquo;Analyse comparative entre les sexes (ACS) Plus\">\r\n              Introduction \u00e0 l&rsquo;Analyse comparative entre les sexes (ACS) Plus            <\/a>\r\n          <\/h3>\r\n          \r\n          <p>Un aper\u00e7u g\u00e9n\u00e9ral de ce qu&rsquo;est l&rsquo;ACS Plus dans le contexte de la prestation de services et de l\u2019aide aux\u2026<\/p>          \r\n          \r\n        <\/div>  \r\n\r\n        \r\n        <div class=\"tsc-cta-menu-wrapper\">\r\n          <a href=\"https:\/\/araisa.ca\/fr\/courses\/renforcement-des-capacites-organisationnelles-a-travers-une-perspective-acs-plus\/\" title=\"Renforcement des capacit\u00e9s organisationnelles \u00e0 travers une perspective ACS Plus\">\r\n            <img loading=\"lazy\" decoding=\"async\" width=\"852\" height=\"528\" src=\"https:\/\/araisa.ca\/wp-content\/uploads\/2025\/01\/GBAplus_org_course_426x264.jpg\" class=\"attachment-post-thumbnail size-post-thumbnail wp-post-image\" alt=\"\" srcset=\"https:\/\/araisa.ca\/wp-content\/uploads\/2025\/01\/GBAplus_org_course_426x264.jpg 852w, https:\/\/araisa.ca\/wp-content\/uploads\/2025\/01\/GBAplus_org_course_426x264-300x186.jpg 300w, https:\/\/araisa.ca\/wp-content\/uploads\/2025\/01\/GBAplus_org_course_426x264-768x476.jpg 768w\" sizes=\"auto, (max-width: 852px) 100vw, 852px\" \/>          <\/a>\r\n\r\n          <h3>\r\n            <a href=\"https:\/\/araisa.ca\/fr\/courses\/renforcement-des-capacites-organisationnelles-a-travers-une-perspective-acs-plus\/\" title=\"Renforcement des capacit\u00e9s organisationnelles \u00e0 travers une perspective ACS Plus\">\r\n              Renforcement des capacit\u00e9s organisationnelles \u00e0 travers une perspective ACS Plus            <\/a>\r\n          <\/h3>\r\n          \r\n          <p>Explorer les atouts de la mise en oeuvre de l&rsquo;ACS Plus pour le lieu de travail que pour ses clients.<\/p>          \r\n          \r\n        <\/div>  \r\n\r\n        \r\n  <\/div>\r\n<\/div>\r\n\n\n\n<div style=\"height:60px\" aria-hidden=\"true\" class=\"wp-block-spacer\"><\/div>\n\n\n\n<p class=\"has-small-font-size\"><strong>Clause de non-responsabilit\u00e9 : <\/strong>ARAISA n&rsquo;est pas responsable de l&rsquo;exactitude et de l&rsquo;applicabilit\u00e9 du mat\u00e9riel pr\u00e9sent\u00e9 dans ses cours. Les cours et l&rsquo;ensemble de leur contenu ont \u00e9t\u00e9 \u00e9labor\u00e9s par des experts dans le domaine et selon les normes industrielles les plus \u00e9lev\u00e9es. Toute information fournie et tout mat\u00e9riel connexe (tels que les polycopi\u00e9s, les documents de pr\u00e9sentation et les enregistrements) sont mis \u00e0 la disposition des participants \u00ab\u00a0en l&rsquo;\u00e9tat\u00a0\u00bb. Le contenu ne pr\u00e9tend pas fournir un \u00ab\u00a0mode d&#8217;emploi\u00a0\u00bb applicable \u00e0 toutes les organisations. L&rsquo;information contenue dans ces cours et leur mat\u00e9riel connexe ne constitue pas une prestation de services\/conseils juridiques, de consultation ou d&rsquo;autres services professionnels, de quelque nature que ce soit. ARAISA n&rsquo;est pas responsable des r\u00e9clamations, pertes ou dommages de quelque nature que ce soit d\u00e9coulant des informations fournies dans ces cours ou s&rsquo;y rapportant de quelque mani\u00e8re que ce soit.     <\/p>\n<\/div>\n","protected":false},"excerpt":{"rendered":"Une vaste collection de cours pour vous aider \u00e0 rafra\u00eechir vos comp\u00e9tences existantes ou \u00e0 vous tenir au courant des\u2026","protected":false},"author":2,"featured_media":2018,"parent":576,"menu_order":0,"comment_status":"closed","ping_status":"closed","template":"","meta":{"_acf_changed":true,"_EventAllDay":false,"_EventTimezone":"","_EventStartDate":"","_EventEndDate":"","_EventStartDateUTC":"","_EventEndDateUTC":"","_EventShowMap":false,"_EventShowMapLink":false,"_EventURL":"","_EventCost":"","_EventCostDescription":"","_EventCurrencySymbol":"","_EventCurrencyCode":"","_EventCurrencyPosition":"","_EventDateTimeSeparator":"","_EventTimeRangeSeparator":"","_EventOrganizerID":[],"_EventVenueID":[],"_OrganizerEmail":"","_OrganizerPhone":"","_OrganizerWebsite":"","_VenueAddress":"","_VenueCity":"","_VenueCountry":"","_VenueProvince":"","_VenueState":"","_VenueZip":"","_VenuePhone":"","_VenueURL":"","_VenueStateProvince":"","_VenueLat":"","_VenueLng":"","_VenueShowMap":false,"_VenueShowMapLink":false,"footnotes":""},"class_list":["post-614","page","type-page","status-publish","has-post-thumbnail","hentry"],"acf":[],"_links":{"self":[{"href":"https:\/\/araisa.ca\/fr\/wp-json\/wp\/v2\/pages\/614","targetHints":{"allow":["GET"]}}],"collection":[{"href":"https:\/\/araisa.ca\/fr\/wp-json\/wp\/v2\/pages"}],"about":[{"href":"https:\/\/araisa.ca\/fr\/wp-json\/wp\/v2\/types\/page"}],"author":[{"embeddable":true,"href":"https:\/\/araisa.ca\/fr\/wp-json\/wp\/v2\/users\/2"}],"replies":[{"embeddable":true,"href":"https:\/\/araisa.ca\/fr\/wp-json\/wp\/v2\/comments?post=614"}],"version-history":[{"count":0,"href":"https:\/\/araisa.ca\/fr\/wp-json\/wp\/v2\/pages\/614\/revisions"}],"up":[{"embeddable":true,"href":"https:\/\/araisa.ca\/fr\/wp-json\/wp\/v2\/pages\/576"}],"wp:featuredmedia":[{"embeddable":true,"href":"https:\/\/araisa.ca\/fr\/wp-json\/wp\/v2\/media\/2018"}],"wp:attachment":[{"href":"https:\/\/araisa.ca\/fr\/wp-json\/wp\/v2\/media?parent=614"}],"curies":[{"name":"wp","href":"https:\/\/api.w.org\/{rel}","templated":true}]}}