{"id":618,"date":"2024-02-22T21:55:57","date_gmt":"2024-02-23T01:55:57","guid":{"rendered":"http:\/\/araisa.localwp\/les-programmes\/aide-a-letablissement-du-pia\/"},"modified":"2025-04-29T10:24:51","modified_gmt":"2025-04-29T13:24:51","slug":"aide-a-letablissement-du-pia","status":"publish","type":"page","link":"https:\/\/araisa.ca\/fr\/programmes\/aide-a-letablissement-du-pia\/","title":{"rendered":"Aide \u00e0 l&rsquo;\u00e9tablissement du PICA"},"content":{"rendered":"\n<div class=\"wp-block-group alignwide has-global-padding is-layout-constrained wp-block-group-is-layout-constrained\">\n<p class=\"has-text-align-center has-tc-black-color has-text-color has-link-color wp-elements-c42f89c952e55a4e79600098b2a106d0\">Avec le soutien d&rsquo;IRCC, ARAISA a cr\u00e9\u00e9 un site web pour aider les fournisseurs de services d&rsquo;\u00e9tablissement et d&rsquo;int\u00e9gration et les employeurs \u00e0 naviguer dans le programme d&rsquo;immigration au Canada atlantique.<\/p>\n\n\n\n<figure class=\"wp-block-image alignwide size-large\"><img loading=\"lazy\" decoding=\"async\" width=\"1024\" height=\"540\" src=\"https:\/\/araisa.ca\/wp-content\/uploads\/2024\/09\/AIP_new_144-1024x540.png\" alt=\"\" class=\"wp-image-3915\" srcset=\"https:\/\/araisa.ca\/wp-content\/uploads\/2024\/09\/AIP_new_144-1024x540.png 1024w, https:\/\/araisa.ca\/wp-content\/uploads\/2024\/09\/AIP_new_144-300x158.png 300w, https:\/\/araisa.ca\/wp-content\/uploads\/2024\/09\/AIP_new_144-768x405.png 768w, https:\/\/araisa.ca\/wp-content\/uploads\/2024\/09\/AIP_new_144-1536x810.png 1536w, https:\/\/araisa.ca\/wp-content\/uploads\/2024\/09\/AIP_new_144-2048x1079.png 2048w\" sizes=\"auto, (max-width: 1024px) 100vw, 1024px\" \/><\/figure>\n\n\n\n<div class=\"wp-block-columns alignwide is-layout-flex wp-container-core-columns-is-layout-28f84493 wp-block-columns-is-layout-flex\">\n<div class=\"wp-block-column is-layout-flow wp-block-column-is-layout-flow\" style=\"flex-basis:66.66%\">\n<p>ARAISA est impliqu\u00e9e dans le Programme d&rsquo;immigration au Canada atlantique (PICA) depuis sa phase pilote. ARAISA a jou\u00e9 un r\u00f4le important dans le d\u00e9veloppement du PICA. Nous continuons \u00e0 soutenir le programme en r\u00e9digeant des rapports, en r\u00e9unissant les parties prenantes et en recueillant les commentaires des fournisseurs de services et des employeurs sur le programme et sa formation obligatoire en mati\u00e8re de comp\u00e9tences interculturelles (FCI). ARAISA d\u00e9livre \u00e9galement des certificats de r\u00e9ussite aux employeurs.   <\/p>\n\n\n\n<p>ARAISA a cr\u00e9\u00e9 un site web pour aider les fournisseurs de services et les employeurs \u00e0 naviguer dans le PICA. Dans le cadre des efforts visant \u00e0 cr\u00e9er des lieux de travail accueillants pour les personnes nouvellement arriv\u00e9es sur le march\u00e9 du travail du Canada atlantique, le site Web fournit des informations et du mat\u00e9riel sur les FCI pour les facilitateurs, une formation suppl\u00e9mentaire pour les employeurs, une carte des services et d&rsquo;autres ressources. <\/p>\n\n\n\n<div class=\"wp-block-buttons is-layout-flex wp-block-buttons-is-layout-flex\">\n<div class=\"wp-block-button\"><a class=\"wp-block-button__link wp-element-button\" href=\"https:\/\/aipsettlementsupport.ca\/fr\/\" target=\"_blank\" rel=\"noreferrer noopener\">Visitez le site web de l&rsquo;aide \u00e0 l&rsquo;\u00e9tablissement pour le PICA<\/a><\/div>\n<\/div>\n\n\n\n<div style=\"height:100px\" aria-hidden=\"true\" class=\"wp-block-spacer\"><\/div>\n<\/div>\n\n\n\n<div class=\"wp-block-column is-layout-flow wp-block-column-is-layout-flow\" style=\"flex-basis:33.33%\"><\/div>\n<\/div>\n<\/div>\n\n<p><\/p>\n","protected":false},"excerpt":{"rendered":"ARAISA et IRCC ont cr\u00e9\u00e9 un site pour aider les fournisseurs de services d'\u00e9tablissement et d'int\u00e9gration et les employeurs \u00e0\u2026","protected":false},"author":2,"featured_media":3914,"parent":581,"menu_order":0,"comment_status":"closed","ping_status":"closed","template":"","meta":{"_acf_changed":false,"_EventAllDay":false,"_EventTimezone":"","_EventStartDate":"","_EventEndDate":"","_EventStartDateUTC":"","_EventEndDateUTC":"","_EventShowMap":false,"_EventShowMapLink":false,"_EventURL":"","_EventCost":"","_EventCostDescription":"","_EventCurrencySymbol":"","_EventCurrencyCode":"","_EventCurrencyPosition":"","_EventDateTimeSeparator":"","_EventTimeRangeSeparator":"","_EventOrganizerID":[],"_EventVenueID":[],"_OrganizerEmail":"","_OrganizerPhone":"","_OrganizerWebsite":"","_VenueAddress":"","_VenueCity":"","_VenueCountry":"","_VenueProvince":"","_VenueState":"","_VenueZip":"","_VenuePhone":"","_VenueURL":"","_VenueStateProvince":"","_VenueLat":"","_VenueLng":"","_VenueShowMap":false,"_VenueShowMapLink":false,"footnotes":""},"class_list":["post-618","page","type-page","status-publish","has-post-thumbnail","hentry"],"acf":[],"_links":{"self":[{"href":"https:\/\/araisa.ca\/fr\/wp-json\/wp\/v2\/pages\/618","targetHints":{"allow":["GET"]}}],"collection":[{"href":"https:\/\/araisa.ca\/fr\/wp-json\/wp\/v2\/pages"}],"about":[{"href":"https:\/\/araisa.ca\/fr\/wp-json\/wp\/v2\/types\/page"}],"author":[{"embeddable":true,"href":"https:\/\/araisa.ca\/fr\/wp-json\/wp\/v2\/users\/2"}],"replies":[{"embeddable":true,"href":"https:\/\/araisa.ca\/fr\/wp-json\/wp\/v2\/comments?post=618"}],"version-history":[{"count":0,"href":"https:\/\/araisa.ca\/fr\/wp-json\/wp\/v2\/pages\/618\/revisions"}],"up":[{"embeddable":true,"href":"https:\/\/araisa.ca\/fr\/wp-json\/wp\/v2\/pages\/581"}],"wp:featuredmedia":[{"embeddable":true,"href":"https:\/\/araisa.ca\/fr\/wp-json\/wp\/v2\/media\/3914"}],"wp:attachment":[{"href":"https:\/\/araisa.ca\/fr\/wp-json\/wp\/v2\/media?parent=618"}],"curies":[{"name":"wp","href":"https:\/\/api.w.org\/{rel}","templated":true}]}}