{"id":642,"date":"2024-02-22T21:56:36","date_gmt":"2024-02-23T01:56:36","guid":{"rendered":"http:\/\/araisa.localwp\/les-programmes\/groupes-de-travail\/"},"modified":"2024-10-16T19:58:42","modified_gmt":"2024-10-16T22:58:42","slug":"groupes-de-travail","status":"publish","type":"page","link":"https:\/\/araisa.ca\/fr\/programmes\/groupes-de-travail\/","title":{"rendered":"Groupes de travail"},"content":{"rendered":"\n<div class=\"wp-block-group alignwide has-global-padding is-layout-constrained wp-block-group-is-layout-constrained\">\n<p class=\"has-text-align-center\">Nos groupes de travail visent \u00e0 \u00e9tablir des liens, \u00e0 partager des connaissances et des pratiques prometteuses, et \u00e0 favoriser l&rsquo;apprentissage collaboratif.  <\/p>\n\n\n\n<figure class=\"wp-block-image alignwide size-large\"><img loading=\"lazy\" decoding=\"async\" width=\"1024\" height=\"540\" src=\"https:\/\/araisa.ca\/wp-content\/uploads\/2024\/09\/working_groups_144-1024x540.png\" alt=\"\" class=\"wp-image-3905\" srcset=\"https:\/\/araisa.ca\/wp-content\/uploads\/2024\/09\/working_groups_144-1024x540.png 1024w, https:\/\/araisa.ca\/wp-content\/uploads\/2024\/09\/working_groups_144-300x158.png 300w, https:\/\/araisa.ca\/wp-content\/uploads\/2024\/09\/working_groups_144-768x405.png 768w, https:\/\/araisa.ca\/wp-content\/uploads\/2024\/09\/working_groups_144-1536x810.png 1536w, https:\/\/araisa.ca\/wp-content\/uploads\/2024\/09\/working_groups_144-2048x1079.png 2048w\" sizes=\"auto, (max-width: 1024px) 100vw, 1024px\" \/><\/figure>\n\n\n\n<div class=\"wp-block-columns alignwide is-layout-flex wp-container-core-columns-is-layout-28f84493 wp-block-columns-is-layout-flex\">\n<div class=\"wp-block-column is-layout-flow wp-block-column-is-layout-flow\" style=\"flex-basis:66.66%\">\n<p class=\"has-tc-blue-color has-text-color has-link-color wp-elements-2a8beebcc45318811a07eb0051bdb2dc\"><strong>Saviez-vous qu&rsquo;ARAISA h\u00e9berge 3 groupes de travail ? Ces groupes de travail ne se limitent pas \u00e0 des r\u00e9unions ; ils permettent de cr\u00e9er des liens, de partager des connaissances et des pratiques prometteuses, et d&rsquo;apprendre ensemble. Que vous soyez passionn\u00e9 par l&rsquo;enseignement des langues, l&rsquo;alphab\u00e9tisation ou la communication, il y a un groupe pour vous !  <\/strong><\/p>\n\n\n\n<div class=\"wp-block-group has-global-padding is-layout-constrained wp-container-core-group-is-layout-92b9201d wp-block-group-is-layout-constrained\">\n<h3 class=\"wp-block-heading\" style=\"padding-top:0px;padding-bottom:0px\">\u00c9valuation linguistique bas\u00e9e sur un portfolio (PBLA)<\/h3>\n\n\n\n<p>Le groupe de travail PBLA est un espace en ligne o\u00f9 les instructeurs principaux et d&rsquo;autres membres du personnel linguistique de diverses agences et institutions mettant en \u0153uvre le PBLA dans la r\u00e9gion atlantique se r\u00e9unissent pour partager leurs connaissances et leurs exp\u00e9riences et apprendre les uns des autres.<\/p>\n\n\n\n<p>En rejoignant ce groupe, vous aurez l&rsquo;occasion de rencontrer d&rsquo;autres praticiens de la LPPR tous les mois, de septembre \u00e0 juin, pour discuter de diff\u00e9rents sujets, tels que les politiques de placement, les rapports, la gestion de portefeuille et la responsabilit\u00e9. Pour en savoir plus, contactez Florence, notre coordinatrice de l&rsquo;engagement sectoriel, \u00e0 l&rsquo;adresse <a href=\"mailto:fluxcote@araisa.ca\">fluxcote@araisa.ca<\/a>. <\/p>\n<\/div>\n\n\n\n<div class=\"wp-block-group has-global-padding is-layout-constrained wp-container-core-group-is-layout-92b9201d wp-block-group-is-layout-constrained\">\n<h3 class=\"wp-block-heading\">Anglais langue additionnelle (EAL) Alphab\u00e9tisation<\/h3>\n\n\n\n<p>Appel \u00e0 tous les champions de l&rsquo;alphab\u00e9tisation ! Le groupe de travail sur l&rsquo;alphab\u00e9tisation de l&rsquo;EAL est votre espace d\u00e9di\u00e9, que vous soyez un administrateur de programme ou un instructeur de premi\u00e8re ligne dans une organisation du Canada atlantique. Ce groupe de travail en ligne offre une plateforme pour relever les d\u00e9fis, c\u00e9l\u00e9brer les r\u00e9ussites et \u00e9changer des strat\u00e9gies pour soutenir les apprenants.  <\/p>\n\n\n\n<p>Rejoignez-nous pour des r\u00e9unions mensuelles de septembre \u00e0 juin afin d&rsquo;\u00e9tudier des strat\u00e9gies de soutien aux formateurs en classe et de discuter d&rsquo;autres sujets li\u00e9s \u00e0 la programmation. Pour en savoir plus, contactez Florence, notre coordinatrice de l&rsquo;engagement sectoriel, \u00e0 l&rsquo;adresse <a href=\"mailto:fluxcote@araisa.ca\">fluxcote@araisa.ca<\/a>. <\/p>\n<\/div>\n\n\n\n<div class=\"wp-block-group has-global-padding is-layout-constrained wp-container-core-group-is-layout-92b9201d wp-block-group-is-layout-constrained\">\n<h3 class=\"wp-block-heading\">Centre de communication<\/h3>\n\n\n\n<p>Jouez-vous un r\u00f4le dans les communications au sein d&rsquo;un organisme fournisseur de services d&rsquo;\u00e9tablissement au Canada atlantique ? Le Carrefour des communications est pour vous ! Il s&rsquo;agit d&rsquo;un espace de r\u00e9seautage pour le personnel des communications o\u00f9, tous les deux mois, les participants partagent leurs exp\u00e9riences, leurs meilleures pratiques, leurs probl\u00e8mes, leurs solutions et leurs conseils.  <\/p>\n\n\n\n<p>Rejoignez le groupe pour trouver de nouveaux moyens efficaces de communiquer avec diff\u00e9rents publics dans le secteur de l&rsquo;\u00e9tablissement et de l&rsquo;int\u00e9gration et restez au fait des derni\u00e8res tendances en mati\u00e8re de marketing et de communication. Pour en savoir plus, contactez M\u00e9lanie, notre responsable de la communication, \u00e0 l&rsquo;adresse <a href=\"mailto:mveerapen@araisa.ca\">mveerapen@araisa.ca<\/a>. <\/p>\n<\/div>\n\n\n\n<div style=\"height:43px\" aria-hidden=\"true\" class=\"wp-block-spacer\"><\/div>\n<\/div>\n\n\n\n<div class=\"wp-block-column is-layout-flow wp-block-column-is-layout-flow\" style=\"flex-basis:33.33%\"><\/div>\n<\/div>\n<\/div>\n","protected":false},"excerpt":{"rendered":"Nos groupes de travail visent \u00e0 \u00e9tablir des liens, \u00e0 partager des connaissances et des pratiques prometteuses, et \u00e0 favoriser\u2026","protected":false},"author":2,"featured_media":3908,"parent":581,"menu_order":0,"comment_status":"closed","ping_status":"closed","template":"","meta":{"_acf_changed":false,"_EventAllDay":false,"_EventTimezone":"","_EventStartDate":"","_EventEndDate":"","_EventStartDateUTC":"","_EventEndDateUTC":"","_EventShowMap":false,"_EventShowMapLink":false,"_EventURL":"","_EventCost":"","_EventCostDescription":"","_EventCurrencySymbol":"","_EventCurrencyCode":"","_EventCurrencyPosition":"","_EventDateTimeSeparator":"","_EventTimeRangeSeparator":"","_EventOrganizerID":[],"_EventVenueID":[],"_OrganizerEmail":"","_OrganizerPhone":"","_OrganizerWebsite":"","_VenueAddress":"","_VenueCity":"","_VenueCountry":"","_VenueProvince":"","_VenueState":"","_VenueZip":"","_VenuePhone":"","_VenueURL":"","_VenueStateProvince":"","_VenueLat":"","_VenueLng":"","_VenueShowMap":false,"_VenueShowMapLink":false,"footnotes":""},"class_list":["post-642","page","type-page","status-publish","has-post-thumbnail","hentry"],"acf":[],"_links":{"self":[{"href":"https:\/\/araisa.ca\/fr\/wp-json\/wp\/v2\/pages\/642","targetHints":{"allow":["GET"]}}],"collection":[{"href":"https:\/\/araisa.ca\/fr\/wp-json\/wp\/v2\/pages"}],"about":[{"href":"https:\/\/araisa.ca\/fr\/wp-json\/wp\/v2\/types\/page"}],"author":[{"embeddable":true,"href":"https:\/\/araisa.ca\/fr\/wp-json\/wp\/v2\/users\/2"}],"replies":[{"embeddable":true,"href":"https:\/\/araisa.ca\/fr\/wp-json\/wp\/v2\/comments?post=642"}],"version-history":[{"count":0,"href":"https:\/\/araisa.ca\/fr\/wp-json\/wp\/v2\/pages\/642\/revisions"}],"up":[{"embeddable":true,"href":"https:\/\/araisa.ca\/fr\/wp-json\/wp\/v2\/pages\/581"}],"wp:featuredmedia":[{"embeddable":true,"href":"https:\/\/araisa.ca\/fr\/wp-json\/wp\/v2\/media\/3908"}],"wp:attachment":[{"href":"https:\/\/araisa.ca\/fr\/wp-json\/wp\/v2\/media?parent=642"}],"curies":[{"name":"wp","href":"https:\/\/api.w.org\/{rel}","templated":true}]}}