{"id":646,"date":"2024-02-22T21:57:07","date_gmt":"2024-02-23T01:57:07","guid":{"rendered":"http:\/\/araisa.localwp\/les-programmes\/nos-evenements-et-rapports\/"},"modified":"2026-02-17T11:45:00","modified_gmt":"2026-02-17T15:45:00","slug":"nos-evenements-et-rapports","status":"publish","type":"page","link":"https:\/\/araisa.ca\/fr\/programmes\/nos-evenements-et-rapports\/","title":{"rendered":"Nos rapports"},"content":{"rendered":"\n<div class=\"wp-block-group alignwide has-global-padding is-layout-constrained wp-block-group-is-layout-constrained\">\n<p class=\"has-text-align-center has-tc-black-color has-text-color has-link-color wp-elements-ddf6bdabfee330029b0382406f768e80\">Qu&rsquo;il s&rsquo;agisse de projets de recherche complets ou de r\u00e9sum\u00e9s d&rsquo;\u00e9v\u00e9nements, chaque rapport d&rsquo;ARAISA offre une feuille de route pour cr\u00e9er un impact positif. Avec une analyse m\u00e9ticuleuse et des recommandations adapt\u00e9es aux fournisseurs de services d&rsquo;\u00e9tablissement et aux personnes prenant des d\u00e9cisions politiques, nos rapports sont essentiels pour vous aider \u00e0 conduire des changements positifs. <\/p>\n\n\n\n<figure class=\"wp-block-image alignwide size-large\"><img loading=\"lazy\" decoding=\"async\" width=\"1024\" height=\"540\" src=\"https:\/\/araisa.ca\/wp-content\/uploads\/2024\/04\/araisa_reports_144-1024x540.png\" alt=\"\" class=\"wp-image-2025\" srcset=\"https:\/\/araisa.ca\/wp-content\/uploads\/2024\/04\/araisa_reports_144-1024x540.png 1024w, https:\/\/araisa.ca\/wp-content\/uploads\/2024\/04\/araisa_reports_144-300x158.png 300w, https:\/\/araisa.ca\/wp-content\/uploads\/2024\/04\/araisa_reports_144-768x405.png 768w, https:\/\/araisa.ca\/wp-content\/uploads\/2024\/04\/araisa_reports_144-1536x810.png 1536w, https:\/\/araisa.ca\/wp-content\/uploads\/2024\/04\/araisa_reports_144-2048x1079.png 2048w\" sizes=\"auto, (max-width: 1024px) 100vw, 1024px\" \/><\/figure>\n\n\n\n<div class=\"wp-block-group alignwide has-global-padding is-layout-constrained wp-block-group-is-layout-constrained\">\n<div class=\"wp-block-columns alignwide is-layout-flex wp-container-core-columns-is-layout-28f84493 wp-block-columns-is-layout-flex\">\n<div class=\"wp-block-column is-layout-flow wp-block-column-is-layout-flow\" style=\"flex-basis:66.66%\">\n<h4 class=\"wp-block-heading alignwide has-medium-font-size\" style=\"padding-bottom:var(--wp--preset--spacing--30)\"><strong>Novembre 2025<\/strong><\/h4>\n\n\n\n<h3 class=\"wp-block-heading alignwide\" style=\"margin-top:9px\">L&rsquo;immigration comme moteur<br\/>\u00e9conomique : analyse du plan des<br\/>niveaux d&rsquo;immigration pour 2026-<br\/>2028 et du budget f\u00e9d\u00e9ral 2025<\/h3>\n\n\n\n<p>Ce rapport d&rsquo;ARAISA analyse les \u00e9l\u00e9ments cl\u00e9s du budget f\u00e9d\u00e9ral 2025 et du plan des niveaux d&rsquo;immigration 2026-28 qui ont un impact sur l&rsquo;immigration, l&rsquo;\u00e9tablissement et l&rsquo;int\u00e9gration au Canada.<\/p>\n\n\n\n<div class=\"wp-block-buttons alignwide is-layout-flex wp-block-buttons-is-layout-flex\">\n<div class=\"wp-block-button is-style-default\"><a class=\"wp-block-button__link wp-element-button\" href=\"https:\/\/araisa.ca\/wp-content\/uploads\/2025\/11\/ARAISA_2026-28-Analysis_BudgetImmLevelsPlan_FR.pdf\" target=\"_blank\" rel=\"noreferrer noopener\">Lire<\/a><\/div>\n<\/div>\n\n\n\n<div style=\"height:30px\" aria-hidden=\"true\" class=\"wp-block-spacer\"><\/div>\n\n\n\n<h4 class=\"wp-block-heading alignwide has-medium-font-size\" style=\"padding-bottom:var(--wp--preset--spacing--30)\"><strong>Juin 2025<\/strong><\/h4>\n\n\n\n<h3 class=\"wp-block-heading alignwide\" style=\"margin-top:9px\">Priorit\u00e9s en mati\u00e8re d&rsquo;immigration pour la 45e l\u00e9gislature du Canada &#8211; Une perspective atlantique<\/h3>\n\n\n\n<p>La plus r\u00e9cente analyse politique d&rsquo;ARAISA explique le plan d&rsquo;immigration du nouveau gouvernement f\u00e9d\u00e9ral et son impact sur l&rsquo;\u00e9tablissement et l&rsquo;int\u00e9gration. L&rsquo;analyse couvre le mandat du gouvernement, le discours du Tr\u00f4ne et la nouvelle ministre d&rsquo;IRCC. <\/p>\n\n\n\n<div class=\"wp-block-buttons alignwide is-layout-flex wp-block-buttons-is-layout-flex\">\n<div class=\"wp-block-button is-style-default\"><a class=\"wp-block-button__link wp-element-button\" href=\"https:\/\/araisa.ca\/wp-content\/uploads\/2025\/06\/Immigration-Priorities-2025-FR.pdf\">Lire<\/a><\/div>\n<\/div>\n\n\n\n<p><\/p>\n\n\n\n<h4 class=\"wp-block-heading alignwide has-medium-font-size\" style=\"padding-bottom:var(--wp--preset--spacing--30)\"><strong>Mars 2025<\/strong><\/h4>\n\n\n\n<h3 class=\"wp-block-heading alignwide\" style=\"margin-top:9px\">D\u00e9velopper notre r\u00e9gion : L&rsquo;impact de l&rsquo;immigration au Canada atlantique<\/h3>\n\n\n\n<p>Ce rapport explore l&rsquo;impact de l&rsquo;immigration dans le Canada atlantique. S&rsquo;appuyant sur des donn\u00e9es d\u00e9mographiques et sur la voix des personnes nouvellement arriv\u00e9es, il met en \u00e9vidence les principales fa\u00e7ons dont l&rsquo;immigration fa\u00e7onne la croissance sociale, culturelle et \u00e9conomique de la r\u00e9gion. Cette recherche sugg\u00e8re que l&rsquo;immigration peut aider \u00e0 compenser les effets d&rsquo;une population vieillissante et d&rsquo;un taux d&rsquo;accroissement naturel en baisse, renforcer l&rsquo;\u00e9conomie en r\u00e9pondant aux besoins de main-d&rsquo;\u0153uvre et \u00e0 la croissance des entreprises, et enrichir la soci\u00e9t\u00e9 gr\u00e2ce \u00e0 une diversit\u00e9 accrue, ce qui peut \u00e9galement influencer la fa\u00e7on dont la r\u00e9gion fait progresser la v\u00e9rit\u00e9 et la r\u00e9conciliation.  <\/p>\n\n\n\n<div class=\"wp-block-buttons alignwide is-layout-flex wp-block-buttons-is-layout-flex\">\n<div class=\"wp-block-button\"><a class=\"wp-block-button__link wp-element-button\" href=\"https:\/\/araisa.ca\/wp-content\/uploads\/2025\/03\/ARAISA_GrowingOurRegionReport_March2025_FR.pdf\" target=\"_blank\" rel=\"noreferrer noopener\">Lire<\/a><\/div>\n<\/div>\n\n\n\n<div style=\"height:30px\" aria-hidden=\"true\" class=\"wp-block-spacer\"><\/div>\n\n\n\n<h4 class=\"wp-block-heading alignwide has-medium-font-size\" style=\"padding-bottom:var(--wp--preset--spacing--30)\"><strong>mars 2023<\/strong><\/h4>\n\n\n\n<h3 class=\"wp-block-heading alignwide\" style=\"margin-top:9px\">\u00c9valuation des besoins des jeunes nouveaux arrivants dans le cadre de la prestation de services de programmation de l&#8217;emploi au Canada atlantique<\/h3>\n\n\n\n<p>Ce rapport est le fruit d&rsquo;une collaboration entre ARAISA, l&rsquo;Universit\u00e9 Memorial de Terre-Neuve et la Chaire Stephen Jarislowsky sur la transformation \u00e9conomique et culturelle. Il se concentre sur l&rsquo;\u00e9valuation des besoins des jeunes nouveaux arrivants dans les programmes d&#8217;emploi du Canada atlantique. Le rapport souligne l&rsquo;importance des jeunes nouveaux arrivants pour la durabilit\u00e9 et l&rsquo;avenir de l&rsquo;\u00e9conomie du Canada atlantique, ainsi que les difficult\u00e9s qu&rsquo;ils rencontrent pour entrer sur le march\u00e9 du travail. Le rapport est bas\u00e9 sur des entretiens avec le personnel des programmes et des groupes de discussion avec des jeunes nouveaux arrivants dans les quatre provinces du Canada atlantique. Il se termine par des recommandations visant \u00e0 relever ces d\u00e9fis et \u00e0 am\u00e9liorer les programmes d&#8217;emploi.    <\/p>\n\n\n\n<div class=\"wp-block-buttons alignwide is-layout-flex wp-block-buttons-is-layout-flex\">\n<div class=\"wp-block-button\"><a class=\"wp-block-button__link wp-element-button\" href=\"https:\/\/araisa.ca\/wp-content\/uploads\/2025\/03\/ARAISA_GrowingOurRegionReport_March2025_FR.pdf\">Lire<\/a><\/div>\n<\/div>\n\n\n\n<div style=\"height:30px\" aria-hidden=\"true\" class=\"wp-block-spacer\"><\/div>\n\n\n\n<h4 class=\"wp-block-heading alignwide has-medium-font-size\" style=\"padding-bottom:var(--wp--preset--spacing--30)\"><strong>octobre 2023<\/strong><\/h4>\n\n\n\n<h3 class=\"wp-block-heading alignwide\" style=\"margin-top:9px\">Rapport du forum sectoriel r\u00e9gional<\/h3>\n\n\n\n<p>Organis\u00e9 par la Soci\u00e9t\u00e9 nationale de l&rsquo;Acadie (SNA) et ARAISA, le Forum sectoriel r\u00e9gional s&rsquo;est d\u00e9roul\u00e9 \u00e0 Halifax et en ligne les 11 et 12 octobre 2023, en partenariat avec IRCC. Pr\u00e8s de 200 personnes se sont r\u00e9unies et ont partag\u00e9 avec les repr\u00e9sentants d&rsquo;IRCC les succ\u00e8s, les r\u00e9alisations et les d\u00e9fis rencontr\u00e9s par les organisations et les intervenants du secteur de l&rsquo;\u00e9tablissement et de l&rsquo;int\u00e9gration. Une session sur les comp\u00e9tences en gestion financi\u00e8re, bas\u00e9e sur les exigences et les r\u00e8glements d&rsquo;IRCC, a aid\u00e9 les participants \u00e0 faire des pr\u00e9visions et \u00e0 g\u00e9rer les \u00e9carts entre les pr\u00e9visions et les r\u00e9sultats des flux de tr\u00e9sorerie.  <\/p>\n\n\n\n<div class=\"wp-block-buttons alignwide is-layout-flex wp-block-buttons-is-layout-flex\">\n<div class=\"wp-block-button\"><a class=\"wp-block-button__link wp-element-button\" href=\"https:\/\/araisa.ca\/wp-content\/uploads\/2026\/02\/ARAISA-sector-forum-report-2023-FR-FINAL.pdf\">Lire<\/a><\/div>\n<\/div>\n\n\n\n<div style=\"height:30px\" aria-hidden=\"true\" class=\"wp-block-spacer\"><\/div>\n\n\n\n<h4 class=\"wp-block-heading alignwide has-medium-font-size\" style=\"padding-bottom:var(--wp--preset--spacing--30)\"><strong>ao\u00fbt 2023<\/strong><\/h4>\n\n\n\n<h3 class=\"wp-block-heading alignwide\" style=\"margin-top:9px\">Conf\u00e9rence nationale des petits centres : Petits centres. Un grand impact   <\/h3>\n\n\n\n<p>Ce rapport est un r\u00e9sum\u00e9 non exhaustif des principales recommandations issues des tables rondes organis\u00e9es lors de la Conf\u00e9rence nationale des petits centres au printemps 2023, \u00e0 Charlottetown, PE, et en ligne. Les participants ont activement contribu\u00e9 \u00e0 identifier les changements n\u00e9cessaires pour mieux servir les immigrants et les r\u00e9fugi\u00e9s dans les petits centres. <\/p>\n\n\n\n<div class=\"wp-block-buttons alignwide is-layout-flex wp-block-buttons-is-layout-flex\">\n<div class=\"wp-block-button\"><a class=\"wp-block-button__link wp-element-button\" href=\"https:\/\/araisa.ca\/wp-content\/uploads\/2026\/02\/NSC-Recommendations-Report_FR.pdf\">Lire<\/a><\/div>\n<\/div>\n\n\n\n<div style=\"height:30px\" aria-hidden=\"true\" class=\"wp-block-spacer\"><\/div>\n\n\n\n<h4 class=\"wp-block-heading alignwide has-medium-font-size\" style=\"padding-bottom:var(--wp--preset--spacing--30)\"><strong>janvier 2023<\/strong><\/h4>\n\n\n\n<h3 class=\"wp-block-heading alignwide\" style=\"margin-top:9px\">Analyse des lacunes Informations et autres services fournis aux travailleurs migrants dans les Maritimes<\/h3>\n\n\n\n<p>Dans le cadre du projet Better Together &#8211; Supporting Temporary Foreign Workers, ARAISA a engag\u00e9 Goss Gilroy Inc. (GGI) pour r\u00e9aliser une cartographie et une analyse des lacunes concernant l&rsquo;information et les autres services fournis aux travailleurs migrants, en particulier aux travailleurs \u00e9trangers temporaires (TET) en Nouvelle-\u00c9cosse (NS), au Nouveau-Brunswick (NB) et \u00e0 l&rsquo;\u00cele-du-Prince-\u00c9douard (PE). Pour en savoir plus sur le projet Better Together, <a href=\"https:\/\/araisa.ca\/fr\/programmes\/mswp\/\" data-type=\"link\" data-id=\"https:\/\/araisa.ca\/programs\/mswp\/\">cliquez ici.<\/a> <\/p>\n\n\n\n<div class=\"wp-block-buttons alignwide is-layout-flex wp-block-buttons-is-layout-flex\">\n<div class=\"wp-block-button\"><a class=\"wp-block-button__link wp-element-button\" href=\"https:\/\/araisa.ca\/wp-content\/uploads\/2024\/04\/ARAISA_MWSP_MappingGapAnalysis_Report.pdf\">Lire<\/a><\/div>\n<\/div>\n\n\n\n<div style=\"height:30px\" aria-hidden=\"true\" class=\"wp-block-spacer\"><\/div>\n\n\n\n<h4 class=\"wp-block-heading alignwide has-medium-font-size\" style=\"padding-bottom:var(--wp--preset--spacing--30)\"><strong>Octobre 2019<\/strong><\/h4>\n\n\n\n<h3 class=\"wp-block-heading alignwide\" style=\"margin-top:9px\">Sant\u00e9 mentale : approches tenant compte des traumatismes et de la r\u00e9silience<\/h3>\n\n\n\n<p>En octobre 2019, ARAISA a organis\u00e9 un \u00e9v\u00e9nement de d\u00e9veloppement professionnel sur les pratiques tenant compte des traumatismes dans le secteur de l&rsquo;\u00e9tablissement et de l&rsquo;int\u00e9gration. Ce rapport donne un aper\u00e7u de l&rsquo;\u00e9v\u00e9nement et des principales conclusions.  <\/p>\n\n\n\n<div class=\"wp-block-buttons alignwide is-layout-flex wp-block-buttons-is-layout-flex\">\n<div class=\"wp-block-button\"><a class=\"wp-block-button__link wp-element-button\" href=\"https:\/\/araisa.ca\/wp-content\/uploads\/2026\/02\/ARAISA-Rapport-DP-2019_Final.pdf\">Lire<\/a><\/div>\n<\/div>\n\n\n\n<div style=\"height:67px\" aria-hidden=\"true\" class=\"wp-block-spacer\"><\/div>\n<\/div>\n\n\n\n<div class=\"wp-block-column is-layout-flow wp-block-column-is-layout-flow\" style=\"flex-basis:33.33%\"><\/div>\n<\/div>\n<\/div>\n<\/div>\n\n<p><\/p>\n","protected":false},"excerpt":{"rendered":"Une archive de projets et de r\u00e9sum\u00e9s d'\u00e9v\u00e9nements contenant des analyses et des recommandations pour le secteur de l'\u00e9tablissement et\u2026","protected":false},"author":2,"featured_media":4033,"parent":581,"menu_order":0,"comment_status":"closed","ping_status":"closed","template":"","meta":{"_acf_changed":false,"_EventAllDay":false,"_EventTimezone":"","_EventStartDate":"","_EventEndDate":"","_EventStartDateUTC":"","_EventEndDateUTC":"","_EventShowMap":false,"_EventShowMapLink":false,"_EventURL":"","_EventCost":"","_EventCostDescription":"","_EventCurrencySymbol":"","_EventCurrencyCode":"","_EventCurrencyPosition":"","_EventDateTimeSeparator":"","_EventTimeRangeSeparator":"","_EventOrganizerID":[],"_EventVenueID":[],"_OrganizerEmail":"","_OrganizerPhone":"","_OrganizerWebsite":"","_VenueAddress":"","_VenueCity":"","_VenueCountry":"","_VenueProvince":"","_VenueState":"","_VenueZip":"","_VenuePhone":"","_VenueURL":"","_VenueStateProvince":"","_VenueLat":"","_VenueLng":"","_VenueShowMap":false,"_VenueShowMapLink":false,"footnotes":""},"class_list":["post-646","page","type-page","status-publish","has-post-thumbnail","hentry"],"acf":[],"_links":{"self":[{"href":"https:\/\/araisa.ca\/fr\/wp-json\/wp\/v2\/pages\/646","targetHints":{"allow":["GET"]}}],"collection":[{"href":"https:\/\/araisa.ca\/fr\/wp-json\/wp\/v2\/pages"}],"about":[{"href":"https:\/\/araisa.ca\/fr\/wp-json\/wp\/v2\/types\/page"}],"author":[{"embeddable":true,"href":"https:\/\/araisa.ca\/fr\/wp-json\/wp\/v2\/users\/2"}],"replies":[{"embeddable":true,"href":"https:\/\/araisa.ca\/fr\/wp-json\/wp\/v2\/comments?post=646"}],"version-history":[{"count":0,"href":"https:\/\/araisa.ca\/fr\/wp-json\/wp\/v2\/pages\/646\/revisions"}],"up":[{"embeddable":true,"href":"https:\/\/araisa.ca\/fr\/wp-json\/wp\/v2\/pages\/581"}],"wp:featuredmedia":[{"embeddable":true,"href":"https:\/\/araisa.ca\/fr\/wp-json\/wp\/v2\/media\/4033"}],"wp:attachment":[{"href":"https:\/\/araisa.ca\/fr\/wp-json\/wp\/v2\/media?parent=646"}],"curies":[{"name":"wp","href":"https:\/\/api.w.org\/{rel}","templated":true}]}}