{"id":6540,"date":"2025-04-09T09:13:45","date_gmt":"2025-04-09T12:13:45","guid":{"rendered":"https:\/\/araisa.ca\/formations\/webinaires\/conseils-sur-la-litteratie-financiere-tenant-compte-des-traumatismes-pour-le-secteur-de-letablissement-et-de-lintegration\/"},"modified":"2025-06-02T15:58:57","modified_gmt":"2025-06-02T18:58:57","slug":"conseils-sur-la-litteratie-financiere-tenant-compte-des-traumatismes-pour-le-secteur-de-letablissement-et-de-lintegration","status":"publish","type":"page","link":"https:\/\/araisa.ca\/fr\/formations\/webinaires\/conseils-sur-la-litteratie-financiere-tenant-compte-des-traumatismes-pour-le-secteur-de-letablissement-et-de-lintegration\/","title":{"rendered":"Conseils sur la litt\u00e9ratie financi\u00e8re tenant compte des traumatismes pour le secteur de l\u2019\u00e9tablissement et de l\u2019int\u00e9gration"},"content":{"rendered":"\n<div class=\"wp-block-group alignwide has-global-padding is-layout-constrained wp-block-group-is-layout-constrained\">\n<figure class=\"wp-block-image alignwide size-large\"><img loading=\"lazy\" decoding=\"async\" width=\"1024\" height=\"540\" src=\"https:\/\/araisa.ca\/wp-content\/uploads\/2025\/04\/ARAISA_TOMwebinar_WebsiteBanner_Apr2025-1024x540.png\" alt=\"\" class=\"wp-image-6533\" srcset=\"https:\/\/araisa.ca\/wp-content\/uploads\/2025\/04\/ARAISA_TOMwebinar_WebsiteBanner_Apr2025-1024x540.png 1024w, https:\/\/araisa.ca\/wp-content\/uploads\/2025\/04\/ARAISA_TOMwebinar_WebsiteBanner_Apr2025-300x158.png 300w, https:\/\/araisa.ca\/wp-content\/uploads\/2025\/04\/ARAISA_TOMwebinar_WebsiteBanner_Apr2025-768x405.png 768w, https:\/\/araisa.ca\/wp-content\/uploads\/2025\/04\/ARAISA_TOMwebinar_WebsiteBanner_Apr2025-1536x810.png 1536w, https:\/\/araisa.ca\/wp-content\/uploads\/2025\/04\/ARAISA_TOMwebinar_WebsiteBanner_Apr2025-2048x1079.png 2048w, https:\/\/araisa.ca\/wp-content\/uploads\/2025\/04\/ARAISA_TOMwebinar_WebsiteBanner_Apr2025-31x16.png 31w\" sizes=\"auto, (max-width: 1024px) 100vw, 1024px\" \/><\/figure>\n\n\n\n<div class=\"wp-block-columns alignwide is-layout-flex wp-container-core-columns-is-layout-28f84493 wp-block-columns-is-layout-flex\">\n<div class=\"wp-block-column is-layout-flow wp-block-column-is-layout-flow\" style=\"flex-basis:66.66%\">\n<h4 class=\"wp-block-heading has-tc-grey-color has-text-color has-link-color has-medium-font-size wp-elements-289daaa2cb64ee5969ae0f6636d70abf\"><strong>30 avril 2025<\/strong><\/h4>\n\n\n\n<p><strong>Ce webinaire est id\u00e9al pour les fournisseurs de services qui cherchent \u00e0 am\u00e9liorer leur soutien financier en tenant compte des traumatismes.<\/strong> Vous d\u00e9couvrirez des outils pratiques pour soutenir les personnes nouvellement arriv\u00e9es qui subissent un choc financier en raison d&rsquo;un d\u00e9placement, d&rsquo;une migration ou d&rsquo;obstacles syst\u00e9miques.<\/p>\n\n\n\n<figure class=\"wp-block-embed is-type-video is-provider-youtube wp-block-embed-youtube wp-embed-aspect-16-9 wp-has-aspect-ratio\"><div class=\"wp-block-embed__wrapper\">\n<iframe loading=\"lazy\" title=\"Trauma-Sensitive Financial Literacy Guidance for the Settlement and Integration Sector\" width=\"500\" height=\"281\" src=\"https:\/\/www.youtube.com\/embed\/8xYmxohTYZ4?feature=oembed\" frameborder=\"0\" allow=\"accelerometer; autoplay; clipboard-write; encrypted-media; gyroscope; picture-in-picture; web-share\" referrerpolicy=\"strict-origin-when-cross-origin\" allowfullscreen><\/iframe>\n<\/div><\/figure>\n\n\n\n<div class=\"wp-block-group has-global-padding is-layout-constrained wp-block-group-is-layout-constrained\">\n<hr class=\"wp-block-separator has-alpha-channel-opacity\"\/>\n\n\n\n<div class=\"wp-block-columns is-layout-flex wp-container-core-columns-is-layout-28f84493 wp-block-columns-is-layout-flex\">\n<div class=\"wp-block-column is-layout-flow wp-block-column-is-layout-flow\" style=\"flex-basis:33.33%\">\n<figure class=\"wp-block-image size-full\"><img loading=\"lazy\" decoding=\"async\" width=\"1353\" height=\"1600\" src=\"https:\/\/araisa.ca\/wp-content\/uploads\/2025\/04\/ChantelChapman_photo.jpg\" alt=\"\" class=\"wp-image-6535\" srcset=\"https:\/\/araisa.ca\/wp-content\/uploads\/2025\/04\/ChantelChapman_photo.jpg 1353w, https:\/\/araisa.ca\/wp-content\/uploads\/2025\/04\/ChantelChapman_photo-254x300.jpg 254w, https:\/\/araisa.ca\/wp-content\/uploads\/2025\/04\/ChantelChapman_photo-866x1024.jpg 866w, https:\/\/araisa.ca\/wp-content\/uploads\/2025\/04\/ChantelChapman_photo-768x908.jpg 768w, https:\/\/araisa.ca\/wp-content\/uploads\/2025\/04\/ChantelChapman_photo-1299x1536.jpg 1299w, https:\/\/araisa.ca\/wp-content\/uploads\/2025\/04\/ChantelChapman_photo-23x27.jpg 23w\" sizes=\"auto, (max-width: 1353px) 100vw, 1353px\" \/><\/figure>\n<\/div>\n\n\n\n<div class=\"wp-block-column is-layout-flow wp-block-column-is-layout-flow\" style=\"flex-basis:66.66%\">\n<h3 class=\"wp-block-heading\">\u00c0 propos de la pr\u00e9sentatrice<\/h3>\n\n\n\n<h3 class=\"wp-block-heading has-tc-red-color has-text-color has-link-color has-large-font-size wp-elements-032f5bc72915c88b8f5067ff0f8c8f8e\">Chantel Chapman<\/h3>\n\n\n\n<p class=\"has-text-align-wide wp-embed-aspect-16-9 wp-has-aspect-ratio\" style=\"margin-top:10px\">Chantel Chapman a fond\u00e9 The Trauma of Money\u2122, un cours accr\u00e9dit\u00e9 certifiant les professionnel-le-s dans la facilitation et la gu\u00e9rison des traumatismes li\u00e9s \u00e0 l&rsquo;argent. Elle est une \u00e9ducatrice de premier plan en mati\u00e8re de traumatisme financier, de justice \u00e9conomique et de gu\u00e9rison somatique par l&rsquo;argent. Avec une exp\u00e9rience dans l&rsquo;\u00e9ducation financi\u00e8re, le conseil en fintech et la facilitation, le travail de Chantel comble le foss\u00e9 entre l&rsquo;\u00e9ducation financi\u00e8re traditionnelle et les approches \u00e9clair\u00e9es par les traumatismes. Elle a enseign\u00e9 dans des universit\u00e9s, des institutions financi\u00e8res et des organismes communautaires, apportant une lentille innovante au bien-\u00eatre financier qui reconna\u00eet les barri\u00e8res syst\u00e9miques, les mod\u00e8les interg\u00e9n\u00e9rationnels et la gu\u00e9rison personnelle.   <\/p>\n\n\n\n<p class=\"has-text-align-wide wp-embed-aspect-16-9 wp-has-aspect-ratio\" style=\"margin-top:10px\">Le livre tr\u00e8s attendu de Chantel, The Trauma of Money, devrait para\u00eetre en septembre 2025. Dans le cadre de son travail, elle remet en question les r\u00e9cits financiers traditionnels, plaide en faveur de la justice \u00e9conomique et donne aux individus les moyens de transformer leur relation avec l&rsquo;argent. Ses id\u00e9es ont \u00e9t\u00e9 pr\u00e9sent\u00e9es dans le New York Times, le Real Simple Magazine et NPR.  <\/p>\n\n\n\n<p class=\"has-text-align-wide wp-embed-aspect-16-9 wp-has-aspect-ratio\" style=\"margin-top:10px\">Chantel fait partie des colons d\u2019origine europ\u00e9enne qui travaillent et r\u00e9sident sur les terres traditionnelles vol\u00e9es des peuples Kwantlen (kwaant-luhn), Musqueam (\u201cmus-kwee-um\u201d) et Tsawwassen (saa-wa-sn). <\/p>\n<\/div>\n<\/div>\n\n\n\n<p class=\"has-text-align-wide wp-embed-aspect-16-9 wp-has-aspect-ratio\" style=\"margin-top:10px\"><\/p>\n<\/div>\n<\/div>\n\n\n\n<div class=\"wp-block-column is-layout-flow wp-block-column-is-layout-flow\" style=\"flex-basis:33.33%\"><\/div>\n<\/div>\n\n\n\n<div style=\"height:40px\" aria-hidden=\"true\" class=\"wp-block-spacer\"><\/div>\n<\/div>\n\n<p><\/p>\n","protected":false},"excerpt":{"rendered":"D\u00e9couvrez des outils pratiques pour soutenir les personnes nouvellement arriv\u00e9es qui subissent un choc financier en raison d'un d\u00e9placement, d'une\u2026","protected":false},"author":155,"featured_media":6538,"parent":610,"menu_order":0,"comment_status":"closed","ping_status":"closed","template":"","meta":{"_acf_changed":false,"_EventAllDay":false,"_EventTimezone":"","_EventStartDate":"","_EventEndDate":"","_EventStartDateUTC":"","_EventEndDateUTC":"","_EventShowMap":false,"_EventShowMapLink":false,"_EventURL":"","_EventCost":"","_EventCostDescription":"","_EventCurrencySymbol":"","_EventCurrencyCode":"","_EventCurrencyPosition":"","_EventDateTimeSeparator":"","_EventTimeRangeSeparator":"","_EventOrganizerID":[],"_EventVenueID":[],"_OrganizerEmail":"","_OrganizerPhone":"","_OrganizerWebsite":"","_VenueAddress":"","_VenueCity":"","_VenueCountry":"","_VenueProvince":"","_VenueState":"","_VenueZip":"","_VenuePhone":"","_VenueURL":"","_VenueStateProvince":"","_VenueLat":"","_VenueLng":"","_VenueShowMap":false,"_VenueShowMapLink":false,"footnotes":""},"class_list":["post-6540","page","type-page","status-publish","has-post-thumbnail","hentry"],"acf":[],"_links":{"self":[{"href":"https:\/\/araisa.ca\/fr\/wp-json\/wp\/v2\/pages\/6540","targetHints":{"allow":["GET"]}}],"collection":[{"href":"https:\/\/araisa.ca\/fr\/wp-json\/wp\/v2\/pages"}],"about":[{"href":"https:\/\/araisa.ca\/fr\/wp-json\/wp\/v2\/types\/page"}],"author":[{"embeddable":true,"href":"https:\/\/araisa.ca\/fr\/wp-json\/wp\/v2\/users\/155"}],"replies":[{"embeddable":true,"href":"https:\/\/araisa.ca\/fr\/wp-json\/wp\/v2\/comments?post=6540"}],"version-history":[{"count":0,"href":"https:\/\/araisa.ca\/fr\/wp-json\/wp\/v2\/pages\/6540\/revisions"}],"up":[{"embeddable":true,"href":"https:\/\/araisa.ca\/fr\/wp-json\/wp\/v2\/pages\/610"}],"wp:featuredmedia":[{"embeddable":true,"href":"https:\/\/araisa.ca\/fr\/wp-json\/wp\/v2\/media\/6538"}],"wp:attachment":[{"href":"https:\/\/araisa.ca\/fr\/wp-json\/wp\/v2\/media?parent=6540"}],"curies":[{"name":"wp","href":"https:\/\/api.w.org\/{rel}","templated":true}]}}