{"id":6636,"date":"2025-04-15T11:05:34","date_gmt":"2025-04-15T14:05:34","guid":{"rendered":"https:\/\/araisa.ca\/ressources\/faconner-les-perspectives-rapprocher-les-points-de-vue-une-boite-a-outils\/"},"modified":"2025-05-16T15:41:42","modified_gmt":"2025-05-16T18:41:42","slug":"faconner-les-perspectives-rapprocher-les-points-de-vue-une-boite-a-outils","status":"publish","type":"page","link":"https:\/\/araisa.ca\/fr\/ressources\/faconner-les-perspectives-rapprocher-les-points-de-vue-une-boite-a-outils\/","title":{"rendered":"Fa\u00e7onner les perspectives, rapprocher les points de vue : une bo\u00eete \u00e0 outils"},"content":{"rendered":"\n<div class=\"wp-block-group alignwide has-global-padding is-layout-constrained wp-block-group-is-layout-constrained\">\n<p class=\"has-text-align-center\"><br\/>Cette bo\u00eete \u00e0 outils vise \u00e0 fournir aux organismes d\u2019\u00e9tablissement et d\u2019int\u00e9gration de bonnes pratiques de communication et des messages qui soulignent la valeur de l\u2019immigration pour les communaut\u00e9s locales, en plus d\u2019illustrer le r\u00f4le des services d\u2019\u00e9tablissement et d\u2019int\u00e9gration \u00e0 cet \u00e9gard.<\/p>\n\n\n\n<figure class=\"wp-block-image alignwide size-large\"><img loading=\"lazy\" decoding=\"async\" width=\"1024\" height=\"540\" src=\"https:\/\/araisa.ca\/wp-content\/uploads\/2025\/04\/ARAISA_CommsToolkit_WebBanner-1024x540.png\" alt=\"\" class=\"wp-image-6627\" srcset=\"https:\/\/araisa.ca\/wp-content\/uploads\/2025\/04\/ARAISA_CommsToolkit_WebBanner-1024x540.png 1024w, https:\/\/araisa.ca\/wp-content\/uploads\/2025\/04\/ARAISA_CommsToolkit_WebBanner-300x158.png 300w, https:\/\/araisa.ca\/wp-content\/uploads\/2025\/04\/ARAISA_CommsToolkit_WebBanner-768x405.png 768w, https:\/\/araisa.ca\/wp-content\/uploads\/2025\/04\/ARAISA_CommsToolkit_WebBanner-1536x810.png 1536w, https:\/\/araisa.ca\/wp-content\/uploads\/2025\/04\/ARAISA_CommsToolkit_WebBanner-2048x1079.png 2048w\" sizes=\"auto, (max-width: 1024px) 100vw, 1024px\" \/><\/figure>\n\n\n\n<div class=\"wp-block-columns alignwide is-layout-flex wp-container-core-columns-is-layout-28f84493 wp-block-columns-is-layout-flex\">\n<div class=\"wp-block-column is-layout-flow wp-block-column-is-layout-flow\" style=\"flex-basis:66.66%\">\n<p><\/p>\n\n\n\n<p style=\"margin-top:9px\">\u00c0 l\u2019approche des \u00e9lections provinciales et f\u00e9d\u00e9rale, on constate une augmentation du m\u00e9contentement et un renforcement des sentiments n\u00e9gatifs envers l\u2019immigration au Canada. Une \u00e9tude r\u00e9cente montre qu\u2019une proportion croissante de Canadiens estime que le pays accepte trop d\u2019immigrants, soit <a href=\"https:\/\/www.environicsinstitute.org\/projects\/project-details\/canadian-public-opinion-about-immigration-and-refugees---fall-2024\">58% selon un sondage r\u00e9alis\u00e9 en septembre 2024 par l&rsquo;Environics Institute<\/a>. De plus en plus de Canadiens doutent de la capacit\u00e9 d\u2019int\u00e9gration des nouveaux arrivants dans la soci\u00e9t\u00e9 canadienne, de la validit\u00e9 de leur statut d\u2019immigration et de leur adh\u00e9sion aux valeurs canadiennes.  <\/p>\n\n\n\n<p style=\"margin-top:9px\">Cette bo\u00eete \u00e0 outils s\u2019adresse au personnel des communications, au personnel de premi\u00e8re ligne et \u00e0la direction des fournisseurs de services d\u2019\u00e9tablissement et d\u2019int\u00e9gration.<br\/><\/p>\n\n\n\n<h2 class=\"wp-block-heading has-tc-red-color has-text-color has-link-color wp-elements-34aba3b9e704874f701b65d3e10814ff\">Ce que vous trouverez dans cette bo\u00eete \u00e0 outils<\/h2>\n<\/div>\n\n\n\n<div class=\"wp-block-column is-layout-flow wp-block-column-is-layout-flow\" style=\"flex-basis:33.33%\"><\/div>\n<\/div>\n\n\n\n<ol class=\"wp-block-list\">\n<li><strong>Recommandations<\/strong> sur la mani\u00e8re de promouvoir efficacement le travail de votre organisme<\/li>\n\n\n\n<li>Un <strong>cadre<\/strong> pour montrer l\u2019impact des clients et des communaut\u00e9s<\/li>\n\n\n\n<li><strong>Des conseils<\/strong> pour savoir quand et comment r\u00e9agir face \u00e0 la n\u00e9gativit\u00e9<\/li>\n\n\n\n<li><strong>Des strat\u00e9gies d&rsquo;engagement cibl\u00e9es et des messages cl\u00e9s<\/strong> pour les principales parties prenantes<\/li>\n\n\n\n<li>Une <strong>liste de m\u00e9dias de journalistes<\/strong> qui traitent de l&rsquo;immigration au Canada atlantique<\/li>\n\n\n\n<li><strong>Des r\u00e9ponses aux questions fr\u00e9quemment pos\u00e9es<\/strong> sur l&rsquo;immigration<\/li>\n\n\n\n<li><strong>Mod\u00e8les<\/strong> pour partager des histoires et des faits sur les m\u00e9dias sociaux, y compris des photos libres de droits que vous pouvez utiliser<\/li>\n<\/ol>\n\n\n\n<div style=\"height:20px\" aria-hidden=\"true\" class=\"wp-block-spacer\"><\/div>\n\n\n\n<div class=\"wp-block-columns alignwide is-layout-flex wp-container-core-columns-is-layout-28f84493 wp-block-columns-is-layout-flex\">\n<div class=\"wp-block-column is-layout-flow wp-block-column-is-layout-flow\" style=\"flex-basis:66.66%\">\n<h2 class=\"wp-block-heading has-tc-red-color has-text-color has-link-color wp-elements-5ca810004e78102a39979534baa997da\">Cela vous int\u00e9resse ? Demandez la bo\u00eete \u00e0 outils !  <\/h2>\n\n\n\n<p>Remplissez ce formulaire et nous vous enverrons la bo\u00eete \u00e0 outils par courriel. <\/p>\n\n\n<script type=\"text\/javascript\">\n\/* <![CDATA[ *\/\nvar gform;gform||(document.addEventListener(\"gform_main_scripts_loaded\",function(){gform.scriptsLoaded=!0}),document.addEventListener(\"gform\/theme\/scripts_loaded\",function(){gform.themeScriptsLoaded=!0}),window.addEventListener(\"DOMContentLoaded\",function(){gform.domLoaded=!0}),gform={domLoaded:!1,scriptsLoaded:!1,themeScriptsLoaded:!1,isFormEditor:()=>\"function\"==typeof InitializeEditor,callIfLoaded:function(o){return!(!gform.domLoaded||!gform.scriptsLoaded||!gform.themeScriptsLoaded&&!gform.isFormEditor()||(gform.isFormEditor()&&console.warn(\"The use of gform.initializeOnLoaded() is deprecated in the form editor context and will be removed in Gravity Forms 3.1.\"),o(),0))},initializeOnLoaded:function(o){gform.callIfLoaded(o)||(document.addEventListener(\"gform_main_scripts_loaded\",()=>{gform.scriptsLoaded=!0,gform.callIfLoaded(o)}),document.addEventListener(\"gform\/theme\/scripts_loaded\",()=>{gform.themeScriptsLoaded=!0,gform.callIfLoaded(o)}),window.addEventListener(\"DOMContentLoaded\",()=>{gform.domLoaded=!0,gform.callIfLoaded(o)}))},hooks:{action:{},filter:{}},addAction:function(o,r,e,t){gform.addHook(\"action\",o,r,e,t)},addFilter:function(o,r,e,t){gform.addHook(\"filter\",o,r,e,t)},doAction:function(o){gform.doHook(\"action\",o,arguments)},applyFilters:function(o){return gform.doHook(\"filter\",o,arguments)},removeAction:function(o,r){gform.removeHook(\"action\",o,r)},removeFilter:function(o,r,e){gform.removeHook(\"filter\",o,r,e)},addHook:function(o,r,e,t,n){null==gform.hooks[o][r]&&(gform.hooks[o][r]=[]);var d=gform.hooks[o][r];null==n&&(n=r+\"_\"+d.length),gform.hooks[o][r].push({tag:n,callable:e,priority:t=null==t?10:t})},doHook:function(r,o,e){var t;if(e=Array.prototype.slice.call(e,1),null!=gform.hooks[r][o]&&((o=gform.hooks[r][o]).sort(function(o,r){return o.priority-r.priority}),o.forEach(function(o){\"function\"!=typeof(t=o.callable)&&(t=window[t]),\"action\"==r?t.apply(null,e):e[0]=t.apply(null,e)})),\"filter\"==r)return e[0]},removeHook:function(o,r,t,n){var e;null!=gform.hooks[o][r]&&(e=(e=gform.hooks[o][r]).filter(function(o,r,e){return!!(null!=n&&n!=o.tag||null!=t&&t!=o.priority)}),gform.hooks[o][r]=e)}});\n\/* ]]> *\/\n<\/script>\n\n                <div class='gf_browser_gecko gform_wrapper gravity-theme gform-theme--no-framework tsc-form_wrapper' data-form-theme='gravity-theme' data-form-index='0' id='gform_wrapper_39' ><div id='gf_39' class='gform_anchor' tabindex='-1'><\/div>\n                        <div class='gform_heading'>\n                            <p class='gform_description'><\/p>\n                        <\/div><form method='post' enctype='multipart\/form-data'  id='gform_39' class='tsc-form' action='\/fr\/wp-json\/wp\/v2\/pages\/6636#gf_39' data-formid='39' novalidate>\n                        <div class='gform-body gform_body'><div id='gform_fields_39' class='gform_fields top_label form_sublabel_above description_below validation_below'><div id=\"field_39_5\" class=\"gfield gfield--type-text gfield--input-type-text gfield_contains_required field_sublabel_above gfield--no-description field_description_below field_validation_below gfield_visibility_visible\"  ><label class='gfield_label gform-field-label' for='input_39_5'>First Name<span class=\"gfield_required\"><span class=\"gfield_required gfield_required_text\">(N\u00e9cessaire)<\/span><\/span><\/label><div class='ginput_container ginput_container_text'><input name='input_5' id='input_39_5' type='text' value='' class='large'    placeholder='First Name' aria-required=\"true\" aria-invalid=\"false\"   \/><\/div><\/div><div id=\"field_39_7\" class=\"gfield gfield--type-text gfield--input-type-text gfield--width-full gfield_contains_required field_sublabel_above gfield--no-description field_description_below field_validation_below gfield_visibility_visible\"  ><label class='gfield_label gform-field-label' for='input_39_7'>Last Name<span class=\"gfield_required\"><span class=\"gfield_required gfield_required_text\">(N\u00e9cessaire)<\/span><\/span><\/label><div class='ginput_container ginput_container_text'><input name='input_7' id='input_39_7' type='text' value='' class='large'    placeholder='Last Name' aria-required=\"true\" aria-invalid=\"false\"   \/><\/div><\/div><div id=\"field_39_8\" class=\"gfield gfield--type-text gfield--input-type-text gfield--width-full gfield_contains_required field_sublabel_above gfield--no-description field_description_below field_validation_below gfield_visibility_visible\"  ><label class='gfield_label gform-field-label' for='input_39_8'>Organization<span class=\"gfield_required\"><span class=\"gfield_required gfield_required_text\">(N\u00e9cessaire)<\/span><\/span><\/label><div class='ginput_container ginput_container_text'><input name='input_8' id='input_39_8' type='text' value='' class='large'    placeholder='Organization' aria-required=\"true\" aria-invalid=\"false\"   \/><\/div><\/div><div id=\"field_39_11\" class=\"gfield gfield--type-text gfield--input-type-text gfield--width-full gfield_contains_required field_sublabel_above gfield--no-description field_description_below field_validation_below gfield_visibility_visible\"  ><label class='gfield_label gform-field-label' for='input_39_11'>Job Title<span class=\"gfield_required\"><span class=\"gfield_required gfield_required_text\">(N\u00e9cessaire)<\/span><\/span><\/label><div class='ginput_container ginput_container_text'><input name='input_11' id='input_39_11' type='text' value='' class='large'    placeholder='Organization' aria-required=\"true\" aria-invalid=\"false\"   \/><\/div><\/div><fieldset id=\"field_39_9\" class=\"gfield gfield--type-email gfield--input-type-email gfield--width-full gfield_contains_required field_sublabel_above gfield--no-description field_description_below field_validation_below gfield_visibility_visible\"  ><legend class='gfield_label gform-field-label gfield_label_before_complex' >Email<span class=\"gfield_required\"><span class=\"gfield_required gfield_required_text\">(N\u00e9cessaire)<\/span><\/span><\/legend><div class='ginput_complex ginput_container ginput_container_email gform-grid-row' id='input_39_9_container'>\n                                <span id='input_39_9_1_container' class='ginput_left gform-grid-col gform-grid-col--size-auto'>\n                                    <label for='input_39_9' class='gform-field-label gform-field-label--type-sub '>Saisissez un e-mail<\/label>\n                                    <input class='' type='email' name='input_9' id='input_39_9' value=''    aria-required=\"true\" aria-invalid=\"false\"  \/>\n                                <\/span>\n                                <span id='input_39_9_2_container' class='ginput_right gform-grid-col gform-grid-col--size-auto'>\n                                    <label for='input_39_9_2' class='gform-field-label gform-field-label--type-sub '>Confirmez l\u2019e-mail<\/label>\n                                    <input class='' type='email' name='input_9_2' id='input_39_9_2' value=''    aria-required=\"true\" aria-invalid=\"false\"  \/>\n                                <\/span>\n                                <div class='gf_clear gf_clear_complex'><\/div>\n                            <\/div><\/fieldset><fieldset id=\"field_39_10\" class=\"gfield gfield--type-checkbox gfield--type-choice gfield--input-type-checkbox gfield--width-full field_sublabel_above gfield--no-description field_description_below field_validation_below gfield_visibility_visible\"  ><legend class='gfield_label gform-field-label gfield_label_before_complex' >Newsletter subscription<\/legend><div class='ginput_container ginput_container_checkbox'><div class='gfield_checkbox ' id='input_39_10'><div class='gchoice gchoice_39_10_1'>\n\t\t\t\t\t\t\t\t<input class='gfield-choice-input' name='input_10.1' type='checkbox'  value='Weekly Updates'  id='choice_39_10_1'   \/>\n\t\t\t\t\t\t\t\t<label for='choice_39_10_1' id='label_39_10_1' class='gform-field-label gform-field-label--type-inline'>Weekly Updates<\/label>\n\t\t\t\t\t\t\t<\/div><div class='gchoice gchoice_39_10_2'>\n\t\t\t\t\t\t\t\t<input class='gfield-choice-input' name='input_10.2' type='checkbox'  value='Occasional Announcements'  id='choice_39_10_2'   \/>\n\t\t\t\t\t\t\t\t<label for='choice_39_10_2' id='label_39_10_2' class='gform-field-label gform-field-label--type-inline'>Occasional Announcements<\/label>\n\t\t\t\t\t\t\t<\/div><\/div><\/div><\/fieldset><\/div><\/div>\n        <div class='gform-footer gform_footer top_label'> <input type='submit' id='gform_submit_button_39' class='gform_button button' onclick='gform.submission.handleButtonClick(this);' data-submission-type='submit' value='Submit'  \/> \n            <input type='hidden' class='gform_hidden' name='gform_submission_method' data-js='gform_submission_method_39' value='postback' \/>\n            <input type='hidden' class='gform_hidden' name='gform_theme' data-js='gform_theme_39' id='gform_theme_39' value='gravity-theme' \/>\n            <input type='hidden' class='gform_hidden' name='gform_style_settings' data-js='gform_style_settings_39' id='gform_style_settings_39' value='{&quot;inputPrimaryColor&quot;:&quot;#204ce5&quot;}' \/>\n            <input type='hidden' class='gform_hidden' name='is_submit_39' value='1' \/>\n            <input type='hidden' class='gform_hidden' name='gform_submit' value='39' \/>\n            \n            <input type='hidden' class='gform_hidden' name='gform_currency' data-currency='CAD' value='S92OwCjT2\/iEer+fKzZ5K6qSDaVQuCLLLDociL8WTkE\/W\/91+pycjj+FciPcDEfYw4sKAG9J5aErhfQnFyyEW7AIv6zcD+e4QyvjxbTLlTzrVZs=' \/>\n            <input type='hidden' class='gform_hidden' name='gform_unique_id' value='' \/>\n            <input type='hidden' class='gform_hidden' name='state_39' value='WyJ7XCIxMC4xXCI6XCIzN2ExZGIzOTE2MzdkYjk3MWFiNzhjNDNlZDcxNzEyM1wiLFwiMTAuMlwiOlwiZWFlYjAyN2MwNzkzYWIwMDJiYTU1MDkxYzgwNjJmZTRcIn0iLCIwYmIyN2EzMjEwMDhkY2Y0ZDdjYWNjNDJiYjAwMTJmMyJd' \/>\n            <input type='hidden' autocomplete='off' class='gform_hidden' name='gform_target_page_number_39' id='gform_target_page_number_39' value='0' \/>\n            <input type='hidden' autocomplete='off' class='gform_hidden' name='gform_source_page_number_39' id='gform_source_page_number_39' value='1' \/>\n            <input type='hidden' name='gform_field_values' value='' \/>\n            \n        <\/div>\n                        <\/form>\n                        <\/div><script type=\"text\/javascript\">\n\/* <![CDATA[ *\/\n gform.initializeOnLoaded( function() {gformInitSpinner( 39, 'https:\/\/araisa.ca\/wp-content\/plugins\/gravityforms\/images\/spinner.svg', true );jQuery('#gform_ajax_frame_39').on('load',function(){var contents = jQuery(this).contents().find('*').html();var is_postback = contents.indexOf('GF_AJAX_POSTBACK') >= 0;if(!is_postback){return;}var form_content = jQuery(this).contents().find('#gform_wrapper_39');var is_confirmation = jQuery(this).contents().find('#gform_confirmation_wrapper_39').length > 0;var is_redirect = contents.indexOf('gformRedirect(){') >= 0;var is_form = form_content.length > 0 && ! is_redirect && ! is_confirmation;var mt = parseInt(jQuery('html').css('margin-top'), 10) + parseInt(jQuery('body').css('margin-top'), 10) + 100;if(is_form){jQuery('#gform_wrapper_39').html(form_content.html());if(form_content.hasClass('gform_validation_error')){jQuery('#gform_wrapper_39').addClass('gform_validation_error');} else {jQuery('#gform_wrapper_39').removeClass('gform_validation_error');}setTimeout( function() { \/* delay the scroll by 50 milliseconds to fix a bug in chrome *\/ jQuery(document).scrollTop(jQuery('#gform_wrapper_39').offset().top - mt); }, 50 );if(window['gformInitDatepicker']) {gformInitDatepicker();}if(window['gformInitPriceFields']) {gformInitPriceFields();}var current_page = jQuery('#gform_source_page_number_39').val();gformInitSpinner( 39, 'https:\/\/araisa.ca\/wp-content\/plugins\/gravityforms\/images\/spinner.svg', true );jQuery(document).trigger('gform_page_loaded', [39, current_page]);window['gf_submitting_39'] = false;}else if(!is_redirect){var confirmation_content = jQuery(this).contents().find('.GF_AJAX_POSTBACK').html();if(!confirmation_content){confirmation_content = contents;}jQuery('#gform_wrapper_39').replaceWith(confirmation_content);jQuery(document).scrollTop(jQuery('#gf_39').offset().top - mt);jQuery(document).trigger('gform_confirmation_loaded', [39]);window['gf_submitting_39'] = false;wp.a11y.speak(jQuery('#gform_confirmation_message_39').text());}else{jQuery('#gform_39').append(contents);if(window['gformRedirect']) {gformRedirect();}}jQuery(document).trigger(\"gform_pre_post_render\", [{ formId: \"39\", currentPage: \"current_page\", abort: function() { this.preventDefault(); } }]);        if (event && event.defaultPrevented) {                return;        }        const gformWrapperDiv = document.getElementById( \"gform_wrapper_39\" );        if ( gformWrapperDiv ) {            const visibilitySpan = document.createElement( \"span\" );            visibilitySpan.id = \"gform_visibility_test_39\";            gformWrapperDiv.insertAdjacentElement( \"afterend\", visibilitySpan );        }        const visibilityTestDiv = document.getElementById( \"gform_visibility_test_39\" );        let postRenderFired = false;        function triggerPostRender() {            if ( postRenderFired ) {                return;            }            postRenderFired = true;            gform.core.triggerPostRenderEvents( 39, current_page );            if ( visibilityTestDiv ) {                visibilityTestDiv.parentNode.removeChild( visibilityTestDiv );            }        }        function debounce( func, wait, immediate ) {            var timeout;            return function() {                var context = this, args = arguments;                var later = function() {                    timeout = null;                    if ( !immediate ) func.apply( context, args );                };                var callNow = immediate && !timeout;                clearTimeout( timeout );                timeout = setTimeout( later, wait );                if ( callNow ) func.apply( context, args );            };        }        const debouncedTriggerPostRender = debounce( function() {            triggerPostRender();        }, 200 );        if ( visibilityTestDiv && visibilityTestDiv.offsetParent === null ) {            const observer = new MutationObserver( ( mutations ) => {                mutations.forEach( ( mutation ) => {                    if ( mutation.type === 'attributes' && visibilityTestDiv.offsetParent !== null ) {                        debouncedTriggerPostRender();                        observer.disconnect();                    }                });            });            observer.observe( document.body, {                attributes: true,                childList: false,                subtree: true,                attributeFilter: [ 'style', 'class' ],            });        } else {            triggerPostRender();        }    } );} ); \n\/* ]]> *\/\n<\/script>\n\n\n\n<h2 class=\"wp-block-heading has-tc-red-color has-text-color has-link-color wp-elements-3600c93ee8924d8530b706d0dd68428c\">Regardez le lancement et la pr\u00e9sentation de la bo\u00eete \u00e0 outils ! <\/h2>\n\n\n\n<figure class=\"wp-block-embed is-type-video is-provider-youtube wp-block-embed-youtube wp-embed-aspect-4-3 wp-has-aspect-ratio\"><div class=\"wp-block-embed__wrapper\">\n<iframe loading=\"lazy\" title=\"Shaping Perspectives, Bridging Divides: A Toolkit\" width=\"500\" height=\"375\" src=\"https:\/\/www.youtube.com\/embed\/3PYsoTfmqVI?feature=oembed\" frameborder=\"0\" allow=\"accelerometer; autoplay; clipboard-write; encrypted-media; gyroscope; picture-in-picture; web-share\" referrerpolicy=\"strict-origin-when-cross-origin\" allowfullscreen><\/iframe>\n<\/div><\/figure>\n<\/div>\n\n\n\n<div class=\"wp-block-column is-layout-flow wp-block-column-is-layout-flow\" style=\"flex-basis:33.33%\"><\/div>\n<\/div>\n<\/div>\n\n<div style=\"height:58px\" aria-hidden=\"true\" class=\"wp-block-spacer\"><\/div>\n","protected":false},"excerpt":{"rendered":"Cette bo\u00eete \u00e0 outils vise \u00e0 fournir aux organismes d\u2019\u00e9tablissement et d\u2019int\u00e9gration de bonnes pratiques de communication et des messages\u2026","protected":false},"author":155,"featured_media":6630,"parent":573,"menu_order":0,"comment_status":"closed","ping_status":"closed","template":"","meta":{"_acf_changed":false,"_EventAllDay":false,"_EventTimezone":"","_EventStartDate":"","_EventEndDate":"","_EventStartDateUTC":"","_EventEndDateUTC":"","_EventShowMap":false,"_EventShowMapLink":false,"_EventURL":"","_EventCost":"","_EventCostDescription":"","_EventCurrencySymbol":"","_EventCurrencyCode":"","_EventCurrencyPosition":"","_EventDateTimeSeparator":"","_EventTimeRangeSeparator":"","_EventOrganizerID":[],"_EventVenueID":[],"_OrganizerEmail":"","_OrganizerPhone":"","_OrganizerWebsite":"","_VenueAddress":"","_VenueCity":"","_VenueCountry":"","_VenueProvince":"","_VenueState":"","_VenueZip":"","_VenuePhone":"","_VenueURL":"","_VenueStateProvince":"","_VenueLat":"","_VenueLng":"","_VenueShowMap":false,"_VenueShowMapLink":false,"footnotes":""},"class_list":["post-6636","page","type-page","status-publish","has-post-thumbnail","hentry"],"acf":[],"_links":{"self":[{"href":"https:\/\/araisa.ca\/fr\/wp-json\/wp\/v2\/pages\/6636","targetHints":{"allow":["GET"]}}],"collection":[{"href":"https:\/\/araisa.ca\/fr\/wp-json\/wp\/v2\/pages"}],"about":[{"href":"https:\/\/araisa.ca\/fr\/wp-json\/wp\/v2\/types\/page"}],"author":[{"embeddable":true,"href":"https:\/\/araisa.ca\/fr\/wp-json\/wp\/v2\/users\/155"}],"replies":[{"embeddable":true,"href":"https:\/\/araisa.ca\/fr\/wp-json\/wp\/v2\/comments?post=6636"}],"version-history":[{"count":0,"href":"https:\/\/araisa.ca\/fr\/wp-json\/wp\/v2\/pages\/6636\/revisions"}],"up":[{"embeddable":true,"href":"https:\/\/araisa.ca\/fr\/wp-json\/wp\/v2\/pages\/573"}],"wp:featuredmedia":[{"embeddable":true,"href":"https:\/\/araisa.ca\/fr\/wp-json\/wp\/v2\/media\/6630"}],"wp:attachment":[{"href":"https:\/\/araisa.ca\/fr\/wp-json\/wp\/v2\/media?parent=6636"}],"curies":[{"name":"wp","href":"https:\/\/api.w.org\/{rel}","templated":true}]}}