{"id":6723,"date":"2025-05-13T15:49:12","date_gmt":"2025-05-13T18:49:12","guid":{"rendered":"https:\/\/araisa.ca\/formations\/webinaires\/apporter-un-soutien-psychologique-aux-travailleurs-euses-migrant-e-s-session-de-formation-en-anglais\/"},"modified":"2025-05-27T14:27:28","modified_gmt":"2025-05-27T17:27:28","slug":"apporter-un-soutien-psychologique-aux-travailleurs-euses-migrant-e-s-session-de-formation-en-anglais","status":"publish","type":"page","link":"https:\/\/araisa.ca\/fr\/formations\/webinaires\/apporter-un-soutien-psychologique-aux-travailleurs-euses-migrant-e-s-session-de-formation-en-anglais\/","title":{"rendered":"Apporter un soutien psychologique aux travailleurs-euses migrant-e-s : Session de formation en anglais"},"content":{"rendered":"\n<div class=\"wp-block-group alignwide has-global-padding is-layout-constrained wp-block-group-is-layout-constrained\">\n<figure class=\"wp-block-image alignwide size-large\"><img loading=\"lazy\" decoding=\"async\" width=\"1024\" height=\"540\" src=\"https:\/\/araisa.ca\/wp-content\/uploads\/2025\/05\/ARAISA_MWSPwebinarMay2025_WebBanner-1024x540.png\" alt=\"\" class=\"wp-image-6719\" srcset=\"https:\/\/araisa.ca\/wp-content\/uploads\/2025\/05\/ARAISA_MWSPwebinarMay2025_WebBanner-1024x540.png 1024w, https:\/\/araisa.ca\/wp-content\/uploads\/2025\/05\/ARAISA_MWSPwebinarMay2025_WebBanner-300x158.png 300w, https:\/\/araisa.ca\/wp-content\/uploads\/2025\/05\/ARAISA_MWSPwebinarMay2025_WebBanner-768x405.png 768w, https:\/\/araisa.ca\/wp-content\/uploads\/2025\/05\/ARAISA_MWSPwebinarMay2025_WebBanner-1536x810.png 1536w, https:\/\/araisa.ca\/wp-content\/uploads\/2025\/05\/ARAISA_MWSPwebinarMay2025_WebBanner-2048x1079.png 2048w\" sizes=\"auto, (max-width: 1024px) 100vw, 1024px\" \/><\/figure>\n\n\n\n<div class=\"wp-block-columns alignwide is-layout-flex wp-container-core-columns-is-layout-28f84493 wp-block-columns-is-layout-flex\">\n<div class=\"wp-block-column is-layout-flow wp-block-column-is-layout-flow\" style=\"flex-basis:66.66%\">\n<h4 class=\"wp-block-heading has-medium-font-size\">20 mai 2025<\/h4>\n\n\n\n<p>L&rsquo;objectif de cette formation est de doter les fournisseurs de services et les parties prenantes de connaissances et d&rsquo;id\u00e9es sur les d\u00e9fis et les situations d&rsquo;abus auxquels sont confront\u00e9s les travailleurs-euses migrant-e-s. <\/p>\n\n\n\n<p><strong>En regardant l&rsquo;enregistrement (en anglais), vous am\u00e9liorerez vos connaissances et vos comp\u00e9tences en mati\u00e8re de soutien psychologique aux travailleur-euse-s migrant-e-s, y compris en ce qui concerne les premiers secours en sant\u00e9 mentale.<\/strong><\/p>\n\n\n\n<figure class=\"wp-block-embed is-type-video is-provider-youtube wp-block-embed-youtube wp-embed-aspect-16-9 wp-has-aspect-ratio\"><div class=\"wp-block-embed__wrapper\">\n<iframe loading=\"lazy\" title=\"Providing Psychological Support for Migrant Workers\" width=\"500\" height=\"281\" src=\"https:\/\/www.youtube.com\/embed\/mZuU2TBHO5Q?feature=oembed\" frameborder=\"0\" allow=\"accelerometer; autoplay; clipboard-write; encrypted-media; gyroscope; picture-in-picture; web-share\" referrerpolicy=\"strict-origin-when-cross-origin\" allowfullscreen><\/iframe>\n<\/div><\/figure>\n\n\n\n<p><a href=\"https:\/\/araisa.ca\/wp-content\/uploads\/2025\/05\/Resources-for-Supporting-Migrant-Worker-Mental-Health.pdf\" target=\"_blank\" rel=\"noreferrer noopener\">Cliquez ici<\/a> pour obtenir des ressources sur la sant\u00e9 mentale des travailleur-euse-s migrant-e-s (en anglais) <\/p>\n\n\n\n<hr class=\"wp-block-separator has-alpha-channel-opacity\"\/>\n\n\n\n<div style=\"height:7px\" aria-hidden=\"true\" class=\"wp-block-spacer\"><\/div>\n\n\n\n<h3 class=\"wp-block-heading\">\u00c0 propos du pr\u00e9sentateur<\/h3>\n\n\n\n<h2 class=\"wp-block-heading has-tc-red-color has-text-color has-link-color has-large-font-size wp-elements-98cc66a713e339d944d0c8066ceb1000\">James Whitehead, <a href=\"https:\/\/cstraining.ca\/\" target=\"_blank\" rel=\"noreferrer noopener\">Complete Safety Training<\/a><\/h2>\n\n\n\n<p class=\"has-tc-blue-color has-text-color has-link-color wp-elements-cc7bac28b9e35f2a3bd1055f10861cd6\">James a plus de 25 ans d&rsquo;exp\u00e9rience et a form\u00e9 des milliers de professionnel-le-s dans les secteurs de la sant\u00e9, de l&rsquo;\u00e9ducation, de la s\u00e9curit\u00e9, des services sociaux et des entreprises, en leur fournissant des exp\u00e9riences d&rsquo;apprentissage pratiques et des connaissances sur les premiers secours en sant\u00e9 mentale.<\/p>\n<\/div>\n\n\n\n<div class=\"wp-block-column is-layout-flow wp-block-column-is-layout-flow\" style=\"flex-basis:33.33%\"><\/div>\n<\/div>\n\n\n\n<div style=\"height:40px\" aria-hidden=\"true\" class=\"wp-block-spacer\"><\/div>\n<\/div>\n\n<p><\/p>\n","protected":false},"excerpt":{"rendered":"Am\u00e9liorez vos connaissances et vos comp\u00e9tences en mati\u00e8re de soutien psychologique aux travailleurs-euses migrant-e-s, y compris les premiers secours en\u2026","protected":false},"author":155,"featured_media":6722,"parent":610,"menu_order":0,"comment_status":"closed","ping_status":"closed","template":"","meta":{"_acf_changed":false,"_EventAllDay":false,"_EventTimezone":"","_EventStartDate":"","_EventEndDate":"","_EventStartDateUTC":"","_EventEndDateUTC":"","_EventShowMap":false,"_EventShowMapLink":false,"_EventURL":"","_EventCost":"","_EventCostDescription":"","_EventCurrencySymbol":"","_EventCurrencyCode":"","_EventCurrencyPosition":"","_EventDateTimeSeparator":"","_EventTimeRangeSeparator":"","_EventOrganizerID":[],"_EventVenueID":[],"_OrganizerEmail":"","_OrganizerPhone":"","_OrganizerWebsite":"","_VenueAddress":"","_VenueCity":"","_VenueCountry":"","_VenueProvince":"","_VenueState":"","_VenueZip":"","_VenuePhone":"","_VenueURL":"","_VenueStateProvince":"","_VenueLat":"","_VenueLng":"","_VenueShowMap":false,"_VenueShowMapLink":false,"footnotes":""},"class_list":["post-6723","page","type-page","status-publish","has-post-thumbnail","hentry"],"acf":[],"_links":{"self":[{"href":"https:\/\/araisa.ca\/fr\/wp-json\/wp\/v2\/pages\/6723","targetHints":{"allow":["GET"]}}],"collection":[{"href":"https:\/\/araisa.ca\/fr\/wp-json\/wp\/v2\/pages"}],"about":[{"href":"https:\/\/araisa.ca\/fr\/wp-json\/wp\/v2\/types\/page"}],"author":[{"embeddable":true,"href":"https:\/\/araisa.ca\/fr\/wp-json\/wp\/v2\/users\/155"}],"replies":[{"embeddable":true,"href":"https:\/\/araisa.ca\/fr\/wp-json\/wp\/v2\/comments?post=6723"}],"version-history":[{"count":0,"href":"https:\/\/araisa.ca\/fr\/wp-json\/wp\/v2\/pages\/6723\/revisions"}],"up":[{"embeddable":true,"href":"https:\/\/araisa.ca\/fr\/wp-json\/wp\/v2\/pages\/610"}],"wp:featuredmedia":[{"embeddable":true,"href":"https:\/\/araisa.ca\/fr\/wp-json\/wp\/v2\/media\/6722"}],"wp:attachment":[{"href":"https:\/\/araisa.ca\/fr\/wp-json\/wp\/v2\/media?parent=6723"}],"curies":[{"name":"wp","href":"https:\/\/api.w.org\/{rel}","templated":true}]}}