{"id":7212,"date":"2025-08-19T09:50:12","date_gmt":"2025-08-19T12:50:12","guid":{"rendered":"https:\/\/araisa.ca\/programmes\/coordination-regionale-des-swis\/"},"modified":"2026-01-08T10:45:32","modified_gmt":"2026-01-08T14:45:32","slug":"coordination-regionale-des-swis","status":"publish","type":"page","link":"https:\/\/araisa.ca\/fr\/programmes\/coordination-regionale-des-swis\/","title":{"rendered":"Coordination r\u00e9gionale des SWIS"},"content":{"rendered":"\n<div class=\"wp-block-group alignwide has-global-padding is-layout-constrained wp-block-group-is-layout-constrained\">\n<p class=\"has-text-align-center has-tc-black-color has-text-color has-link-color wp-elements-b0498c501dc84cc5b510d0336aee8756\">ARAISA coordonne l&rsquo;initiative SWIS dans les provinces atlantiques afin d&rsquo;assurer la coh\u00e9rence des services et de renforcer la collaboration nationale.<\/p>\n\n\n\n<figure class=\"wp-block-image alignwide size-full\"><img loading=\"lazy\" decoding=\"async\" width=\"2560\" height=\"1349\" src=\"https:\/\/araisa.ca\/wp-content\/uploads\/2025\/08\/ARAISA_SWISwebpage_Banner-scaled.png\" alt=\"\" class=\"wp-image-7195\" srcset=\"https:\/\/araisa.ca\/wp-content\/uploads\/2025\/08\/ARAISA_SWISwebpage_Banner-scaled.png 2560w, https:\/\/araisa.ca\/wp-content\/uploads\/2025\/08\/ARAISA_SWISwebpage_Banner-300x158.png 300w, https:\/\/araisa.ca\/wp-content\/uploads\/2025\/08\/ARAISA_SWISwebpage_Banner-1024x540.png 1024w, https:\/\/araisa.ca\/wp-content\/uploads\/2025\/08\/ARAISA_SWISwebpage_Banner-768x405.png 768w, https:\/\/araisa.ca\/wp-content\/uploads\/2025\/08\/ARAISA_SWISwebpage_Banner-1536x810.png 1536w, https:\/\/araisa.ca\/wp-content\/uploads\/2025\/08\/ARAISA_SWISwebpage_Banner-2048x1079.png 2048w\" sizes=\"auto, (max-width: 2560px) 100vw, 2560px\" \/><\/figure>\n\n\n\n<div class=\"wp-block-columns alignwide is-layout-flex wp-container-core-columns-is-layout-28f84493 wp-block-columns-is-layout-flex\">\n<div class=\"wp-block-column is-layout-flow wp-block-column-is-layout-flow\" style=\"flex-basis:66.66%\">\n<p>L&rsquo;initiative Settlement Workers in Schools (SWIS) est un programme d&rsquo;\u00e9tablissement scolaire qui soutient l&rsquo;int\u00e9gration des \u00e9l\u00e8ves nouvellement arriv\u00e9es et de leurs familles en favorisant l&rsquo;inclusion, en cr\u00e9ant un sentiment d&rsquo;appartenance pour les \u00e9l\u00e8ves et en am\u00e9liorant les comp\u00e9tences interculturelles au sein du syst\u00e8me \u00e9ducatif. <\/p>\n\n\n\n<p>ARAISA assure la coordination r\u00e9gionale de l&rsquo;initiative SWIS dans les provinces de l&rsquo;Atlantique afin d&rsquo;<strong>am\u00e9liorer la coh\u00e9rence nationale<\/strong> et de <strong>garantir une prestation de services homog\u00e8ne.<\/strong><\/p>\n\n\n\n<p>Nos responsabilit\u00e9s :<\/p>\n\n\n\n<ul class=\"wp-block-list\">\n<li>Assurer la liaison avec les fournisseurs de services et le personnel SWIS afin de garantir une prestation de services optimale<\/li>\n\n\n\n<li>Mettre en place des solutions aux probl\u00e8mes locaux et r\u00e9gionaux<\/li>\n\n\n\n<li>Cr\u00e9er des espaces de rencontre pour favoriser le r\u00e9seautage et le transfert de connaissances entre le personnel SWIS<\/li>\n\n\n\n<li>\u00c9valuer les tendances et mettre en avant les meilleures pratiques<\/li>\n\n\n\n<li>Coordonner et offrir des formations professionnelles au personnel SWIS<\/li>\n<\/ul>\n\n\n\n<div class=\"wp-block-buttons is-layout-flex wp-block-buttons-is-layout-flex\">\n<div class=\"wp-block-button\"><a class=\"wp-block-button__link wp-element-button\" href=\"https:\/\/www.swisatl.ca\/\" target=\"_blank\" rel=\"noreferrer noopener\">Visitez le site web SWIS<\/a><\/div>\n<\/div>\n\n\n\n<div style=\"height:28px\" aria-hidden=\"true\" class=\"wp-block-spacer\"><\/div>\n\n\n\n<h3 class=\"wp-block-heading\">R\u00e9union nationale de coordination des services d&rsquo;\u00e9tablissement : SWIS-T\u00c9\u00c9<\/h3>\n\n\n\n<p>En savoir plus sur la <a href=\"https:\/\/www.swisatl.ca\/events\/2026-national-swis-t%C3%A9%C3%A9-meeting\" target=\"_blank\" rel=\"noreferrer noopener\">r\u00e9union nationale de coordination de l&rsquo;\u00e9tablissement : SWIS-T\u00c9\u00c9<\/a>, organis\u00e9e par ARAISA et le District scolaire francophone Sud (DSFS) \u00e0 Halifax, NS, les 18 et 19 f\u00e9vrier 2026. <\/p>\n\n\n\n<figure class=\"wp-block-image size-full\"><a href=\"https:\/\/www.swisatl.ca\/events\/2026-national-swis-t%C3%A9%C3%A9-meeting\" target=\"_blank\" rel=\" noreferrer noopener\"><img loading=\"lazy\" decoding=\"async\" width=\"8705\" height=\"3427\" src=\"https:\/\/araisa.ca\/wp-content\/uploads\/2026\/01\/swis-event-logo_Final-EN-FR.png\" alt=\"logo de l'&#xE9;v&#xE9;nement - contour d'une feuille d'&#xE9;rable avec 3 silhouettes, couleurs d&#xE9;grad&#xE9;es, nom de l'&#xE9;v&#xE9;nement en anglais et en fran&#xE7;ais\" class=\"wp-image-7737\" srcset=\"https:\/\/araisa.ca\/wp-content\/uploads\/2026\/01\/swis-event-logo_Final-EN-FR.png 8705w, https:\/\/araisa.ca\/wp-content\/uploads\/2026\/01\/swis-event-logo_Final-EN-FR-300x118.png 300w, https:\/\/araisa.ca\/wp-content\/uploads\/2026\/01\/swis-event-logo_Final-EN-FR-1024x403.png 1024w, https:\/\/araisa.ca\/wp-content\/uploads\/2026\/01\/swis-event-logo_Final-EN-FR-768x302.png 768w, https:\/\/araisa.ca\/wp-content\/uploads\/2026\/01\/swis-event-logo_Final-EN-FR-1536x605.png 1536w, https:\/\/araisa.ca\/wp-content\/uploads\/2026\/01\/swis-event-logo_Final-EN-FR-2048x806.png 2048w\" sizes=\"auto, (max-width: 8705px) 100vw, 8705px\" \/><\/a><\/figure>\n\n\n\n<div style=\"height:100px\" aria-hidden=\"true\" class=\"wp-block-spacer\"><\/div>\n<\/div>\n\n\n\n<div class=\"wp-block-column is-layout-flow wp-block-column-is-layout-flow\" style=\"flex-basis:33.33%\"><\/div>\n<\/div>\n<\/div>\n\n<p><\/p>\n","protected":false},"excerpt":{"rendered":"ARAISA coordonne l'initiative SWIS dans les provinces atlantiques afin d'assurer la coh\u00e9rence des services et de renforcer la collaboration nationale.","protected":false},"author":155,"featured_media":7356,"parent":581,"menu_order":0,"comment_status":"closed","ping_status":"closed","template":"","meta":{"_acf_changed":false,"_EventAllDay":false,"_EventTimezone":"","_EventStartDate":"","_EventEndDate":"","_EventStartDateUTC":"","_EventEndDateUTC":"","_EventShowMap":false,"_EventShowMapLink":false,"_EventURL":"","_EventCost":"","_EventCostDescription":"","_EventCurrencySymbol":"","_EventCurrencyCode":"","_EventCurrencyPosition":"","_EventDateTimeSeparator":"","_EventTimeRangeSeparator":"","_EventOrganizerID":[],"_EventVenueID":[],"_OrganizerEmail":"","_OrganizerPhone":"","_OrganizerWebsite":"","_VenueAddress":"","_VenueCity":"","_VenueCountry":"","_VenueProvince":"","_VenueState":"","_VenueZip":"","_VenuePhone":"","_VenueURL":"","_VenueStateProvince":"","_VenueLat":"","_VenueLng":"","_VenueShowMap":false,"_VenueShowMapLink":false,"footnotes":""},"class_list":["post-7212","page","type-page","status-publish","has-post-thumbnail","hentry"],"acf":[],"_links":{"self":[{"href":"https:\/\/araisa.ca\/fr\/wp-json\/wp\/v2\/pages\/7212","targetHints":{"allow":["GET"]}}],"collection":[{"href":"https:\/\/araisa.ca\/fr\/wp-json\/wp\/v2\/pages"}],"about":[{"href":"https:\/\/araisa.ca\/fr\/wp-json\/wp\/v2\/types\/page"}],"author":[{"embeddable":true,"href":"https:\/\/araisa.ca\/fr\/wp-json\/wp\/v2\/users\/155"}],"replies":[{"embeddable":true,"href":"https:\/\/araisa.ca\/fr\/wp-json\/wp\/v2\/comments?post=7212"}],"version-history":[{"count":0,"href":"https:\/\/araisa.ca\/fr\/wp-json\/wp\/v2\/pages\/7212\/revisions"}],"up":[{"embeddable":true,"href":"https:\/\/araisa.ca\/fr\/wp-json\/wp\/v2\/pages\/581"}],"wp:featuredmedia":[{"embeddable":true,"href":"https:\/\/araisa.ca\/fr\/wp-json\/wp\/v2\/media\/7356"}],"wp:attachment":[{"href":"https:\/\/araisa.ca\/fr\/wp-json\/wp\/v2\/media?parent=7212"}],"curies":[{"name":"wp","href":"https:\/\/api.w.org\/{rel}","templated":true}]}}