{"id":7691,"date":"2025-12-19T11:15:41","date_gmt":"2025-12-19T15:15:41","guid":{"rendered":"https:\/\/araisa.ca\/formations\/webinaires\/outils-pour-des-messages-opportuns-et-axes-sur-la-mission-2\/"},"modified":"2025-12-19T13:13:14","modified_gmt":"2025-12-19T17:13:14","slug":"outils-pour-des-messages-opportuns-et-axes-sur-la-mission-2","status":"publish","type":"page","link":"https:\/\/araisa.ca\/fr\/formations\/webinaires\/outils-pour-des-messages-opportuns-et-axes-sur-la-mission-2\/","title":{"rendered":"Outils pour des messages opportuns et ax\u00e9s sur la mission"},"content":{"rendered":"\n<div class=\"wp-block-group alignwide has-global-padding is-layout-constrained wp-block-group-is-layout-constrained\">\n<div aria-hidden=\"true\" class=\"wp-block-spacer\"><\/div>\n\n\n\n<figure class=\"wp-block-image alignwide size-full\"><img loading=\"lazy\" decoding=\"async\" width=\"2560\" height=\"1349\" src=\"https:\/\/araisa.ca\/wp-content\/uploads\/2025\/12\/ARAISA_mediatraining_websitebanner_dec2025-scaled.png\" alt=\"\" class=\"wp-image-7685\" srcset=\"https:\/\/araisa.ca\/wp-content\/uploads\/2025\/12\/ARAISA_mediatraining_websitebanner_dec2025-scaled.png 2560w, https:\/\/araisa.ca\/wp-content\/uploads\/2025\/12\/ARAISA_mediatraining_websitebanner_dec2025-300x158.png 300w, https:\/\/araisa.ca\/wp-content\/uploads\/2025\/12\/ARAISA_mediatraining_websitebanner_dec2025-1024x540.png 1024w, https:\/\/araisa.ca\/wp-content\/uploads\/2025\/12\/ARAISA_mediatraining_websitebanner_dec2025-768x405.png 768w, https:\/\/araisa.ca\/wp-content\/uploads\/2025\/12\/ARAISA_mediatraining_websitebanner_dec2025-1536x810.png 1536w, https:\/\/araisa.ca\/wp-content\/uploads\/2025\/12\/ARAISA_mediatraining_websitebanner_dec2025-2048x1079.png 2048w\" sizes=\"auto, (max-width: 2560px) 100vw, 2560px\" \/><\/figure>\n\n\n\n<div class=\"wp-block-columns alignwide is-layout-flex wp-container-core-columns-is-layout-28f84493 wp-block-columns-is-layout-flex\">\n<div class=\"wp-block-column is-layout-flow wp-block-column-is-layout-flow\" style=\"flex-basis:66.66%\">\n<p class=\"has-tc-blue-color has-text-color has-link-color wp-elements-500f8a900f4ad8cbba473dbf202bcecc\"><strong>11 d\u00e9cembre 2025 <\/strong><\/p>\n\n\n\n<p>Ce webinaire aide les organismes \u00e0 r\u00e9pondre efficacement aux opportunit\u00e9s m\u00e9diatiques, \u00e0 se pr\u00e9parer aux entrevues ou aux demandes, et \u00e0 cr\u00e9er des messages clairs et conformes \u00e0 leur mission dans des d\u00e9lais serr\u00e9s. Il fournit des outils pratiques qui peuvent \u00eatre appliqu\u00e9s imm\u00e9diatement, y compris des mod\u00e8les pour v\u00e9rifier les demandes des m\u00e9dias et r\u00e9diger des messages cl\u00e9s.<\/p>\n\n\n\n<p><strong>Ressources<\/strong><\/p>\n\n\n\n<ul class=\"wp-block-list\">\n<li><a href=\"https:\/\/araisa.ca\/wp-content\/uploads\/2025\/12\/Guidebook_Guide-pratique.pdf\" target=\"_blank\" rel=\"noreferrer noopener\">T\u00e9l\u00e9chargez un guide pratique \u00e0 l&rsquo;intention des personnes qui dirigent des organismes \u00e0 but non lucratif au Canada<\/a><\/li>\n\n\n\n<li><a href=\"https:\/\/araisa.ca\/wp-content\/uploads\/2025\/12\/Worksheet_Fiche-de-travail.pdf\" target=\"_blank\" rel=\"noreferrer noopener\">T\u00e9l\u00e9chargez la fiche de travail de l&rsquo;atelier sur la communication de crise<\/a><\/li>\n<\/ul>\n\n\n\n<figure class=\"wp-block-embed is-type-video is-provider-youtube wp-block-embed-youtube wp-embed-aspect-16-9 wp-has-aspect-ratio\"><div class=\"wp-block-embed__wrapper\">\n<iframe loading=\"lazy\" title=\"Outils pour des messages opportuns et ax\u00e9s sur la mission\" width=\"500\" height=\"281\" src=\"https:\/\/www.youtube.com\/embed\/hWrErdXIWBw?feature=oembed\" frameborder=\"0\" allow=\"accelerometer; autoplay; clipboard-write; encrypted-media; gyroscope; picture-in-picture; web-share\" referrerpolicy=\"strict-origin-when-cross-origin\" allowfullscreen><\/iframe>\n<\/div><\/figure>\n\n\n\n<div style=\"height:19px\" aria-hidden=\"true\" class=\"wp-block-spacer\"><\/div>\n\n\n\n<h2 class=\"wp-block-heading\">Autres ressources<\/h2>\n\n\n\n<ul class=\"wp-block-list\">\n<li>La Bo\u00eete \u00e0 outils <a href=\"https:\/\/araisa.ca\/fr\/ressources\/faconner-les-perspectives-rapprocher-les-points-de-vue-une-boite-a-outils\/\" target=\"_blank\" rel=\"noreferrer noopener\">Fa\u00e7onner les perspectives, rapprocher les points de vue<\/a> donne de bonnes pratiques de communication et des messages qui soulignent la valeur de l\u2019immigration pour les communaut\u00e9s locales, en plus d\u2019illustrer le r\u00f4le des services d\u2019\u00e9tablissement et d\u2019int\u00e9gration \u00e0 cet \u00e9gard. <\/li>\n\n\n\n<li>La campagne On fait mieux ensemble, men\u00e9e par le Conseil canadien pour les r\u00e9fugi\u00e9s, vise \u00e0 mettre en lumi\u00e8re des histoires positives sur les personnes immigrantes et r\u00e9fugi\u00e9es et \u00e0 cr\u00e9er un Canada inclusif. Leur <a href=\"https:\/\/bettertogethercanada.ca\/fr\/ressources\/\" target=\"_blank\" rel=\"noreferrer noopener\">Guide de messages<\/a> aide \u00e0 cr\u00e9er et \u00e0 diffuser des messages qui soutiennent les personnes nouvellement arriv\u00e9es.  <\/li>\n<\/ul>\n\n\n\n<div class=\"wp-block-group has-global-padding is-layout-constrained wp-block-group-is-layout-constrained\">\n<hr class=\"wp-block-separator has-alpha-channel-opacity\"\/>\n\n\n\n<div class=\"wp-block-columns is-layout-flex wp-container-core-columns-is-layout-28f84493 wp-block-columns-is-layout-flex\">\n<div class=\"wp-block-column is-layout-flow wp-block-column-is-layout-flow\" style=\"flex-basis:33.33%\">\n<figure class=\"wp-block-image size-full\"><img loading=\"lazy\" decoding=\"async\" width=\"913\" height=\"913\" src=\"https:\/\/araisa.ca\/wp-content\/uploads\/2025\/08\/Sochi-Azuh-1.png\" alt=\"\" class=\"wp-image-7141\" srcset=\"https:\/\/araisa.ca\/wp-content\/uploads\/2025\/08\/Sochi-Azuh-1.png 913w, https:\/\/araisa.ca\/wp-content\/uploads\/2025\/08\/Sochi-Azuh-1-300x300.png 300w, https:\/\/araisa.ca\/wp-content\/uploads\/2025\/08\/Sochi-Azuh-1-150x150.png 150w, https:\/\/araisa.ca\/wp-content\/uploads\/2025\/08\/Sochi-Azuh-1-768x768.png 768w\" sizes=\"auto, (max-width: 913px) 100vw, 913px\" \/><\/figure>\n<\/div>\n\n\n\n<div class=\"wp-block-column is-layout-flow wp-block-column-is-layout-flow\" style=\"flex-basis:66.66%\">\n<h3 class=\"wp-block-heading\">\u00c0 propos du pr\u00e9sentateur<\/h3>\n\n\n\n<h3 class=\"wp-block-heading has-tc-red-color has-text-color has-link-color has-large-font-size wp-elements-6f02c5ea2aebe6a3495612583625545f\">Sochi Azuh<\/h3>\n\n\n\n<p class=\"has-text-align-wide wp-embed-aspect-16-9 wp-has-aspect-ratio\" style=\"margin-top:10px\">Sochi est strat\u00e8ge en communication, coach en narration et animateur du balado <a href=\"https:\/\/www.youtube.com\/playlist?list=PL9GWHs0T9C9jt-qX2qlaIQ7K1fouzZpNk\"><em>Lead with Storytelling<\/em>.<\/a><em> Il accompagne des leaders engag\u00e9s dans une mission \u00e0 \u00e9laborer des r\u00e9cits percutants et centr\u00e9s sur l\u2019humain, favorisant la connexion, la clart\u00e9 et le changement. Fort de plus de dix ans d\u2019exp\u00e9rience en image de marque, en communications et en animation, Sochi travaille \u00e0 l\u2019intersection du sens, du public et de la voix. Il occupe actuellement le poste de sp\u00e9cialiste en communications au Saint John Newcomers Centre, \u00e0 Saint John, au Nouveau-Brunswick.   <\/em><\/p>\n<\/div>\n<\/div>\n<\/div>\n<\/div>\n\n\n\n<div class=\"wp-block-column is-layout-flow wp-block-column-is-layout-flow\" style=\"flex-basis:33.33%\"><\/div>\n<\/div>\n<\/div>\n\n<p><\/p>\n","protected":false},"excerpt":{"rendered":"Ce webinaire aide les organismes \u00e0 r\u00e9pondre efficacement aux opportunit\u00e9s m\u00e9diatiques, \u00e0 se pr\u00e9parer aux entrevues ou aux demandes, et\u2026","protected":false},"author":155,"featured_media":7635,"parent":610,"menu_order":0,"comment_status":"closed","ping_status":"closed","template":"","meta":{"_acf_changed":false,"_EventAllDay":false,"_EventTimezone":"","_EventStartDate":"","_EventEndDate":"","_EventStartDateUTC":"","_EventEndDateUTC":"","_EventShowMap":false,"_EventShowMapLink":false,"_EventURL":"","_EventCost":"","_EventCostDescription":"","_EventCurrencySymbol":"","_EventCurrencyCode":"","_EventCurrencyPosition":"","_EventDateTimeSeparator":"","_EventTimeRangeSeparator":"","_EventOrganizerID":[],"_EventVenueID":[],"_OrganizerEmail":"","_OrganizerPhone":"","_OrganizerWebsite":"","_VenueAddress":"","_VenueCity":"","_VenueCountry":"","_VenueProvince":"","_VenueState":"","_VenueZip":"","_VenuePhone":"","_VenueURL":"","_VenueStateProvince":"","_VenueLat":"","_VenueLng":"","_VenueShowMap":false,"_VenueShowMapLink":false,"footnotes":""},"class_list":["post-7691","page","type-page","status-publish","has-post-thumbnail","hentry"],"acf":[],"_links":{"self":[{"href":"https:\/\/araisa.ca\/fr\/wp-json\/wp\/v2\/pages\/7691","targetHints":{"allow":["GET"]}}],"collection":[{"href":"https:\/\/araisa.ca\/fr\/wp-json\/wp\/v2\/pages"}],"about":[{"href":"https:\/\/araisa.ca\/fr\/wp-json\/wp\/v2\/types\/page"}],"author":[{"embeddable":true,"href":"https:\/\/araisa.ca\/fr\/wp-json\/wp\/v2\/users\/155"}],"replies":[{"embeddable":true,"href":"https:\/\/araisa.ca\/fr\/wp-json\/wp\/v2\/comments?post=7691"}],"version-history":[{"count":0,"href":"https:\/\/araisa.ca\/fr\/wp-json\/wp\/v2\/pages\/7691\/revisions"}],"up":[{"embeddable":true,"href":"https:\/\/araisa.ca\/fr\/wp-json\/wp\/v2\/pages\/610"}],"wp:featuredmedia":[{"embeddable":true,"href":"https:\/\/araisa.ca\/fr\/wp-json\/wp\/v2\/media\/7635"}],"wp:attachment":[{"href":"https:\/\/araisa.ca\/fr\/wp-json\/wp\/v2\/media?parent=7691"}],"curies":[{"name":"wp","href":"https:\/\/api.w.org\/{rel}","templated":true}]}}