{"id":7972,"date":"2025-04-23T17:03:31","date_gmt":"2025-04-23T20:03:31","guid":{"rendered":"https:\/\/araisa.ca\/carte-de-localisation-des-services\/"},"modified":"2026-03-13T13:21:50","modified_gmt":"2026-03-13T16:21:50","slug":"carte-de-localisation-des-services","status":"publish","type":"page","link":"https:\/\/araisa.ca\/fr\/ressources\/carte-de-localisation-des-services\/","title":{"rendered":"Carte de localisation des services"},"content":{"rendered":"\n<div class=\"wp-block-group has-global-padding is-layout-constrained wp-block-group-is-layout-constrained\">\n<p class=\"has-text-align-center\">Cette carte est votre outil de r\u00e9f\u00e9rence pour naviguer dans le secteur des services aux personnes immigrantes et r\u00e9fugi\u00e9es au Canada atlantique. Il n&rsquo;est pas toujours facile de savoir qui fait quoi, mais cette carte simplifie les choses. Recherchez les organismes par langue, province et services offerts pour mieux comprendre le paysage du secteur ou pour trouver le bon organisme auquel r\u00e9f\u00e9rer vos b\u00e9n\u00e9ficiaires.  <\/p>\n\n\n\n<h6 class=\"wp-block-heading has-text-align-right has-tc-blue-color has-text-color has-link-color wp-elements-64cd636cf41f511ef53d983a50f0d32d\">Para consultar la versi\u00f3n espa\u00f1ola del mapa, <a href=\"https:\/\/araisa.ca\/resources\/mapa-de-localizacion-de-servicios\/\">pulse aqu\u00ed<\/a><\/h6>\n\n\n<div class=\"wpgmza-standalone-component wpgmza-auto-left\" style=\"width:100%; max-width:100%;\" ><div class='wpgmza-marker-listing-category-filter wpgmza-list' data-map-id='5' id='wpgmza_filter_5'><label>Filter by<\/label><div class=\"wpgmza_cat_checkbox_holder wpgmza_cat_checkbox_5\"><ul class=\"wpgmza_cat_ul wpgmza_cat_checkbox_item_holder\"><li class=\"wpgmza_cat_checkbox_item_holder wpgmza_cat_checkbox_item_holder_78\"><input type=\"checkbox\" value=\"78\" class=\"wpgmza_checkbox\" id=\"wpgmza_cat_checkbox_78\" name=\"wpgmza_cat_checkbox\" mid=\"5\"><label for=\"wpgmza_cat_checkbox_78\">Langue des services<\/label><ul class=\"wpgmza_cat_ul wpgmza_cat_checkbox_item_holder wpgmza_cat_ul_child\"><li class=\"wpgmza_cat_checkbox_item_holder wpgmza_cat_checkbox_item_holder_79\"><input type=\"checkbox\" value=\"79\" class=\"wpgmza_checkbox\" id=\"wpgmza_cat_checkbox_79\" name=\"wpgmza_cat_checkbox\" mid=\"5\"><label for=\"wpgmza_cat_checkbox_79\">Anglais<\/label><\/li><li class=\"wpgmza_cat_checkbox_item_holder wpgmza_cat_checkbox_item_holder_80\"><input type=\"checkbox\" value=\"80\" class=\"wpgmza_checkbox\" id=\"wpgmza_cat_checkbox_80\" name=\"wpgmza_cat_checkbox\" mid=\"5\"><label for=\"wpgmza_cat_checkbox_80\">Fran\u00e7ais<\/label><\/li><\/ul><\/li><li class=\"wpgmza_cat_checkbox_item_holder wpgmza_cat_checkbox_item_holder_50\"><input type=\"checkbox\" value=\"50\" class=\"wpgmza_checkbox\" id=\"wpgmza_cat_checkbox_50\" name=\"wpgmza_cat_checkbox\" mid=\"5\"><label for=\"wpgmza_cat_checkbox_50\">Membre d\u2019ARAISA<\/label><ul class=\"wpgmza_cat_ul wpgmza_cat_checkbox_item_holder wpgmza_cat_ul_child\"><li class=\"wpgmza_cat_checkbox_item_holder wpgmza_cat_checkbox_item_holder_51\"><input type=\"checkbox\" value=\"51\" class=\"wpgmza_checkbox\" id=\"wpgmza_cat_checkbox_51\" name=\"wpgmza_cat_checkbox\" mid=\"5\"><label for=\"wpgmza_cat_checkbox_51\">Non<\/label><\/li><li class=\"wpgmza_cat_checkbox_item_holder wpgmza_cat_checkbox_item_holder_81\"><input type=\"checkbox\" value=\"81\" class=\"wpgmza_checkbox\" id=\"wpgmza_cat_checkbox_81\" name=\"wpgmza_cat_checkbox\" mid=\"5\"><label for=\"wpgmza_cat_checkbox_81\">Oui<\/label><\/li><\/ul><\/li><li class=\"wpgmza_cat_checkbox_item_holder wpgmza_cat_checkbox_item_holder_73\"><input type=\"checkbox\" value=\"73\" class=\"wpgmza_checkbox\" id=\"wpgmza_cat_checkbox_73\" name=\"wpgmza_cat_checkbox\" mid=\"5\"><label for=\"wpgmza_cat_checkbox_73\">Province (S\u00e9lectionnez-en un seulement)<\/label><ul class=\"wpgmza_cat_ul wpgmza_cat_checkbox_item_holder wpgmza_cat_ul_child\"><li class=\"wpgmza_cat_checkbox_item_holder wpgmza_cat_checkbox_item_holder_77\"><input type=\"checkbox\" value=\"77\" class=\"wpgmza_checkbox\" id=\"wpgmza_cat_checkbox_77\" name=\"wpgmza_cat_checkbox\" mid=\"5\"><label for=\"wpgmza_cat_checkbox_77\">\u00cele-du-Prince-\u00c9douard<\/label><\/li><li class=\"wpgmza_cat_checkbox_item_holder wpgmza_cat_checkbox_item_holder_74\"><input type=\"checkbox\" value=\"74\" class=\"wpgmza_checkbox\" id=\"wpgmza_cat_checkbox_74\" name=\"wpgmza_cat_checkbox\" mid=\"5\"><label for=\"wpgmza_cat_checkbox_74\">Nouveau-Brunswick<\/label><\/li><li class=\"wpgmza_cat_checkbox_item_holder wpgmza_cat_checkbox_item_holder_76\"><input type=\"checkbox\" value=\"76\" class=\"wpgmza_checkbox\" id=\"wpgmza_cat_checkbox_76\" name=\"wpgmza_cat_checkbox\" mid=\"5\"><label for=\"wpgmza_cat_checkbox_76\">Nouvelle-\u00c9cosse<\/label><\/li><li class=\"wpgmza_cat_checkbox_item_holder wpgmza_cat_checkbox_item_holder_75\"><input type=\"checkbox\" value=\"75\" class=\"wpgmza_checkbox\" id=\"wpgmza_cat_checkbox_75\" name=\"wpgmza_cat_checkbox\" mid=\"5\"><label for=\"wpgmza_cat_checkbox_75\">Terre-Neuve-et-Labrador<\/label><\/li><\/ul><\/li><li class=\"wpgmza_cat_checkbox_item_holder wpgmza_cat_checkbox_item_holder_52\"><input type=\"checkbox\" value=\"52\" class=\"wpgmza_checkbox\" id=\"wpgmza_cat_checkbox_52\" name=\"wpgmza_cat_checkbox\" mid=\"5\"><label for=\"wpgmza_cat_checkbox_52\">Services<\/label><ul class=\"wpgmza_cat_ul wpgmza_cat_checkbox_item_holder wpgmza_cat_ul_child\"><li class=\"wpgmza_cat_checkbox_item_holder wpgmza_cat_checkbox_item_holder_65\"><input type=\"checkbox\" value=\"65\" class=\"wpgmza_checkbox\" id=\"wpgmza_cat_checkbox_65\" name=\"wpgmza_cat_checkbox\" mid=\"5\"><label for=\"wpgmza_cat_checkbox_65\">Avant l\u2019arriv\u00e9e<\/label><\/li><li class=\"wpgmza_cat_checkbox_item_holder wpgmza_cat_checkbox_item_holder_72\"><input type=\"checkbox\" value=\"72\" class=\"wpgmza_checkbox\" id=\"wpgmza_cat_checkbox_72\" name=\"wpgmza_cat_checkbox\" mid=\"5\"><label for=\"wpgmza_cat_checkbox_72\">Communaut\u00e9 francophone accueillante<\/label><\/li><li class=\"wpgmza_cat_checkbox_item_holder wpgmza_cat_checkbox_item_holder_54\"><input type=\"checkbox\" value=\"54\" class=\"wpgmza_checkbox\" id=\"wpgmza_cat_checkbox_54\" name=\"wpgmza_cat_checkbox\" mid=\"5\"><label for=\"wpgmza_cat_checkbox_54\">Connexions communautaires<\/label><\/li><li class=\"wpgmza_cat_checkbox_item_holder wpgmza_cat_checkbox_item_holder_60\"><input type=\"checkbox\" value=\"60\" class=\"wpgmza_checkbox\" id=\"wpgmza_cat_checkbox_60\" name=\"wpgmza_cat_checkbox\" mid=\"5\"><label for=\"wpgmza_cat_checkbox_60\">\u00c9valuation des comp\u00e9tences linguistiques et de for<\/label><\/li><li class=\"wpgmza_cat_checkbox_item_holder wpgmza_cat_checkbox_item_holder_61\"><input type=\"checkbox\" value=\"61\" class=\"wpgmza_checkbox\" id=\"wpgmza_cat_checkbox_61\" name=\"wpgmza_cat_checkbox\" mid=\"5\"><label for=\"wpgmza_cat_checkbox_61\">Formation linguistique<\/label><\/li><li class=\"wpgmza_cat_checkbox_item_holder wpgmza_cat_checkbox_item_holder_53\"><input type=\"checkbox\" value=\"53\" class=\"wpgmza_checkbox\" id=\"wpgmza_cat_checkbox_53\" name=\"wpgmza_cat_checkbox\" mid=\"5\"><label for=\"wpgmza_cat_checkbox_53\">Gestion des cas<\/label><\/li><li class=\"wpgmza_cat_checkbox_item_holder wpgmza_cat_checkbox_item_holder_59\"><input type=\"checkbox\" value=\"59\" class=\"wpgmza_checkbox\" id=\"wpgmza_cat_checkbox_59\" name=\"wpgmza_cat_checkbox\" mid=\"5\"><label for=\"wpgmza_cat_checkbox_59\">Information et orientation<\/label><\/li><li class=\"wpgmza_cat_checkbox_item_holder wpgmza_cat_checkbox_item_holder_66\"><input type=\"checkbox\" value=\"66\" class=\"wpgmza_checkbox\" id=\"wpgmza_cat_checkbox_66\" name=\"wpgmza_cat_checkbox\" mid=\"5\"><label for=\"wpgmza_cat_checkbox_66\">Organismes-cadre r\u00e9gionaux<\/label><\/li><li class=\"wpgmza_cat_checkbox_item_holder wpgmza_cat_checkbox_item_holder_67\"><input type=\"checkbox\" value=\"67\" class=\"wpgmza_checkbox\" id=\"wpgmza_cat_checkbox_67\" name=\"wpgmza_cat_checkbox\" mid=\"5\"><label for=\"wpgmza_cat_checkbox_67\">Organismes-cadre r\u00e9gionaux pour les RIF<\/label><\/li><li class=\"wpgmza_cat_checkbox_item_holder wpgmza_cat_checkbox_item_holder_63\"><input type=\"checkbox\" value=\"63\" class=\"wpgmza_checkbox\" id=\"wpgmza_cat_checkbox_63\" name=\"wpgmza_cat_checkbox\" mid=\"5\"><label for=\"wpgmza_cat_checkbox_63\">Partenariats locaux en mati\u00e8re d\u2019immigration<\/label><\/li><li class=\"wpgmza_cat_checkbox_item_holder wpgmza_cat_checkbox_item_holder_68\"><input type=\"checkbox\" value=\"68\" class=\"wpgmza_checkbox\" id=\"wpgmza_cat_checkbox_68\" name=\"wpgmza_cat_checkbox\" mid=\"5\"><label for=\"wpgmza_cat_checkbox_68\">Programme d\u2019aide \u00e0 la r\u00e9installation<\/label><\/li><li class=\"wpgmza_cat_checkbox_item_holder wpgmza_cat_checkbox_item_holder_57\"><input type=\"checkbox\" value=\"57\" class=\"wpgmza_checkbox\" id=\"wpgmza_cat_checkbox_57\" name=\"wpgmza_cat_checkbox\" mid=\"5\"><label for=\"wpgmza_cat_checkbox_57\">R\u00e9seau en immigration francophone - RIF<\/label><\/li><li class=\"wpgmza_cat_checkbox_item_holder wpgmza_cat_checkbox_item_holder_64\"><input type=\"checkbox\" value=\"64\" class=\"wpgmza_checkbox\" id=\"wpgmza_cat_checkbox_64\" name=\"wpgmza_cat_checkbox\" mid=\"5\"><label for=\"wpgmza_cat_checkbox_64\">Services d\u2019\u00e9valuation des besoins et des atouts et<\/label><\/li><li class=\"wpgmza_cat_checkbox_item_holder wpgmza_cat_checkbox_item_holder_55\"><input type=\"checkbox\" value=\"55\" class=\"wpgmza_checkbox\" id=\"wpgmza_cat_checkbox_55\" name=\"wpgmza_cat_checkbox\" mid=\"5\"><label for=\"wpgmza_cat_checkbox_55\">Services d\u2019urgence<\/label><\/li><li class=\"wpgmza_cat_checkbox_item_holder wpgmza_cat_checkbox_item_holder_70\"><input type=\"checkbox\" value=\"70\" class=\"wpgmza_checkbox\" id=\"wpgmza_cat_checkbox_70\" name=\"wpgmza_cat_checkbox\" mid=\"5\"><label for=\"wpgmza_cat_checkbox_70\">Services de soutien<\/label><\/li><li class=\"wpgmza_cat_checkbox_item_holder wpgmza_cat_checkbox_item_holder_58\"><input type=\"checkbox\" value=\"58\" class=\"wpgmza_checkbox\" id=\"wpgmza_cat_checkbox_58\" name=\"wpgmza_cat_checkbox\" mid=\"5\"><label for=\"wpgmza_cat_checkbox_58\">Services indirects - Non linguistiques<\/label><\/li><li class=\"wpgmza_cat_checkbox_item_holder wpgmza_cat_checkbox_item_holder_56\"><input type=\"checkbox\" value=\"56\" class=\"wpgmza_checkbox\" id=\"wpgmza_cat_checkbox_56\" name=\"wpgmza_cat_checkbox\" mid=\"5\"><label for=\"wpgmza_cat_checkbox_56\">Services li\u00e9s \u00e0 l\u2019emploi<\/label><\/li><li class=\"wpgmza_cat_checkbox_item_holder wpgmza_cat_checkbox_item_holder_62\"><input type=\"checkbox\" value=\"62\" class=\"wpgmza_checkbox\" id=\"wpgmza_cat_checkbox_62\" name=\"wpgmza_cat_checkbox\" mid=\"5\"><label for=\"wpgmza_cat_checkbox_62\">Soutien juridique<\/label><\/li><li class=\"wpgmza_cat_checkbox_item_holder wpgmza_cat_checkbox_item_holder_71\"><input type=\"checkbox\" value=\"71\" class=\"wpgmza_checkbox\" id=\"wpgmza_cat_checkbox_71\" name=\"wpgmza_cat_checkbox\" mid=\"5\"><label for=\"wpgmza_cat_checkbox_71\">T\u00c9\u00c9 - Organisme de coordination<\/label><\/li><li class=\"wpgmza_cat_checkbox_item_holder wpgmza_cat_checkbox_item_holder_69\"><input type=\"checkbox\" value=\"69\" class=\"wpgmza_checkbox\" id=\"wpgmza_cat_checkbox_69\" name=\"wpgmza_cat_checkbox\" mid=\"5\"><label for=\"wpgmza_cat_checkbox_69\">Travailleurs et travailleuses d\u2019\u00e9tablissement dans<\/label><\/li><\/ul><\/li><\/ul><\/div><\/div><\/div><div id=\"wpgmza_map_5\" class=\"wpgmza_map wpgmza-auto-left\" style=\"display:block;width:100%;height:700px;overflow:hidden;position:relative;\" data-map-id=\"5\" data-maps-engine=\"google-maps\" data-build-engine=\"atlas-novus\" data-shortcode-attributes=\"{&quot;id&quot;:&quot;5&quot;,&quot;zoom&quot;:false,&quot;width&quot;:false,&quot;height&quot;:false,&quot;marker&quot;:false,&quot;classname&quot;:false,&quot;mashup&quot;:false,&quot;mashup_ids&quot;:false,&quot;cat&quot;:false,&quot;type&quot;:&quot;default&quot;,&quot;parent_id&quot;:false,&quot;lat&quot;:false,&quot;lng&quot;:false,&quot;mark_center&quot;:false,&quot;enable_category&quot;:false,&quot;directions_from&quot;:false,&quot;directions_to&quot;:false,&quot;directions_waypoints&quot;:false,&quot;directions_auto&quot;:false,&quot;disable_vgm_form&quot;:false,&quot;redirect_to&quot;:false}\" data-settings=\"{&quot;map_title&quot;:&quot;wpgmza_french_markers.csv&quot;,&quot;map_width&quot;:&quot;100&quot;,&quot;map_height&quot;:&quot;700&quot;,&quot;map_start_lat&quot;:&quot;44.64895390000001&quot;,&quot;map_start_lng&quot;:&quot;-63.57536959999999&quot;,&quot;map_start_location&quot;:&quot;&quot;,&quot;map_start_zoom&quot;:&quot;6&quot;,&quot;default_marker&quot;:&quot;&quot;,&quot;type&quot;:&quot;1&quot;,&quot;alignment&quot;:&quot;0&quot;,&quot;directions_enabled&quot;:&quot;0&quot;,&quot;styling_enabled&quot;:&quot;0&quot;,&quot;styling_json&quot;:&quot;&quot;,&quot;active&quot;:&quot;0&quot;,&quot;kml&quot;:&quot;&quot;,&quot;bicycle&quot;:&quot;0&quot;,&quot;traffic&quot;:&quot;0&quot;,&quot;dbox&quot;:&quot;1&quot;,&quot;dbox_width&quot;:&quot;100&quot;,&quot;listmarkers&quot;:&quot;0&quot;,&quot;listmarkers_advanced&quot;:&quot;0&quot;,&quot;filterbycat&quot;:&quot;1&quot;,&quot;ugm_enabled&quot;:&quot;0&quot;,&quot;ugm_category_enabled&quot;:&quot;0&quot;,&quot;fusion&quot;:&quot;&quot;,&quot;map_width_type&quot;:&quot;%&quot;,&quot;map_height_type&quot;:&quot;px&quot;,&quot;mass_marker_support&quot;:&quot;0&quot;,&quot;ugm_access&quot;:&quot;0&quot;,&quot;order_markers_by&quot;:&quot;1&quot;,&quot;order_markers_choice&quot;:&quot;1&quot;,&quot;show_user_location&quot;:&quot;0&quot;,&quot;default_to&quot;:&quot;&quot;,&quot;map_type&quot;:1,&quot;sl_stroke_color&quot;:&quot;#ff0000&quot;,&quot;sl_fill_color&quot;:&quot;#ff0000&quot;,&quot;sl_stroke_opacity&quot;:&quot;1&quot;,&quot;sl_fill_opacity&quot;:&quot;0.5&quot;,&quot;transport_layer&quot;:false,&quot;action&quot;:&quot;wpgmza_save_map&quot;,&quot;redirect_to&quot;:&quot;\\\/wp-admin\\\/admin-post.php&quot;,&quot;map_id&quot;:&quot;5&quot;,&quot;wpgmza_savemap&quot;:&quot;Save Map&quot;,&quot;http_referer&quot;:&quot;\\\/wp-admin\\\/admin.php?page=wp-google-maps-menu&amp;amp;action=edit&amp;amp;map_id=5&quot;,&quot;wpgmza_id&quot;:&quot;5&quot;,&quot;wpgmza_start_location&quot;:&quot;44.64895390000001,-63.57536959999999&quot;,&quot;wpgmza_start_zoom&quot;:&quot;6&quot;,&quot;wpgmza_map_align&quot;:&quot;1&quot;,&quot;store_locator_enabled&quot;:false,&quot;store_locator_distance&quot;:false,&quot;store_locator_search_area&quot;:&quot;radial&quot;,&quot;wpgmza_store_locator_default_radius&quot;:&quot;10&quot;,&quot;store_locator_auto_area_max_zoom&quot;:&quot;&quot;,&quot;wpgmza_store_locator_radius_style&quot;:&quot;legacy&quot;,&quot;store_locator_component_anchor&quot;:&quot;0&quot;,&quot;store_locator_button_style&quot;:&quot;&quot;,&quot;wpgmza_store_locator_bounce&quot;:false,&quot;upload_default_sl_marker&quot;:&quot;&quot;,&quot;upload_default_sl_marker_retina&quot;:false,&quot;wpgmza_sl_animation&quot;:&quot;0&quot;,&quot;store_locator_query_string&quot;:&quot;&quot;,&quot;store_locator_location_placeholder&quot;:&quot;&quot;,&quot;store_locator_default_address&quot;:&quot;&quot;,&quot;store_locator_name_search&quot;:false,&quot;store_locator_name_string&quot;:&quot;&quot;,&quot;store_locator_not_found_message&quot;:&quot;&quot;,&quot;wpgmza_store_locator_restrict&quot;:&quot;&quot;,&quot;store_locator_show_distance&quot;:false,&quot;store_locator_category&quot;:false,&quot;wpgmza_store_locator_use_their_location&quot;:false,&quot;wpgmza_store_locator_hide_before_search&quot;:false,&quot;store_locator_nearby_searches&quot;:false,&quot;directions_box_component_anchor&quot;:&quot;1&quot;,&quot;wpgmza_dbox_width_type&quot;:&quot;%&quot;,&quot;default_from&quot;:&quot;&quot;,&quot;directions_behaviour&quot;:&quot;default&quot;,&quot;force_google_directions_app&quot;:false,&quot;directions_route_origin_icon&quot;:&quot;https:\\\/\\\/araisa.ca\\\/wp-content\\\/plugins\\\/wp-google-maps\\\/images\\\/spotlight-poi3.png&quot;,&quot;directions_origin_retina&quot;:false,&quot;directions_route_destination_icon&quot;:&quot;https:\\\/\\\/araisa.ca\\\/wp-content\\\/plugins\\\/wp-google-maps\\\/images\\\/spotlight-poi3.png&quot;,&quot;directions_destination_retina&quot;:false,&quot;directions_route_stroke_color&quot;:&quot;#4d8df5&quot;,&quot;directions_route_stroke_weight&quot;:&quot;4&quot;,&quot;directions_route_stroke_opacity&quot;:&quot;0.8&quot;,&quot;directions_fit_bounds_to_route&quot;:false,&quot;wpgmza_theme_data&quot;:&quot;&quot;,&quot;custom_tile_enabled&quot;:false,&quot;custom_tile_image&quot;:&quot;&quot;,&quot;custom_tile_image_width&quot;:&quot;&quot;,&quot;custom_tile_image_height&quot;:&quot;&quot;,&quot;custom_tile_image_attribution&quot;:&quot;&quot;,&quot;iw_anchor_panel_card&quot;:&quot;7&quot;,&quot;iw_primary_color&quot;:&quot;#000000&quot;,&quot;iw_accent_color&quot;:&quot;#000000&quot;,&quot;iw_text_color&quot;:&quot;#000000&quot;,&quot;close_infowindow_on_map_click&quot;:false,&quot;marker_share_links&quot;:false,&quot;wpgmza_listmarkers_by&quot;:&quot;1&quot;,&quot;marker_listing_component_anchor&quot;:&quot;10&quot;,&quot;marker_listing_component_auto_open&quot;:false,&quot;marker_listing_nudge_marker_center&quot;:false,&quot;marker_listing_nudge_x&quot;:&quot;&quot;,&quot;marker_listing_nudge_y&quot;:&quot;&quot;,&quot;category_filter_component_anchor&quot;:&quot;9&quot;,&quot;category_filter_label_string&quot;:&quot;&quot;,&quot;zoom_level_on_marker_listing_override&quot;:false,&quot;zoom_level_on_marker_listing_click&quot;:&quot;&quot;,&quot;marker_listing_disable_zoom&quot;:false,&quot;dataTable_pagination_style&quot;:&quot;default&quot;,&quot;datatable_no_result_message&quot;:&quot;&quot;,&quot;remove_search_box_datables&quot;:false,&quot;datatable_search_string&quot;:&quot;&quot;,&quot;datatable_result_start&quot;:&quot;&quot;,&quot;datatable_result_of&quot;:&quot;&quot;,&quot;datatable_result_to&quot;:&quot;&quot;,&quot;datatable_result_total&quot;:&quot;&quot;,&quot;datatable_result_show&quot;:&quot;&quot;,&quot;datatable_result_entries&quot;:&quot;&quot;,&quot;category_legends_enabled&quot;:false,&quot;category_legends_component_anchor&quot;:&quot;8&quot;,&quot;category_legends_style&quot;:&quot;&quot;,&quot;category_legends_label_string&quot;:&quot;&quot;,&quot;jump_to_nearest_marker_on_initialization&quot;:false,&quot;click_open_link&quot;:false,&quot;wpgmza_zoom_on_marker_click&quot;:false,&quot;wpgmza_zoom_on_marker_click_slider&quot;:&quot;&quot;,&quot;enable_marker_labels&quot;:false,&quot;polygon_labels&quot;:false,&quot;disable_polygon_info_windows&quot;:false,&quot;shape_filtering&quot;:false,&quot;fit_maps_bounds_to_markers&quot;:false,&quot;fit_maps_bounds_to_markers_after_filtering&quot;:false,&quot;restrict_map_bounds&quot;:false,&quot;restrict_boundary_corner_a&quot;:&quot;&quot;,&quot;restrict_boundary_corner_b&quot;:&quot;&quot;,&quot;upload_default_ul_marker&quot;:&quot;&quot;,&quot;upload_default_ul_marker_retina&quot;:false,&quot;automatically_pan_to_users_location&quot;:false,&quot;enable_user_location_control&quot;:false,&quot;override_users_location_zoom_level&quot;:false,&quot;override_users_location_zoom_levels&quot;:&quot;&quot;,&quot;show_distance_from_location&quot;:false,&quot;map_starts_in_streetview&quot;:false,&quot;map_starts_in_streetview_location&quot;:&quot;&quot;,&quot;map_starts_in_streetview_heading&quot;:&quot;&quot;,&quot;map_starts_in_streetview_pitch&quot;:&quot;&quot;,&quot;map_max_zoom&quot;:&quot;21&quot;,&quot;map_min_zoom&quot;:&quot;0&quot;,&quot;hide_point_of_interest&quot;:false,&quot;retina&quot;:false,&quot;disable_lightbox_images&quot;:false,&quot;use_Raw_Jpeg_Coordinates&quot;:false,&quot;enable_map_reset_control&quot;:false,&quot;zoom_level_mobile_override_enabled&quot;:false,&quot;zoom_level_mobile_override&quot;:&quot;&quot;,&quot;map_dimensions_mobile_override_enabled&quot;:false,&quot;map_mobile_width&quot;:&quot;100&quot;,&quot;map_mobile_width_type&quot;:&quot;%&quot;,&quot;map_mobile_height&quot;:&quot;200&quot;,&quot;map_mobile_height_type&quot;:&quot;px&quot;,&quot;enable_advanced_custom_fields_integration&quot;:false,&quot;enable_advanced_custom_fields_integration_type&quot;:&quot;&quot;,&quot;enable_toolset_woocommerce_integration&quot;:false,&quot;enable_woo_product_integration&quot;:false,&quot;lazyload_info_window_content&quot;:false,&quot;only_load_markers_within_viewport&quot;:false,&quot;enable_filter_custom_field_7&quot;:false,&quot;wpgmza_iw_type&quot;:&quot;0&quot;,&quot;id&quot;:5}\" ><\/div><div class=\"wpgmza-standalone-component wpgmza-auto-left\" style=\"width:100%; max-width:100%;\" ><div data-wpgmza-table data-wpgmza-php-class=\"WPGMZA\\MarkerListing\\BasicTable\" data-wpgmza-rest-api-route=\"\/marker-listing\/\" data-wpgmza-marker-listing=\"true\" class=\"wpgmza_marker_list_class\" style=\"width:100%;\" data-wpgmza-ajax-parameters='{\"map_id\":5}' id=\"wpgmza_marker_list_5\"><\/div><\/div><\/div>\n","protected":false},"excerpt":{"rendered":"<p>Cette carte est votre outil de r\u00e9f\u00e9rence pour naviguer dans le secteur des services aux personnes immigrantes et r\u00e9fugi\u00e9es au&#8230;<\/p>\n","protected":false},"author":3,"featured_media":8002,"parent":573,"menu_order":0,"comment_status":"closed","ping_status":"closed","template":"","meta":{"_acf_changed":false,"_EventAllDay":false,"_EventTimezone":"","_EventStartDate":"","_EventEndDate":"","_EventStartDateUTC":"","_EventEndDateUTC":"","_EventShowMap":false,"_EventShowMapLink":false,"_EventURL":"","_EventCost":"","_EventCostDescription":"","_EventCurrencySymbol":"","_EventCurrencyCode":"","_EventCurrencyPosition":"","_EventDateTimeSeparator":"","_EventTimeRangeSeparator":"","_EventOrganizerID":[],"_EventVenueID":[],"_OrganizerEmail":"","_OrganizerPhone":"","_OrganizerWebsite":"","_VenueAddress":"","_VenueCity":"","_VenueCountry":"","_VenueProvince":"","_VenueState":"","_VenueZip":"","_VenuePhone":"","_VenueURL":"","_VenueStateProvince":"","_VenueLat":"","_VenueLng":"","_VenueShowMap":false,"_VenueShowMapLink":false,"footnotes":""},"class_list":["post-7972","page","type-page","status-publish","has-post-thumbnail","hentry"],"acf":[],"_links":{"self":[{"href":"https:\/\/araisa.ca\/fr\/wp-json\/wp\/v2\/pages\/7972","targetHints":{"allow":["GET"]}}],"collection":[{"href":"https:\/\/araisa.ca\/fr\/wp-json\/wp\/v2\/pages"}],"about":[{"href":"https:\/\/araisa.ca\/fr\/wp-json\/wp\/v2\/types\/page"}],"author":[{"embeddable":true,"href":"https:\/\/araisa.ca\/fr\/wp-json\/wp\/v2\/users\/3"}],"replies":[{"embeddable":true,"href":"https:\/\/araisa.ca\/fr\/wp-json\/wp\/v2\/comments?post=7972"}],"version-history":[{"count":0,"href":"https:\/\/araisa.ca\/fr\/wp-json\/wp\/v2\/pages\/7972\/revisions"}],"up":[{"embeddable":true,"href":"https:\/\/araisa.ca\/fr\/wp-json\/wp\/v2\/pages\/573"}],"wp:featuredmedia":[{"embeddable":true,"href":"https:\/\/araisa.ca\/fr\/wp-json\/wp\/v2\/media\/8002"}],"wp:attachment":[{"href":"https:\/\/araisa.ca\/fr\/wp-json\/wp\/v2\/media?parent=7972"}],"curies":[{"name":"wp","href":"https:\/\/api.w.org\/{rel}","templated":true}]}}