{"id":8063,"date":"2026-03-23T15:40:53","date_gmt":"2026-03-23T18:40:53","guid":{"rendered":"https:\/\/araisa.ca\/formations\/webinaires\/utiliser-les-donnees-pour-renforcer-les-propositions-de-financement\/"},"modified":"2026-03-25T17:30:33","modified_gmt":"2026-03-25T20:30:33","slug":"utiliser-les-donnees-pour-renforcer-les-propositions-de-financement","status":"publish","type":"page","link":"https:\/\/araisa.ca\/fr\/formations\/webinaires\/utiliser-les-donnees-pour-renforcer-les-propositions-de-financement\/","title":{"rendered":"Utiliser les donn\u00e9es pour renforcer les propositions de financement"},"content":{"rendered":"\n<div class=\"wp-block-group has-global-padding is-layout-constrained wp-block-group-is-layout-constrained\">\n<p class=\"has-text-align-center\">Ce webinaire explore la mani\u00e8re dont les fournisseurs de services peuvent utiliser les donn\u00e9es pour r\u00e9diger des propositions de financement fond\u00e9es sur des donn\u00e9es probantes.<\/p>\n\n\n\n<figure class=\"wp-block-image alignwide size-full\"><img loading=\"lazy\" decoding=\"async\" width=\"2560\" height=\"1349\" src=\"https:\/\/araisa.ca\/wp-content\/uploads\/2026\/03\/Data-for-Funding-Webinar_March2026_Website-Banner-scaled.png\" alt=\"\" class=\"wp-image-8056\" srcset=\"https:\/\/araisa.ca\/wp-content\/uploads\/2026\/03\/Data-for-Funding-Webinar_March2026_Website-Banner-scaled.png 2560w, https:\/\/araisa.ca\/wp-content\/uploads\/2026\/03\/Data-for-Funding-Webinar_March2026_Website-Banner-300x158.png 300w, https:\/\/araisa.ca\/wp-content\/uploads\/2026\/03\/Data-for-Funding-Webinar_March2026_Website-Banner-1024x540.png 1024w, https:\/\/araisa.ca\/wp-content\/uploads\/2026\/03\/Data-for-Funding-Webinar_March2026_Website-Banner-768x405.png 768w, https:\/\/araisa.ca\/wp-content\/uploads\/2026\/03\/Data-for-Funding-Webinar_March2026_Website-Banner-1536x810.png 1536w, https:\/\/araisa.ca\/wp-content\/uploads\/2026\/03\/Data-for-Funding-Webinar_March2026_Website-Banner-2048x1079.png 2048w\" sizes=\"auto, (max-width: 2560px) 100vw, 2560px\" \/><\/figure>\n\n\n\n<div class=\"wp-block-columns alignwide is-layout-flex wp-container-core-columns-is-layout-28f84493 wp-block-columns-is-layout-flex\">\n<div class=\"wp-block-column is-layout-flow wp-block-column-is-layout-flow\" style=\"flex-basis:66.66%\">\n<h4 class=\"wp-block-heading has-medium-font-size\"><strong>5 mars 2026<\/strong><\/h4>\n\n\n\n<p style=\"margin-top:9px\">Les fournisseurs de services d&rsquo;\u00e9tablissement et d&rsquo;int\u00e9gration doivent s&rsquo;appuyer sur des donn\u00e9es probantes. Lorsqu&rsquo;ils r\u00e9digent des propositions de financement, les fournisseurs de services peuvent utiliser des donn\u00e9es pour d\u00e9montrer la n\u00e9cessit\u00e9 des services ainsi que l&rsquo;impact attendu pour les b\u00e9n\u00e9ficiaires et les communaut\u00e9s.  <\/p>\n\n\n\n<p style=\"margin-top:9px\">Ce webinaire aborde la structure des propositions de financement, les diff\u00e9rents types de donn\u00e9es, l&rsquo;utilisation des donn\u00e9es pour raconter des histoires, ainsi que d&rsquo;autres conseils et astuces.<\/p>\n\n\n\n<figure class=\"wp-block-embed is-type-video is-provider-youtube wp-block-embed-youtube wp-embed-aspect-16-9 wp-has-aspect-ratio\"><div class=\"wp-block-embed__wrapper\">\n<iframe loading=\"lazy\" title=\"Using Data to Strengthen Funding Proposals\" width=\"500\" height=\"281\" src=\"https:\/\/www.youtube.com\/embed\/zDcDuD_LEiw?feature=oembed\" frameborder=\"0\" allow=\"accelerometer; autoplay; clipboard-write; encrypted-media; gyroscope; picture-in-picture; web-share\" referrerpolicy=\"strict-origin-when-cross-origin\" allowfullscreen><\/iframe>\n<\/div><\/figure>\n\n\n\n<p>Vous pouvez t\u00e9l\u00e9charger la pr\u00e9sentation <a href=\"https:\/\/araisa.ca\/wp-content\/uploads\/2026\/03\/Slide-deck-FR.pdf\" target=\"_blank\" rel=\"noreferrer noopener\">ici.<\/a><\/p>\n\n\n\n<div style=\"height:30px\" aria-hidden=\"true\" class=\"wp-block-spacer\"><\/div>\n\n\n\n<hr class=\"wp-block-separator has-alpha-channel-opacity\"\/>\n\n\n\n<div style=\"height:0px\" aria-hidden=\"true\" class=\"wp-block-spacer\"><\/div>\n\n\n\n<h3 class=\"wp-block-heading\">\u00c0 propos des sp\u00e9cialistes<\/h3>\n\n\n\n<div class=\"wp-block-media-text is-stacked-on-mobile is-vertically-aligned-center\" style=\"grid-template-columns:20% auto\"><figure class=\"wp-block-media-text__media\"><img loading=\"lazy\" decoding=\"async\" width=\"600\" height=\"600\" src=\"https:\/\/araisa.ca\/wp-content\/uploads\/2024\/03\/jason_chalmers.jpg\" alt=\"\" class=\"wp-image-3786 size-full\" srcset=\"https:\/\/araisa.ca\/wp-content\/uploads\/2024\/03\/jason_chalmers.jpg 600w, https:\/\/araisa.ca\/wp-content\/uploads\/2024\/03\/jason_chalmers-300x300.jpg 300w, https:\/\/araisa.ca\/wp-content\/uploads\/2024\/03\/jason_chalmers-150x150.jpg 150w\" sizes=\"auto, (max-width: 600px) 100vw, 600px\" \/><\/figure><div class=\"wp-block-media-text__content\">\n<h2 class=\"wp-block-heading has-tc-red-color has-text-color has-link-color has-large-font-size wp-elements-cabab62c16939887760fb26beb8b5c7f\" style=\"margin-top:27px;margin-bottom:4px\">Jason Chalmers, ARAISA<\/h2>\n\n\n\n<p class=\"has-tc-blue-color has-text-color has-link-color wp-elements-c64d0136f8900afecfe26f20c1148191\" style=\"margin-top:0px;font-size:18px\">Jason Chalmers est titulaire d&rsquo;un doctorat en sociologie de l&rsquo;Universit\u00e9 de l&rsquo;Alberta et a \u00e9t\u00e9 boursier postdoctoral \u00e0 l&rsquo;\u00c9cole des affaires publiques et communautaires de l&rsquo;Universit\u00e9 Concordia. En tant que chercheur interdisciplinaire, Jason s&rsquo;appuie sur diverses m\u00e9thodologies et est particuli\u00e8rement inspir\u00e9 par les pratiques cr\u00e9atives et communautaires. Ses recherches portent sur l&rsquo;histoire de l&rsquo;immigration au Canada, les relations entre les autochtones et les colons, et les in\u00e9galit\u00e9s sociales.  <\/p>\n\n\n\n<p class=\"has-tc-blue-color has-text-color has-link-color wp-elements-24f892c3fe1c5597af5d8578b19b34fa\" style=\"margin-top:0px;font-size:18px\">Vous pouvez contacter Jason \u00e0 l&rsquo;adresse suivante : jchalmers@araisa.ca<\/p>\n<\/div><\/div>\n\n\n\n<div class=\"wp-block-media-text is-stacked-on-mobile is-vertically-aligned-center\" style=\"grid-template-columns:20% auto\"><figure class=\"wp-block-media-text__media\"><img loading=\"lazy\" decoding=\"async\" width=\"1000\" height=\"1000\" src=\"https:\/\/araisa.ca\/wp-content\/uploads\/2026\/03\/photo-roxana-fazli.png\" alt=\"\" class=\"wp-image-8084 size-full\" srcset=\"https:\/\/araisa.ca\/wp-content\/uploads\/2026\/03\/photo-roxana-fazli.png 1000w, https:\/\/araisa.ca\/wp-content\/uploads\/2026\/03\/photo-roxana-fazli-300x300.png 300w, https:\/\/araisa.ca\/wp-content\/uploads\/2026\/03\/photo-roxana-fazli-150x150.png 150w, https:\/\/araisa.ca\/wp-content\/uploads\/2026\/03\/photo-roxana-fazli-768x768.png 768w\" sizes=\"auto, (max-width: 1000px) 100vw, 1000px\" \/><\/figure><div class=\"wp-block-media-text__content\">\n<h2 class=\"wp-block-heading has-tc-red-color has-text-color has-link-color has-large-font-size wp-elements-a99fc2434befab34dbe35f8f5e1ef363\" style=\"margin-top:27px;margin-bottom:4px\">Roxana Fazli, Expertise Hub Cooperative<\/h2>\n\n\n\n<p class=\"has-tc-blue-color has-text-color has-link-color wp-elements-9775f3aa0fcc6b39cd3e9f0ee5ae31ed\" style=\"margin-top:0px;font-size:18px\">Roxana Fazli est cofondatrice et directrice g\u00e9n\u00e9rale d&rsquo;Expertise Hub Cooperative, une entreprise sociale d\u00e9tenue par ses membres qui favorise l&rsquo;int\u00e9gration sur le march\u00e9 du travail des personnes form\u00e9es \u00e0 l&rsquo;\u00e9tranger. Elle est \u00e9tudiante en doctorat de sociologie \u00e0 l&rsquo;Universit\u00e9 Memorial, apportant une perspective interdisciplinaire au d\u00e9veloppement de la main-d&rsquo;\u0153uvre, \u00e0 l&rsquo;\u00e9quit\u00e9 et au changement des syst\u00e8mes. Ses travaux portent sur la reconnaissance des dipl\u00f4mes \u00e9trangers, la conception d&rsquo;un march\u00e9 du travail inclusif et l&rsquo;\u00e9conomie sociale et solidaire comme moyen de transformer les r\u00e9sultats des personnes immigrantes en mati\u00e8re d&#8217;emploi. Elle a \u00e9t\u00e9 reconnue pour son leadership et son impact, notamment en \u00e9tant nomm\u00e9e coop\u00e9ratrice \u00e9toile de l&rsquo;ann\u00e9e par la F\u00e9d\u00e9ration des coop\u00e9ratives de Terre-Neuve-et-Labrador au cours de l&rsquo;Ann\u00e9e internationale des coop\u00e9ratives, ainsi que pour ses contributions \u00e0 l&rsquo;avancement de l&rsquo;\u00e9quit\u00e9 au travail.   <\/p>\n<\/div><\/div>\n<\/div>\n\n\n\n<div class=\"wp-block-column is-layout-flow wp-block-column-is-layout-flow\" style=\"flex-basis:33.33%\"><\/div>\n<\/div>\n<\/div>\n","protected":false},"excerpt":{"rendered":"Ce webinaire explore la mani\u00e8re dont les fournisseurs de services peuvent utiliser les donn\u00e9es pour r\u00e9diger des propositions de financement\u2026","protected":false},"author":155,"featured_media":8055,"parent":610,"menu_order":0,"comment_status":"closed","ping_status":"closed","template":"","meta":{"_acf_changed":true,"_EventAllDay":false,"_EventTimezone":"","_EventStartDate":"","_EventEndDate":"","_EventStartDateUTC":"","_EventEndDateUTC":"","_EventShowMap":false,"_EventShowMapLink":false,"_EventURL":"","_EventCost":"","_EventCostDescription":"","_EventCurrencySymbol":"","_EventCurrencyCode":"","_EventCurrencyPosition":"","_EventDateTimeSeparator":"","_EventTimeRangeSeparator":"","_EventOrganizerID":[],"_EventVenueID":[],"_OrganizerEmail":"","_OrganizerPhone":"","_OrganizerWebsite":"","_VenueAddress":"","_VenueCity":"","_VenueCountry":"","_VenueProvince":"","_VenueState":"","_VenueZip":"","_VenuePhone":"","_VenueURL":"","_VenueStateProvince":"","_VenueLat":"","_VenueLng":"","_VenueShowMap":false,"_VenueShowMapLink":false,"footnotes":""},"class_list":["post-8063","page","type-page","status-publish","has-post-thumbnail","hentry"],"acf":[],"_links":{"self":[{"href":"https:\/\/araisa.ca\/fr\/wp-json\/wp\/v2\/pages\/8063","targetHints":{"allow":["GET"]}}],"collection":[{"href":"https:\/\/araisa.ca\/fr\/wp-json\/wp\/v2\/pages"}],"about":[{"href":"https:\/\/araisa.ca\/fr\/wp-json\/wp\/v2\/types\/page"}],"author":[{"embeddable":true,"href":"https:\/\/araisa.ca\/fr\/wp-json\/wp\/v2\/users\/155"}],"replies":[{"embeddable":true,"href":"https:\/\/araisa.ca\/fr\/wp-json\/wp\/v2\/comments?post=8063"}],"version-history":[{"count":0,"href":"https:\/\/araisa.ca\/fr\/wp-json\/wp\/v2\/pages\/8063\/revisions"}],"up":[{"embeddable":true,"href":"https:\/\/araisa.ca\/fr\/wp-json\/wp\/v2\/pages\/610"}],"wp:featuredmedia":[{"embeddable":true,"href":"https:\/\/araisa.ca\/fr\/wp-json\/wp\/v2\/media\/8055"}],"wp:attachment":[{"href":"https:\/\/araisa.ca\/fr\/wp-json\/wp\/v2\/media?parent=8063"}],"curies":[{"name":"wp","href":"https:\/\/api.w.org\/{rel}","templated":true}]}}